{"id":959,"date":"2023-07-10T16:28:35","date_gmt":"2023-07-10T07:28:35","guid":{"rendered":"https:\/\/moldefeat.com\/vn\/?page_id=959"},"modified":"2023-09-15T10:25:15","modified_gmt":"2023-09-15T01:25:15","slug":"remove-formaldehyde-2","status":"publish","type":"page","link":"https:\/\/moldefeat.com\/vn\/remove-formaldehyde-2\/","title":{"rendered":"L\u00e0m th\u1ebf n\u00e0o \u0111\u1ec3 lo\u1ea1i b\u1ecf formaldehyde?"},"content":{"rendered":"\n<p style=\"font-size:1.2rem\">Trong n\u1ed9i dung n\u00e0y, b\u1ea1n c\u00f3 th\u1ec3 t\u00ecm hi\u1ec3u c\u00f4ng ngh\u1ec7 lo\u1ea1i b\u1ecf formaldehyde c\u1ee7a ch\u00fang t\u00f4i v\u00e0 xem n\u00f3 ho\u1ea1t \u0111\u1ed9ng nh\u01b0 th\u1ebf n\u00e0o.<\/p>\n\n\n\n<h3 class=\"wp-block-heading\">C\u00f4ng ngh\u1ec7 \u0111\u1ed9c quy\u1ec1n (1) C\u01a1 c\u1ea5u nguy\u00ean li\u1ec7u<\/h3>\n\n\n\n<p style=\"font-size:1.2rem\">\u0110\u1ea7u ti\u00ean, c\u00f4ng ngh\u1ec7 \u0111\u1ed9c \u0111\u00e1o nh\u1ea5t l\u00e0 c\u1ea5u tr\u00fac c\u1ee7a nguy\u00ean li\u1ec7u ch\u00ednh.<br>Th\u00e0nh ph\u1ea7n ch\u00ednh c\u1ee7a Moldefite l\u00e0 \"Silica\".Tuy nhi\u00ean, n\u00f3 kh\u00f4ng ch\u1ec9 l\u00e0 m\u1ed9t Silica.<br>N\u00f3 \u0111\u01b0\u1ee3c s\u1ea3n xu\u1ea5t b\u1eb1ng c\u00e1ch k\u1ebft h\u1ee3p ch\u1ea5t c\u00f3 ch\u1ee9a nh\u00f3m amino \u0111\u1eb7c bi\u1ec7t v\u00e0 ti\u1ec1n ch\u1ea5t silica b\u1eb1ng ph\u01b0\u01a1ng ph\u00e1p ri\u00eang c\u1ee7a ch\u00fang t\u00f4i.<\/p>\n\n\n\n<div class=\"wp-block-media-text alignwide is-stacked-on-mobile\" style=\"grid-template-columns:62% auto\"><figure class=\"wp-block-media-text__media\"><img loading=\"lazy\" decoding=\"async\" width=\"1049\" height=\"597\" src=\"https:\/\/moldefeat.com\/vn\/wp-content\/uploads\/\u6210\u5206\u69cb\u9020.jpg\" alt=\"Formaldehyde removal function\" class=\"wp-image-960 size-full\" srcset=\"https:\/\/moldefeat.com\/vn\/wp-content\/uploads\/\u6210\u5206\u69cb\u9020.jpg 1049w, https:\/\/moldefeat.com\/vn\/wp-content\/uploads\/\u6210\u5206\u69cb\u9020-600x341.jpg 600w, https:\/\/moldefeat.com\/vn\/wp-content\/uploads\/\u6210\u5206\u69cb\u9020-768x437.jpg 768w\" sizes=\"auto, (max-width: 1049px) 100vw, 1049px\" \/><\/figure><div class=\"wp-block-media-text__content\">\n<p class=\"vk_block-margin-sm--margin-top\" style=\"font-size:1.2rem\">\u0110\u00e2y l\u00e0 b\u1ea3n v\u1ebd ph\u00f3ng to c\u1ee7a Silica. To\u00e0n b\u1ed9 b\u1ec1 m\u1eb7t silica (SiO2) \u0111\u01b0\u1ee3c x\u1eed l\u00fd b\u1eb1ng c\u00e1c nh\u00f3m amin (NH2) b\u1eb1ng c\u00f4ng ngh\u1ec7 \u0111\u1ed9c \u0111\u00e1o c\u1ee7a ch\u00fang t\u00f4i.<\/p>\n\n\n\n<p class=\"vk_block-margin-sm--margin-top\" style=\"font-size:1.2rem\">C\u1ea5u tr\u00fac nguy\u00ean li\u1ec7u \u0111\u1eb7c bi\u1ec7t n\u00e0y cho ph\u00e9p c\u00e1c nh\u00f3m aldehyde \u0111\u01b0\u1ee3c h\u1ea5p ph\u1ee5 v\u00e0o silica.V\u00e0 c\u00f3 th\u1ec3 lo\u1ea1i b\u1ecf m\u1ea1nh formaldehyde trong kh\u00f4ng kh\u00ed.<\/p>\n<\/div><\/div>\n\n\n\n<div style=\"height:95px\" aria-hidden=\"true\" class=\"wp-block-spacer\"><\/div>\n\n\n\n<h3 class=\"wp-block-heading\">C\u00f4ng ngh\u1ec7 \u0111\u1ed9c \u0111\u00e1o\u2461 C\u1ea5u tr\u00fac h\u1ea5p ph\u1ee5<\/h3>\n\n\n\n<p style=\"font-size:1.2rem\">Th\u1ee9 c\u1ea5p, Moldefeat c\u00f3 c\u1ea5u tr\u00fac h\u1ea5p ph\u1ee5 r\u1ea5t \u0111\u1ed9c \u0111\u00e1o.<\/p>\n\n\n\n<p style=\"font-size:1.2rem\">Moldefeat h\u1ea5p th\u1ee5 m\u1ed9t l\u01b0\u1ee3ng l\u1edbn formaldehyde trong m\u1ed9t l\u1edbp ph\u1ee7 duy nh\u1ea5t.<br>T\u1ea1i sao c\u00f3 th\u1ec3?<\/p>\n\n\n\n<p style=\"font-size:1.2rem\">Xem \u1ea3nh ngo\u00e0i c\u00f9ng b\u00ean ph\u1ea3i b\u00ean d\u01b0\u1edbi. D\u01b0\u1edbi \u0111\u00e2y l\u00e0 h\u00ecnh \u1ea3nh ph\u00f3ng to c\u1ee7a b\u1ec1 m\u1eb7t ph\u1ee7 moldefite. C\u00f3 th\u1ec3 th\u1ea5y r\u1eb1ng c\u00e1c vi tinh th\u1ec3 h\u00ecnh kim k\u00e9o d\u00e0i bao ph\u1ee7 \u0111\u1ec1u b\u1ec1 m\u1eb7t \u0111\u01b0\u1ee3c ph\u1ee7.<\/p>\n\n\n\n<figure class=\"wp-block-image size-full\"><img loading=\"lazy\" decoding=\"async\" width=\"1170\" height=\"709\" src=\"https:\/\/moldefeat.com\/vn\/wp-content\/uploads\/\u6280\u8853\u69cb\u9020.jpg\" alt=\"formaldehyde removal mechanism\" class=\"wp-image-965\" srcset=\"https:\/\/moldefeat.com\/vn\/wp-content\/uploads\/\u6280\u8853\u69cb\u9020.jpg 1170w, https:\/\/moldefeat.com\/vn\/wp-content\/uploads\/\u6280\u8853\u69cb\u9020-600x364.jpg 600w, https:\/\/moldefeat.com\/vn\/wp-content\/uploads\/\u6280\u8853\u69cb\u9020-768x465.jpg 768w\" sizes=\"auto, (max-width: 1170px) 100vw, 1170px\" \/><\/figure>\n\n\n\n<p><\/p>\n\n\n\n<p><\/p>\n\n\n\n<p style=\"font-size:1.2rem\">C\u00f3 t\u1edbi <strong>400 tri\u1ec7u<\/strong> th\u00e0nh ph\u1ea7n silica gi\u1ed1ng nh\u01b0 kim pha l\u00ea \u0111\u01b0\u1ee3c s\u1ea3n xu\u1ea5t tr\u00ean m\u1ed7i centimet vu\u00f4ng!<\/p>\n\n\n\n<p style=\"font-size:1.2rem\"><br>V\u00ec b\u1ec1 m\u1eb7t \u0111\u01b0\u1ee3c bao ph\u1ee7 ho\u00e0n to\u00e0n b\u1edfi c\u00e1c th\u00e0nh ph\u1ea7n silica n\u00ean di\u1ec7n t\u00edch b\u1ec1 m\u1eb7t ri\u00eang l\u1edbn h\u01a1n kho\u1ea3ng 20 l\u1ea7n so v\u1edbi b\u1ec1 m\u1eb7t ph\u1eb3ng. Do \u0111\u00f3, n\u00f3 c\u00f3 th\u1ec3 h\u1ea5p th\u1ee5 m\u1ed9t l\u01b0\u1ee3ng l\u1edbn formaldehyde c\u00f9ng m\u1ed9t l\u00fac.<\/p>\n\n\n<div class=\"wp-block-image\">\n<figure class=\"aligncenter size-full\"><img loading=\"lazy\" decoding=\"async\" width=\"920\" height=\"552\" src=\"https:\/\/moldefeat.com\/vn\/wp-content\/uploads\/\u6bd4\u8868\u9762\u7a4d.jpg\" alt=\"Lo\u1ea1i b\u1ecf m\u1ed9t l\u01b0\u1ee3ng l\u1edbn formaldehyde\" class=\"wp-image-966\" srcset=\"https:\/\/moldefeat.com\/vn\/wp-content\/uploads\/\u6bd4\u8868\u9762\u7a4d.jpg 920w, https:\/\/moldefeat.com\/vn\/wp-content\/uploads\/\u6bd4\u8868\u9762\u7a4d-600x360.jpg 600w, https:\/\/moldefeat.com\/vn\/wp-content\/uploads\/\u6bd4\u8868\u9762\u7a4d-768x461.jpg 768w\" sizes=\"auto, (max-width: 920px) 100vw, 920px\" \/><\/figure>\n<\/div>\n\n\n<p style=\"font-size:1.2rem\"><\/p>\n\n\n\n<p><\/p>\n\n\n\n<div class=\"wp-block-vk-blocks-button vk_button vk_button-color-custom vk_button-align-wide\"><a href=\"https:\/\/moldefeat.com\/vn\/remove-formaldehyde\/\" class=\"vk_button_link btn has-text-color is-style-outline has-vk-color-primary-color btn-lg\" role=\"button\" aria-pressed=\"true\" rel=\"noopener\"><div class=\"vk_button_link_caption\"><span class=\"vk_button_link_txt\">T\u1edbi trang s\u1ea3n ph\u1ea9m\u3000\u2192<\/span><\/div><\/a><\/div>\n","protected":false},"excerpt":{"rendered":"<p>Trong n\u1ed9i dung n\u00e0y, b\u1ea1n c\u00f3 th\u1ec3 t\u00ecm hi\u1ec3u c\u00f4ng ngh\u1ec7 lo\u1ea1i b\u1ecf formaldehyde c\u1ee7a ch\u00fang t\u00f4i v\u00e0 xem n\u00f3 ho\u1ea1t \u0111\u1ed9ng nh\u01b0 t [&hellip;]<\/p>\n","protected":false},"author":3,"featured_media":0,"parent":0,"menu_order":0,"comment_status":"closed","ping_status":"closed","template":"","meta":{"vkexunit_cta_each_option":"","footnotes":""},"class_list":["post-959","page","type-page","status-publish","hentry"],"aioseo_notices":[],"_links":{"self":[{"href":"https:\/\/moldefeat.com\/vn\/wp-json\/wp\/v2\/pages\/959","targetHints":{"allow":["GET"]}}],"collection":[{"href":"https:\/\/moldefeat.com\/vn\/wp-json\/wp\/v2\/pages"}],"about":[{"href":"https:\/\/moldefeat.com\/vn\/wp-json\/wp\/v2\/types\/page"}],"author":[{"embeddable":true,"href":"https:\/\/moldefeat.com\/vn\/wp-json\/wp\/v2\/users\/3"}],"replies":[{"embeddable":true,"href":"https:\/\/moldefeat.com\/vn\/wp-json\/wp\/v2\/comments?post=959"}],"version-history":[{"count":8,"href":"https:\/\/moldefeat.com\/vn\/wp-json\/wp\/v2\/pages\/959\/revisions"}],"predecessor-version":[{"id":1011,"href":"https:\/\/moldefeat.com\/vn\/wp-json\/wp\/v2\/pages\/959\/revisions\/1011"}],"wp:attachment":[{"href":"https:\/\/moldefeat.com\/vn\/wp-json\/wp\/v2\/media?parent=959"}],"curies":[{"name":"wp","href":"https:\/\/api.w.org\/{rel}","templated":true}]}}