{"id":939,"date":"2023-07-10T16:30:28","date_gmt":"2023-07-10T07:30:28","guid":{"rendered":"https:\/\/moldefeat.com\/vn\/?page_id=939"},"modified":"2024-12-10T18:18:42","modified_gmt":"2024-12-10T09:18:42","slug":"trang-chinh","status":"publish","type":"page","link":"https:\/\/moldefeat.com\/vn\/","title":{"rendered":"Trang ch\u00ednh"},"content":{"rendered":"\n<div class=\"wp-block-cover alignfull is-light\"><span aria-hidden=\"true\" class=\"wp-block-cover__background has-white-background-color has-background-dim-60 has-background-dim\"><\/span><img decoding=\"async\" class=\"wp-block-cover__image-background wp-image-1054\" alt=\"\" src=\"https:\/\/moldefeat.com\/en\/wp-content\/uploads\/\uff11\u6bb5\u843d\u76ee\u80cc\u666f\u753b\u50cf2.jpg\" data-object-fit=\"cover\"\/><div class=\"wp-block-cover__inner-container is-layout-flow wp-block-cover-is-layout-flow\">\n<h1 class=\"wp-block-heading has-text-align-center\">D\u1eabn \u0111\u1ebfn th\u1ebf gi\u1edbi kh\u1ecfe m\u1ea1nh<\/h1>\n\n\n\n<p class=\"has-text-align-center\" style=\"font-size:1.2rem\">V\u00e0o th\u00e1ng 2 n\u0103m 2006. Ch\u00fang t\u00f4i \u0111\u00e3 th\u00e0nh c\u00f4ng trong vi\u1ec7c ph\u00e1t tri\u1ec3n m\u1ed9t l\u1edbp ph\u1ee7 lo\u1ea1i b\u1ecf formaldehyde MOLDEFEAT.<br>Kh\u00e1ch h\u00e0ng \u0111\u1ea7u ti\u00ean c\u1ee7a ch\u00fang t\u00f4i \u0111\u00e3 ph\u1ea3i v\u1eadt l\u1ed9n v\u1edbi h\u1ed9i ch\u1ee9ng \u1ed1m y\u1ebfu v\u00e0 s\u1ee9c kh\u1ecfe k\u00e9m do kh\u00ed th\u1ea3i formaldehyde trong nh\u00e0 trong m\u1ed9t th\u1eddi gian d\u00e0i, v\u00e0 Moldefeat l\u00e0 gi\u1ea3i ph\u00e1p ho\u00e0n h\u1ea3o cho h\u1ecd.<\/p>\n\n\n\n<p class=\"has-text-align-center\" style=\"font-size:1.2rem\">Ch\u00fang t\u00f4i ti\u1ebfp t\u1ee5c cung c\u1ea5p MOLDEFEAT tr\u00ean to\u00e0n th\u1ebf gi\u1edbi v\u00e0 c\u1ed1 g\u1eafng b\u1ea3o v\u1ec7 ch\u1ed1ng l\u1ea1i t\u00e1c h\u1ea1i v\u1ec1 s\u1ee9c kh\u1ecfe do ph\u00e1t th\u1ea3i formaldehyde.<\/p>\n\n\n\n<div class=\"wp-block-vk-blocks-button vk_button vk_button-color-custom vk_button-align-wide\"><a href=\"https:\/\/moldefeat.com\/vn\/sickbuildingsyndrome\/\" class=\"vk_button_link btn has-text-color is-style-outline has-vivid-cyan-blue-color btn-lg\" role=\"button\" aria-pressed=\"true\" rel=\"noopener\"><div class=\"vk_button_link_caption\"><span class=\"vk_button_link_txt\">H\u1ed9i ch\u1ee9ng t\u00f2a nh\u00e0 b\u1ecb b\u1ec7nh l\u00e0 g\u00ec?<\/span><\/div><\/a><\/div>\n<\/div><\/div>\n\n\n\n<p><\/p>\n\n\n\n<h2 class=\"wp-block-heading has-text-align-center has-white-background-color has-background\">Lo\u1ea1i b\u1ecf formaldehyde nhanh ch\u00f3ng v\u00e0 hi\u1ec7u qu\u1ea3.<\/h2>\n\n\n\n<div class=\"wp-block-columns is-layout-flex wp-container-core-columns-is-layout-9d6595d7 wp-block-columns-is-layout-flex\">\n<div class=\"wp-block-column is-layout-flow wp-block-column-is-layout-flow\">\n<p class=\"has-text-align-left\" style=\"font-size:1.2rem\">C\u00f3 r\u1ea5t nhi\u1ec1u s\u1ea3n ph\u1ea9m lo\u1ea1i b\u1ecf formaldehyde tr\u00ean th\u1ebf gi\u1edbi. Tuy nhi\u00ean, h\u1ea7u h\u1ebft c\u00e1c s\u1ea3n ph\u1ea9m \u0111\u1ec1u kh\u00f4ng th\u1ec3 hi\u1ec7n \u0111\u1ee7 t\u00e1c d\u1ee5ng \u1edf \u0111i\u1ec3m t\u00e1c d\u1ee5ng l\u00e2u d\u00e0i v\u00e0 t\u00e1c d\u1ee5ng nhanh.<\/p>\n\n\n\n<p class=\"has-text-align-left\" style=\"font-size:1.2rem\">Moldefeat, m\u1ed9t lo\u1ea1i s\u01a1n ph\u1ee7 lo\u1ea1i b\u1ecf formaldehyde, \u0111\u00e3 th\u00e0nh c\u00f4ng trong vi\u1ec7c \u0111\u1ea1t \u0111\u01b0\u1ee3c c\u1ea3 hi\u1ec7u qu\u1ea3 t\u1ee9c th\u1eddi v\u00e0 l\u00e2u d\u00e0i nh\u1edd c\u1ea3i ti\u1ebfn c\u00f4ng ngh\u1ec7 \u0111\u1ed9c \u0111\u00e1o.<\/p>\n\n\n\n<p style=\"font-size:1.2rem\">\u0110i\u1ec1u \u0111\u00f3 c\u00f3 ngh\u0129a l\u00e0 MOLDEFEAT c\u00f3 th\u1ec3 gi\u1ea3i quy\u1ebft c\u00e1c v\u1ea5n \u0111\u1ec1 s\u1ee9c kh\u1ecfe c\u1ee7a b\u1ea1n t\u1eeb h\u1ed9i ch\u1ee9ng nh\u00e0 cao t\u1ea7ng.<\/p>\n\n\n\n<div class=\"wp-block-vk-blocks-button vk_button vk_button-color-custom vk_button-align-block\"><a href=\"https:\/\/moldefeat.com\/vn\/remove-formaldehyde\" class=\"vk_button_link btn has-text-color is-style-outline has-vivid-cyan-blue-color btn-lg btn-block\" role=\"button\" aria-pressed=\"true\" rel=\"noopener\"><div class=\"vk_button_link_caption\"><span class=\"vk_button_link_txt\">T\u00ednh n\u0103ng c\u1ee7a Moldefeat<\/span><\/div><\/a><\/div>\n<\/div>\n\n\n\n<div class=\"wp-block-column is-layout-flow wp-block-column-is-layout-flow\">\n<figure class=\"wp-block-image size-full\"><img loading=\"lazy\" decoding=\"async\" width=\"640\" height=\"414\" src=\"https:\/\/moldefeat.com\/vn\/wp-content\/uploads\/living-room-modern-tv-gfd811cf02_640.jpg\" alt=\"No more formaldehyde\" class=\"wp-image-947\" srcset=\"https:\/\/moldefeat.com\/vn\/wp-content\/uploads\/living-room-modern-tv-gfd811cf02_640.jpg 640w, https:\/\/moldefeat.com\/vn\/wp-content\/uploads\/living-room-modern-tv-gfd811cf02_640-600x388.jpg 600w\" sizes=\"auto, (max-width: 640px) 100vw, 640px\" \/><\/figure>\n<\/div>\n<\/div>\n\n\n\n<div style=\"height:50px\" aria-hidden=\"true\" class=\"wp-block-spacer\"><\/div>\n\n\n\n<h2 class=\"wp-block-heading has-text-align-center\">Ch\u1ec9 m\u1ed9t c\u00f4ng ngh\u1ec7 t\u1eeb Nh\u1eadt B\u1ea3n<\/h2>\n\n\n\n<div class=\"wp-block-columns is-layout-flex wp-container-core-columns-is-layout-9d6595d7 wp-block-columns-is-layout-flex\">\n<div class=\"wp-block-column is-layout-flow wp-block-column-is-layout-flow\">\n<div class=\"wp-block-columns is-layout-flex wp-container-core-columns-is-layout-9d6595d7 wp-block-columns-is-layout-flex\">\n<div class=\"wp-block-column is-layout-flow wp-block-column-is-layout-flow\" style=\"flex-basis:550px\">\n<h3 class=\"wp-block-heading\">T\u1ea1i sao b\u1ea1n kh\u00f4ng s\u1eed d\u1ee5ng MOLDEFEAT?<\/h3>\n\n\n\n<p style=\"font-size:1.2rem\">T\u00ednh n\u0103ng tuy\u1ec7t v\u1eddi nh\u1ea5t c\u1ee7a Moldefeat l\u00e0 c\u1ea5u tr\u00fac c\u00f4ng ngh\u1ec7 c\u1ee7a ri\u00eang n\u00f3.<\/p>\n\n\n\n<p style=\"font-size:1.2rem\">Th\u00e0nh ph\u1ea7n th\u1ef1c s\u1ef1 lo\u1ea1i b\u1ecf formaldehyde l\u00e0 m\u1ed9t ch\u1ea5t g\u1ecdi l\u00e0 \"silica\".<\/p>\n\n\n\n<p style=\"font-size:1.2rem\">Tho\u1ea1t nh\u00ecn, Moldefeat ch\u1ec9 l\u00e0 m\u1ed9t ch\u1ea5t l\u1ecfng. Tuy nhi\u00ean, khi b\u1ea1n ph\u00f3ng to b\u1ec1 m\u1eb7t \u0111\u01b0\u1ee3c \u00e1p d\u1ee5ng, th\u00e0nh ph\u1ea7n silica c\u00f3 d\u1ea1ng t\u01b0\u01a1ng t\u1ef1 nh\u01b0 kim k\u1ebft tinh c\u1ef1c nh\u1ecf.<\/p>\n\n\n\n<p style=\"font-size:1.2rem\">H\u01a1n n\u1eefa, nh\u1eefng kim tinh th\u1ec3 m\u1ecbn n\u00e0y bao ph\u1ee7 r\u1ea5t d\u00e0y \u0111\u1eb7c tr\u00ean to\u00e0n b\u1ed9 b\u1ec1 m\u1eb7t \u0111\u01b0\u1ee3c ph\u1ee7.<\/p>\n\n\n\n<h3 class=\"wp-block-heading\">B\u00ed m\u1eadt c\u1ee7a MOLDEFEAT<\/h3>\n\n\n\n<p style=\"font-size:1.2rem\">B\u1ea1n c\u00f3 th\u1ec3 t\u01b0\u1edfng t\u01b0\u1ee3ng c\u00f3 bao nhi\u00eau silica h\u00ecnh th\u00e0nh ch\u1ec9 v\u1edbi m\u1ed9t l\u1ea7n x\u1ecbt kh\u00f4ng\uff1f\uff1f\uff1f<br>C\u00e2u tr\u1ea3 l\u1eddi l\u00e0\u00b7\u00b7\u00b7<\/p>\n\n\n\n<p class=\"has-large-font-size\"><strong>400 tri\u1ec7u \/ c\u33a1<\/strong><\/p>\n\n\n\n<p style=\"font-size:1.2rem\">M\u1ed7i th\u00e0nh ph\u1ea7n silica ri\u00eang l\u1ebb \u0111\u01b0\u1ee3c h\u1ea5p ph\u1ee5 ch\u1eb7t ch\u1ebd v\u00e0 tri\u1ec7t \u0111\u1ec3 v\u1edbi formaldehyde.<\/p>\n\n\n\n<p style=\"font-size:1.2rem\">C\u00f4ng ngh\u1ec7 n\u00e0y l\u00e0 l\u00fd do t\u1ea1i sao formaldehyde \u0111\u01b0\u1ee3c lo\u1ea1i b\u1ecf ngay l\u1eadp t\u1ee9c v\u00e0 hi\u1ec7u qu<\/p>\n\n\n\n<p style=\"font-size:1.2rem\">Ch\u1ec9 MOLDEFEAT m\u1edbi c\u00f3 th\u1ec3 t\u1ea1o ra c\u00f4ng ngh\u1ec7 k\u1ebft c\u1ea5u n\u00e0y.<\/p>\n<\/div>\n\n\n\n<div class=\"wp-block-column is-layout-flow wp-block-column-is-layout-flow\">\n<div class=\"wp-block-columns is-layout-flex wp-container-core-columns-is-layout-9d6595d7 wp-block-columns-is-layout-flex\">\n<div class=\"wp-block-column is-layout-flow wp-block-column-is-layout-flow\"><div class=\"wp-block-image\">\n<figure class=\"alignleft size-full\"><img decoding=\"async\" src=\"https:\/\/moldefeat.com\/en\/wp-content\/uploads\/\u7d50\u6676\u91dd1.jpg\" alt=\"Image photos: Expanding coated surface.\" class=\"wp-image-1138\"\/><figcaption class=\"wp-element-caption\">S\u01a1 \u0111\u1ed3 tham kh\u1ea3o: B\u1ec1 m\u1eb7t s\u01a1n ph\u00f3ng to<\/figcaption><\/figure>\n<\/div><\/div>\n<\/div>\n\n\n\n<div class=\"wp-block-columns are-vertically-aligned-center is-layout-flex wp-container-core-columns-is-layout-9d6595d7 wp-block-columns-is-layout-flex\">\n<div class=\"wp-block-column is-vertically-aligned-center is-layout-flow wp-block-column-is-layout-flow\" style=\"flex-basis:450px\">\n<figure class=\"wp-block-image size-full\"><img loading=\"lazy\" decoding=\"async\" width=\"422\" height=\"541\" src=\"https:\/\/moldefeat.com\/vn\/wp-content\/uploads\/TOP-\u7d50\u6676\u69cb\u9020.jpg\" alt=\"formaldehyde removal technology\" class=\"wp-image-952\"\/><figcaption class=\"wp-element-caption\">formaldehyde removal technology<\/figcaption><\/figure>\n<\/div>\n<\/div>\n<\/div>\n<\/div>\n<\/div>\n<\/div>\n\n\n\n<div class=\"wp-block-vk-blocks-button vk_button vk_button-color-custom vk_button-align-wide\"><a href=\"https:\/\/moldefeat.com\/vn\/lam-the-nao-de-loai-bo-formaldehyde\/\" class=\"vk_button_link btn has-text-color is-style-outline has-vivid-cyan-blue-color btn-lg\" role=\"button\" aria-pressed=\"true\" rel=\"noopener\"><div class=\"vk_button_link_caption\"><span class=\"vk_button_link_txt\">T\u00ecm hi\u1ec3u th\u00eam v\u1ec1 c\u00f4ng ngh\u1ec7<\/span><\/div><\/a><\/div>\n\n\n\n<div style=\"height:53px\" aria-hidden=\"true\" class=\"wp-block-spacer\"><\/div>\n\n\n\n<h2 class=\"wp-block-heading has-text-align-center\">V\u1ec1 \u0111\u1ed9 an to\u00e0n v\u00e0 \u0111\u1ed9 tin c\u1eady<\/h2>\n\n\n\n<div class=\"wp-block-columns is-layout-flex wp-container-core-columns-is-layout-9d6595d7 wp-block-columns-is-layout-flex\">\n<div class=\"wp-block-column is-layout-flow wp-block-column-is-layout-flow\">\n<p style=\"font-size:1.2rem\"><strong>\u2460<\/strong>S\u1ef1 an to\u00e0n<br>\"Moldefeat\" \u0111\u00e3 \u0111\u01b0\u1ee3c x\u00e1c nh\u1eadn l\u00e0 an to\u00e0n th\u00f4ng qua th\u1eed nghi\u1ec7m \u0111\u1ed9c t\u00ednh. Ch\u00fang t\u00f4i c\u0169ng \u0111\u00e3 x\u00e1c minh vi\u1ec7c kh\u00f4ng c\u00f3 ch\u1ea5t \u0111\u1ed9c h\u1ea1i th\u00f4ng qua ph\u00e2n t\u00edch t\u1ea1i Ph\u00f2ng th\u00ed nghi\u1ec7m Nghi\u00ean c\u1ee9u Th\u1ef1c ph\u1ea9m Nh\u1eadt B\u1ea3n.<br><\/p>\n<\/div>\n\n\n\n<div class=\"wp-block-column is-layout-flow wp-block-column-is-layout-flow\">\n<p style=\"font-size:1.2rem\"><strong>\u2461<\/strong>\u0111\u1ed9 tin c\u1eady<br>Moldefeat \u0111\u00e3 v\u01b0\u1ee3t qua th\u00e0nh c\u00f4ng c\u00e1c cu\u1ed9c \u0111\u00e1nh gi\u00e1 nghi\u00eam ng\u1eb7t v\u1ec1 ch\u1ea5t l\u01b0\u1ee3ng v\u00e0 s\u1ea3n ph\u1ea9m do T\u1ed5 ch\u1ee9c Ph\u00e1t tri\u1ec3n C\u00f4ng nghi\u1ec7p Li\u00ean H\u1ee3p Qu\u1ed1c (UNIDO) th\u1ef1c hi\u1ec7n v\u00e0 \u0111\u00e3 \u0111\u01b0\u1ee3c \u0111\u0103ng k\u00fd v\u1edbi \"STePP\" * c\u1ee7a UNIDO v\u00e0o th\u00e1ng 9 n\u0103m 2022 nh\u01b0 m\u1ed9t minh ch\u1ee9ng cho c\u00e1c s\u1ea3n ph\u1ea9m xu\u1ea5t s\u1eafc c\u1ee7a m\u00ecnh.<\/p>\n\n\n\n<p style=\"font-size:1.2rem\">*STePP: N\u00f3 l\u00e0 vi\u1ebft t\u1eaft c\u1ee7a \"N\u1ec1n t\u1ea3ng x\u00fac ti\u1ebfn c\u00f4ng ngh\u1ec7 b\u1ec1n v\u1eefng\", \u0111\u00f3ng vai tr\u00f2 l\u00e0 n\u1ec1n t\u1ea3ng th\u00fac \u0111\u1ea9y c\u00e1c c\u00f4ng ngh\u1ec7 n\u1ed5i b\u1eadt kh\u00e1c nhau c\u1ee7a Nh\u1eadt B\u1ea3n \u0111\u1ec3 h\u1ed7 tr\u1ee3 ph\u00e1t tri\u1ec3n c\u00f4ng nghi\u1ec7p b\u1ec1n v\u1eefng \u1edf c\u00e1c n\u01b0\u1edbc \u0111ang ph\u00e1t tri\u1ec3n v\u00e0 m\u1edbi n\u1ed5i.<\/p>\n<\/div>\n<\/div>\n\n\n\n<div class=\"wp-block-columns is-layout-flex wp-container-core-columns-is-layout-9d6595d7 wp-block-columns-is-layout-flex\">\n<div class=\"wp-block-column is-layout-flow wp-block-column-is-layout-flow\" style=\"flex-basis:100%\">\n<p style=\"font-size:1.2rem\"><\/p>\n\n\n\n<div class=\"wp-block-columns is-layout-flex wp-container-core-columns-is-layout-9d6595d7 wp-block-columns-is-layout-flex\">\n<div class=\"wp-block-column is-layout-flow wp-block-column-is-layout-flow\">\n<figure class=\"wp-block-image size-full is-resized\"><img decoding=\"async\" src=\"https:\/\/moldefeat.com\/wp-content\/uploads\/\u98df\u54c1\u5bb9\u5668\u8a66\u9a13.png\" alt=\"\" class=\"wp-image-804\" style=\"width:509px;height:720px\"\/><\/figure>\n<\/div>\n\n\n\n<div class=\"wp-block-column is-layout-flow wp-block-column-is-layout-flow\">\n<figure class=\"wp-block-image size-full is-resized is-style-default\"><img decoding=\"async\" src=\"https:\/\/moldefeat.com\/wp-content\/uploads\/STePP-e1664778484133.jpg\" alt=\"UNIDO ITPO TOKYO STePP\" class=\"wp-image-449\" style=\"width:601px;height:261px\"\/><\/figure>\n\n\n\n<p><\/p>\n\n\n\n<div class=\"wp-block-vk-blocks-button vk_button vk_button-color-custom vk_button-align-block\"><a href=\"https:\/\/itpo-tokyo.unido.org\/en\/technology_db\/10566\/\" class=\"vk_button_link btn has-text-color is-style-outline has-vivid-cyan-blue-color btn-lg btn-block\" role=\"button\" aria-pressed=\"true\" target=\"_blank\" rel=\"noopener\"><div class=\"vk_button_link_caption\"><span class=\"vk_button_link_txt\">Trang web: STePP (Trang s\u1ea3n ph\u1ea9m)<\/span><\/div><\/a><\/div>\n<\/div>\n<\/div>\n<\/div>\n<\/div>\n\n\n\n<p><\/p>\n\n\n\n<h2 class=\"wp-block-heading has-text-align-center\">Lo\u1ea1i b\u1ecf Formaldehyde, b\u1ea5t c\u1ee9 n\u01a1i n\u00e0o!<\/h2>\n\n\n\n<div class=\"wp-block-group is-content-justification-center is-nowrap is-layout-flex wp-container-core-group-is-layout-94bc23d7 wp-block-group-is-layout-flex\">\n<figure class=\"wp-block-image size-full\"><img loading=\"lazy\" decoding=\"async\" width=\"447\" height=\"302\" src=\"https:\/\/moldefeat.com\/vn\/wp-content\/uploads\/Living-room.TOP_.jpg\" alt=\"No more formaldehyde\" class=\"wp-image-949\"\/><\/figure>\n\n\n\n<figure class=\"wp-block-image size-full\"><img loading=\"lazy\" decoding=\"async\" width=\"447\" height=\"302\" src=\"https:\/\/moldefeat.com\/vn\/wp-content\/uploads\/\u5408\u677f\u5de5\u5834.jpg\" alt=\"Plywood manufacturer\" class=\"wp-image-950\"\/><\/figure>\n<\/div>\n\n\n\n<p><\/p>\n\n\n\n<p style=\"font-size:1.2rem\">Moldefeat c\u0169ng c\u00f3 th\u1ec3 \u0111\u01b0\u1ee3c \u00e1p d\u1ee5ng tr\u1ef1c ti\u1ebfp l\u00ean t\u01b0\u1eddng v\u00e0 \u0111\u1ed3 n\u1ed9i th\u1ea5t, ho\u1eb7c \u0111\u01b0\u1ee3c \u0111\u01b0a v\u00e0o quy tr\u00ecnh s\u1ea3n xu\u1ea5t c\u1ee7a c\u00e1c nh\u00e0 m\u00e1y s\u1ea3n xu\u1ea5t v\u00e1n \u00e9p v\u00e0 nh\u00e0 m\u00e1y s\u1ea3n xu\u1ea5t \u0111\u1ed3 n\u1ed9i th\u1ea5t b\u1eb1ng g\u1ed7.<\/p>\n\n\n\n<div class=\"wp-block-vk-blocks-button vk_button vk_button-color-custom vk_button-align-wide\"><a href=\"https:\/\/moldefeat.com\/vn\/application\/\" class=\"vk_button_link btn has-text-color is-style-outline has-vivid-cyan-blue-color btn-lg\" role=\"button\" aria-pressed=\"true\" rel=\"noopener\"><div class=\"vk_button_link_caption\"><span class=\"vk_button_link_txt\">\u0110\u1ebfn trang s\u1eed d\u1ee5ng \u2192<\/span><\/div><\/a><\/div>\n\n\n\n<div style=\"height:59px\" aria-hidden=\"true\" class=\"wp-block-spacer\"><\/div>\n\n\n\n<h2 class=\"wp-block-heading has-text-align-center\">Ch\u00fang t\u00f4i l\u00e0 \u0111\u1ed1i t\u00e1c \u0111\u00e1ng tin c\u1eady cho c\u00e1c bi\u1ec7n ph\u00e1p \u0111\u1ed1i ph\u00f3 v\u1edbi formaldehyde\uff01<\/h2>\n\n\n\n<p class=\"has-text-align-center\" style=\"font-size:1.2rem\">\"Moldefeat\" ra \u0111\u1eddi sau m\u1ed9t th\u1eddi gian d\u00e0i nghi\u00ean c\u1ee9u v\u00e0 ph\u00e1t tri\u1ec3n.<\/p>\n\n\n\n<p class=\"has-text-align-center\" style=\"font-size:1.2rem\">\"Get your Health back!!\" - We would like to provide the normal life, and health to people all over the world through Moldefeat. Please feel free to contact us, first!<\/p>\n\n\n\n<p class=\"has-text-align-center\" style=\"font-size:1.2rem\">L\u1ea5y l\u1ea1i s\u1ee9c kh\u1ecfe c\u1ee7a b\u1ea1n!!\" - Ch\u00fang t\u00f4i mu\u1ed1n mang l\u1ea1i cu\u1ed9c s\u1ed1ng b\u00ecnh th\u01b0\u1eddng v\u00e0 s\u1ee9c kh\u1ecfe cho m\u1ecdi ng\u01b0\u1eddi tr\u00ean kh\u1eafp th\u1ebf gi\u1edbi th\u00f4ng qua Moldefeat. Vui l\u00f2ng li\u00ean h\u1ec7 v\u1edbi ch\u00fang t\u00f4i tr\u01b0\u1edbc ti\u00ean!<\/p>\n\n\n\n<p class=\"has-text-align-center\"><a href=\"https:\/\/moldefeat.com\/en\/inquiry\/\"><\/a><\/p>\n\n\n\n<p class=\"has-text-align-center\"><\/p>\n\n\n\n<div class=\"wp-block-vk-blocks-button vk_button vk_button-color-custom vk_button-align-wide\"><a href=\"https:\/\/moldefeat.com\/vn\/cuoc-dieu-tra\/\" class=\"vk_button_link btn has-text-color is-style-outline has-vk-color-primary-color btn-lg\" role=\"button\" aria-pressed=\"true\" rel=\"noopener\"><div class=\"vk_button_link_caption\"><span class=\"vk_button_link_txt\">Li\u00ean h\u1ec7 <\/span><\/div><\/a><\/div>\n","protected":false},"excerpt":{"rendered":"<p>Lo\u1ea1i b\u1ecf formaldehyde nhanh ch\u00f3ng v\u00e0 hi\u1ec7u qu\u1ea3. C\u00f3 r\u1ea5t nhi\u1ec1u s\u1ea3n ph\u1ea9m lo\u1ea1i b\u1ecf formaldehyde tr\u00ean th\u1ebf gi\u1edbi. Tuy nh [&hellip;]<\/p>\n","protected":false},"author":3,"featured_media":0,"parent":0,"menu_order":0,"comment_status":"closed","ping_status":"closed","template":"","meta":{"vkexunit_cta_each_option":"","footnotes":""},"class_list":["post-939","page","type-page","status-publish","hentry"],"aioseo_notices":[],"_links":{"self":[{"href":"https:\/\/moldefeat.com\/vn\/wp-json\/wp\/v2\/pages\/939","targetHints":{"allow":["GET"]}}],"collection":[{"href":"https:\/\/moldefeat.com\/vn\/wp-json\/wp\/v2\/pages"}],"about":[{"href":"https:\/\/moldefeat.com\/vn\/wp-json\/wp\/v2\/types\/page"}],"author":[{"embeddable":true,"href":"https:\/\/moldefeat.com\/vn\/wp-json\/wp\/v2\/users\/3"}],"replies":[{"embeddable":true,"href":"https:\/\/moldefeat.com\/vn\/wp-json\/wp\/v2\/comments?post=939"}],"version-history":[{"count":20,"href":"https:\/\/moldefeat.com\/vn\/wp-json\/wp\/v2\/pages\/939\/revisions"}],"predecessor-version":[{"id":1061,"href":"https:\/\/moldefeat.com\/vn\/wp-json\/wp\/v2\/pages\/939\/revisions\/1061"}],"wp:attachment":[{"href":"https:\/\/moldefeat.com\/vn\/wp-json\/wp\/v2\/media?parent=939"}],"curies":[{"name":"wp","href":"https:\/\/api.w.org\/{rel}","templated":true}]}}