{"id":86,"date":"2022-07-21T16:32:06","date_gmt":"2022-07-21T07:32:06","guid":{"rendered":"https:\/\/odor.marusyosangyo.com\/vn\/?page_id=86"},"modified":"2022-11-04T15:45:24","modified_gmt":"2022-11-04T06:45:24","slug":"company","status":"publish","type":"page","link":"https:\/\/moldefeat.com\/vn\/company\/","title":{"rendered":"C\u00f4ng ty"},"content":{"rendered":"\n<div class=\"wp-block-columns alignfull is-layout-flex wp-container-core-columns-is-layout-9d6595d7 wp-block-columns-is-layout-flex\">\n<div class=\"wp-block-column is-layout-flow wp-block-column-is-layout-flow\" style=\"flex-basis:50%\">\n<div class=\"wp-block-cover is-light\" style=\"min-height:600px;aspect-ratio:unset;\"><span aria-hidden=\"true\" class=\"wp-block-cover__background has-background-dim-100 has-background-dim\" style=\"background-color:#f6f6f6\"><\/span><div class=\"wp-block-cover__inner-container is-layout-flow wp-block-cover-is-layout-flow\">\n<div class=\"wp-block-cover is-light\" style=\"min-height:600px;aspect-ratio:unset;\"><span aria-hidden=\"true\" class=\"wp-block-cover__background has-background-dim-100 has-background-dim\" style=\"background-color:#f6f6f6\"><\/span><div class=\"wp-block-cover__inner-container is-layout-flow wp-block-cover-is-layout-flow\"><div class=\"wp-block-image\">\n<figure class=\"aligncenter size-full is-resized\"><img loading=\"lazy\" decoding=\"async\" src=\"https:\/\/odor.marusyosangyo.com\/wp-content\/uploads\/factory.jpg\" alt=\"\" class=\"wp-image-532\" width=\"334\" height=\"245\"\/><\/figure>\n<\/div><\/div><\/div>\n<\/div><\/div>\n<\/div>\n\n\n\n<div class=\"wp-block-column is-vertically-aligned-center is-layout-flow wp-block-column-is-layout-flow\" style=\"padding-top:1em;padding-right:1em;padding-bottom:1em;padding-left:1em\">\n<figure class=\"wp-block-flexible-table-block-table\" style=\"font-size:1.23rem\"><table class=\"has-fixed-layout is-stacked-on-mobile\" style=\"width:100%;border-collapse:separate\"><tbody><tr><td style=\"font-size:14px\">C\u00f4ng ty:<\/td><td style=\"font-size:14px\">C\u00f4ng ty TNHH MARUSYOSANGYO.<\/td><\/tr><tr><td style=\"font-size:14px\">Th\u00e0nh l\u1eadp:<\/td><td style=\"font-size:14px\">Ng\u00e0y 1 th\u00e1ng 4 n\u0103m 1923<\/td><\/tr><tr><td style=\"font-size:14px\">V\u1ed1n g\u00f3p \uff1a<\/td><td style=\"font-size:14px\">10,000,000 JPY<\/td><\/tr><tr><td style=\"font-size:14px\">\u0110\u1ecba ch\u1ec9 nh\u00e0:<\/td><td style=\"font-size:14px\">\u3012327-0031 171 TAJIMA-CHO, SANO-CITY, TOCHIGI Pref.<br>TEL \uff1a<a href=\"tel:0283221901?_x_tr_sl=en&amp;_x_tr_tl=vi&amp;_x_tr_hl=ja&amp;_x_tr_pto=wapp\">0283-22-1901<\/a>&nbsp;(Tr\u1ee5 s\u1edf ch\u00ednh)<\/td><\/tr><tr><td style=\"font-size:14px\">Vi\u1ec7c kinh doanh:<\/td><td style=\"font-size:14px\">\u30fb S\u1ea3n xu\u1ea5t v\u00e0 ph\u00e1t tri\u1ec3n h\u00e0ng d\u1ec7t may<br>\u30fb S\u1ea3n xu\u1ea5t v\u00e0 ph\u00e1t tri\u1ec3n s\u1ea3n ph\u1ea9m h\u00f3a h\u1ecdc<br>\u30fb S\u1ea3n ph\u1ea9m sinh th\u00e1i R&amp;D<br>\u30fb S\u1ea3n ph\u1ea9m OEMnd <\/td><\/tr><tr><td>URL:<\/td><td><a href=\"https:\/\/marusyosangyo.jp\" target=\"_blank\" rel=\"noreferrer noopener\">https:\/\/marusyosangyo.jp<\/a><\/td><\/tr><\/tbody><\/table><\/figure>\n<\/div>\n<\/div>\n","protected":false},"excerpt":{"rendered":"","protected":false},"author":3,"featured_media":0,"parent":0,"menu_order":99,"comment_status":"closed","ping_status":"closed","template":"","meta":{"vkexunit_cta_each_option":"","footnotes":""},"class_list":["post-86","page","type-page","status-publish","hentry"],"aioseo_notices":[],"_links":{"self":[{"href":"https:\/\/moldefeat.com\/vn\/wp-json\/wp\/v2\/pages\/86","targetHints":{"allow":["GET"]}}],"collection":[{"href":"https:\/\/moldefeat.com\/vn\/wp-json\/wp\/v2\/pages"}],"about":[{"href":"https:\/\/moldefeat.com\/vn\/wp-json\/wp\/v2\/types\/page"}],"author":[{"embeddable":true,"href":"https:\/\/moldefeat.com\/vn\/wp-json\/wp\/v2\/users\/3"}],"replies":[{"embeddable":true,"href":"https:\/\/moldefeat.com\/vn\/wp-json\/wp\/v2\/comments?post=86"}],"version-history":[{"count":14,"href":"https:\/\/moldefeat.com\/vn\/wp-json\/wp\/v2\/pages\/86\/revisions"}],"predecessor-version":[{"id":870,"href":"https:\/\/moldefeat.com\/vn\/wp-json\/wp\/v2\/pages\/86\/revisions\/870"}],"wp:attachment":[{"href":"https:\/\/moldefeat.com\/vn\/wp-json\/wp\/v2\/media?parent=86"}],"curies":[{"name":"wp","href":"https:\/\/api.w.org\/{rel}","templated":true}]}}