{"id":61,"date":"2022-07-20T16:10:06","date_gmt":"2022-07-20T07:10:06","guid":{"rendered":"https:\/\/odor.marusyosangyo.com\/vn\/?page_id=61"},"modified":"2022-10-07T20:42:18","modified_gmt":"2022-10-07T11:42:18","slug":"application","status":"publish","type":"page","link":"https:\/\/moldefeat.com\/vn\/application\/","title":{"rendered":"\u0110\u01a1n xin"},"content":{"rendered":"\n<p style=\"font-size:1.225rem\">S-3T c\u00f3 hai c\u00e1ch thi c\u00f4ng l\u1edbp ph\u1ee7 nh\u01b0 b\u00ean d\u01b0\u1edbi.<\/p>\n\n\n\n<h4 class=\"wp-block-heading\" style=\"font-size:1.3rem\">1: Tranh t\u1ea1i ch\u1ed7<\/h4>\n\n\n\n<p style=\"font-size:1.225rem\">T\u1ea1i ch\u1ed7 s\u01a1n ph\u1ee7, vui l\u00f2ng s\u1eed d\u1ee5ng s\u00fang phun (kh\u00f4ng kh\u00ed, t\u1ef1 \u0111\u1ed9ng) ho\u1eb7c con l\u0103n.<\/p>\n\n\n\n<figure class=\"wp-block-flexible-table-block-table\"><table class=\"has-fixed-layout is-stacked-on-mobile\"><tbody><tr><td><img decoding=\"async\" src=\"http:\/\/odor.marusyosangyo.com\/wp-content\/uploads\/HK-1.png\" alt=\"\"><\/td><td><img decoding=\"async\" src=\"http:\/\/odor.marusyosangyo.com\/wp-content\/uploads\/HK-2.png\" alt=\"\"><\/td><td><img decoding=\"async\" src=\"http:\/\/odor.marusyosangyo.com\/wp-content\/uploads\/HK-3.png\" alt=\"\"><\/td><\/tr><tr><td><img decoding=\"async\" src=\"http:\/\/odor.marusyosangyo.com\/wp-content\/uploads\/HK-4.png\" alt=\"\"><\/td><td><img decoding=\"async\" src=\"http:\/\/odor.marusyosangyo.com\/wp-content\/uploads\/HK-6.png\" alt=\"\"><\/td><td><img decoding=\"async\" src=\"http:\/\/odor.marusyosangyo.com\/wp-content\/uploads\/HK-7.png\" alt=\"\"><\/td><\/tr><tr><td><img decoding=\"async\" src=\"http:\/\/odor.marusyosangyo.com\/wp-content\/uploads\/HK-5.png\" alt=\"\"><\/td><td><img decoding=\"async\" src=\"http:\/\/odor.marusyosangyo.com\/wp-content\/uploads\/HK-10.png\" alt=\"\"><\/td><td><img decoding=\"async\" src=\"http:\/\/odor.marusyosangyo.com\/wp-content\/uploads\/HK-8.png\" alt=\"\"><\/td><\/tr><\/tbody><\/table><\/figure>\n\n\n\n<h4 class=\"wp-block-heading\" style=\"font-size:1.3rem\">2: \u0111\u01b0\u1ee3c x\u1eed l\u00fd trong nh\u00e0 m\u00e1y<\/h4>\n\n\n\n<p style=\"font-size:1.225rem\">L\u1ee3i \u00edch c\u1ee7a l\u1edbp ph\u1ee7 nh\u00e0 x\u01b0\u1edfng l\u00e0 c\u00f3 th\u1ec3 \u00e1p d\u1ee5ng S-3T tr\u00ean c\u00e1c b\u1ec1 m\u1eb7t v\u1eadt li\u1ec7u kh\u00e1c nhau.&nbsp;B\u1ea5t k\u1ec3 \u0111\u1ed9 c\u1ee9ng v\u00e0 v\u1eadt li\u1ec7u, l\u1edbp ph\u1ee7 nh\u00e0 m\u00e1y lu\u00f4n c\u00f3 s\u1eb5n cho ch\u00fang t\u00f4i b\u1eb1ng c\u00e1ch l\u1ef1a ch\u1ecdn c\u00e1ch \u1ee9ng d\u1ee5ng ph\u00f9 h\u1ee3p.<\/p>\n\n\n\n<figure class=\"wp-block-flexible-table-block-table\"><table class=\"has-fixed-layout is-stacked-on-mobile\"><tbody><tr><td style=\"font-size:1.1rem\"><img decoding=\"async\" src=\"http:\/\/odor.marusyosangyo.com\/wp-content\/uploads\/printing.jpg\" alt=\"Coating machine\"><br>Ph\u01b0\u01a1ng ph\u00e1p \uff1a M\u00e1y cu\u1ed9n,<br>Ch\u1ea5t li\u1ec7u m\u00e1y cu\u1ed9n kh\u00f4ng kh\u00ed \uff1a Gi\u1ea5y d\u00e1n t\u01b0\u1eddng, V\u1eadt li\u1ec7u linh ho\u1ea1t (Lo\u1ea1i t\u1ea5m l\u00e0 t\u1ed1t nh\u1ea5t)<\/td><td style=\"font-size:1rem\"><img decoding=\"async\" src=\"http:\/\/odor.marusyosangyo.com\/wp-content\/uploads\/%E3%82%A8%E3%82%A2%E3%83%BC%E3%83%96%E3%83%AC%E3%83%BC%E3%83%89.png\" alt=\"\u30a8\u30a2\u30fc\u30d6\u30ec\u30fc\u30c9\"><br>V\u00ed d\u1ee5: Blade coater<\/td><\/tr><tr><td style=\"font-size:1.1rem\"><img decoding=\"async\" src=\"http:\/\/odor.marusyosangyo.com\/wp-content\/uploads\/spraying.png\" alt=\"Spraying machine\"><br>Ph\u01b0\u01a1ng ph\u00e1p \uff1a L\u1edbp ph\u1ee7 phun, V\u1eadt li\u1ec7u l\u1edbp ph\u1ee7 d\u00f2ng ch\u1ea3y<br>Ch\u1ea5t li\u1ec7u: v\u1eadt li\u1ec7u c\u1ee9ng (v\u00ed d\u1ee5: v\u00e1n \u00e9p, v\u00e1n \u00e9p, v.v.)<\/td><td style=\"font-size:1rem\"><img decoding=\"async\" src=\"http:\/\/odor.marusyosangyo.com\/wp-content\/uploads\/\u30b9\u30d7\u30ec\u30fc\u51e6\u7406.png\" alt=\"\u30b9\u30d7\u30ec\u30fc\u51e6\u7406\">D\u1ee5: M\u00e1y phun s\u01a1n<\/td><\/tr><\/tbody><\/table><\/figure>\n\n\n\n<h2 class=\"wp-block-heading\" style=\"font-size:1.6rem\">\u3010V\u00ed d\u1ee5 v\u1ec1 vi\u1ec7c s\u1eed d\u1ee5ng\u3011<\/h2>\n\n\n\n<p style=\"font-size:1.225rem\">Nh\u00e0 \u1edf, V\u0103n ph\u00f2ng, T\u00f2a nh\u00e0 ph\u1ee9c h\u1ee3p, Kh\u00e1ch s\u1ea1n, Chung c\u01b0, Vi\u1ec7n d\u01b0\u1ee1ng l\u00e3o, B\u1ec7nh vi\u1ec7n, V\u0103n ph\u00f2ng, N\u1ed9i th\u1ea5t, v.v.<\/p>\n\n\n\n<figure class=\"wp-block-flexible-table-block-table\"><table class=\"has-fixed-layout\"><tbody><tr><td><img decoding=\"async\" src=\"http:\/\/odor.marusyosangyo.com\/wp-content\/uploads\/2022\/07\/image-5-e1664673944265.png\" alt=\"\"><\/td><td><img decoding=\"async\" src=\"http:\/\/odor.marusyosangyo.com\/wp-content\/uploads\/2022\/07\/image-10-e1664673888734.png\" alt=\"\"><\/td><\/tr><tr><td><img decoding=\"async\" src=\"http:\/\/odor.marusyosangyo.com\/wp-content\/uploads\/2022\/07\/image-11-e1664673797617.png\" alt=\"\"><\/td><td><img decoding=\"async\" src=\"http:\/\/odor.marusyosangyo.com\/wp-content\/uploads\/2022\/07\/image-9-e1664673557808.png\" alt=\"\"><\/td><\/tr><\/tbody><\/table><\/figure>\n\n\n\n<p>&nbsp;<\/p>\n","protected":false},"excerpt":{"rendered":"<p>S-3T c\u00f3 hai c\u00e1ch thi c\u00f4ng l\u1edbp ph\u1ee7 nh\u01b0 b\u00ean d\u01b0\u1edbi. 1: Tranh t\u1ea1i ch\u1ed7 T\u1ea1i ch\u1ed7 s\u01a1n ph\u1ee7, vui l\u00f2ng s\u1eed d\u1ee5ng s\u00fang phun ( [&hellip;]<\/p>\n","protected":false},"author":3,"featured_media":0,"parent":0,"menu_order":50,"comment_status":"closed","ping_status":"closed","template":"","meta":{"sns_share_botton_hide":"","vkExUnit_sns_title":"","_vk_print_noindex":"","sitemap_hide":"","vkExUnit_sitemap":"","_veu_custom_css":"","veu_display_promotion_alert":"","_exclude_from_list_pages":"","vkexunit_cta_each_option":"","vkExUnit_childPageIndex":"","vkExUnit_pageList_ancestor":"","vkExUnit_contact_enable":"","footnotes":""},"class_list":["post-61","page","type-page","status-publish","hentry"],"aioseo_notices":[],"veu_head_title_object":{"title":"","add_site_title":""},"_links":{"self":[{"href":"https:\/\/moldefeat.com\/vn\/wp-json\/wp\/v2\/pages\/61","targetHints":{"allow":["GET"]}}],"collection":[{"href":"https:\/\/moldefeat.com\/vn\/wp-json\/wp\/v2\/pages"}],"about":[{"href":"https:\/\/moldefeat.com\/vn\/wp-json\/wp\/v2\/types\/page"}],"author":[{"embeddable":true,"href":"https:\/\/moldefeat.com\/vn\/wp-json\/wp\/v2\/users\/3"}],"replies":[{"embeddable":true,"href":"https:\/\/moldefeat.com\/vn\/wp-json\/wp\/v2\/comments?post=61"}],"version-history":[{"count":36,"href":"https:\/\/moldefeat.com\/vn\/wp-json\/wp\/v2\/pages\/61\/revisions"}],"predecessor-version":[{"id":744,"href":"https:\/\/moldefeat.com\/vn\/wp-json\/wp\/v2\/pages\/61\/revisions\/744"}],"wp:attachment":[{"href":"https:\/\/moldefeat.com\/vn\/wp-json\/wp\/v2\/media?parent=61"}],"curies":[{"name":"wp","href":"https:\/\/api.w.org\/{rel}","templated":true}]}}