{"id":3,"date":"2022-10-05T11:59:39","date_gmt":"2022-10-05T02:59:39","guid":{"rendered":"https:\/\/odor.marusyosangyo.com\/vn"},"modified":"2022-10-17T11:49:06","modified_gmt":"2022-10-17T02:49:06","slug":"privacy-policy","status":"publish","type":"page","link":"https:\/\/moldefeat.com\/vn\/company\/privacy-policy\/","title":{"rendered":"Ch\u00ednh s\u00e1ch b\u1ea3o m\u1eadt"},"content":{"rendered":"\n<h2 class=\"wp-block-heading\">Ch\u00fang ta l\u00e0 ai<\/h2>\n\n\n\n<p>\u0110\u1ecba ch\u1ec9 trang web c\u1ee7a ch\u00fang t\u00f4i<\/p>\n\n\n\n<p> \t\t\t<div class=\"blog-card\">\n\t\t\t\t<div class=\"blog-card-body-outer\">\n\t\t\t\t\t<div class=\"blog-card-body\">\n\t\t\t\t\t\t\t\t\t\t\t\t\t<h5 class=\"blog-card-title\">\n\t\t\t\t\t\t\t\t<a href=\"https:\/\/moldefeat.com\/vn\/\">Trang ch\u00ednh<\/a>\n\t\t\t\t\t\t\t<\/h5>\n\t\t\t\t\t\t\t\t\t\t\t\t\t\t\t\t\t\t\t<p class=\"blog-card-text\">\n\t\t\t\t\t\t\t\tD\u1eabn \u0111\u1ebfn th\u1ebf gi\u1edbi kh\u1ecfe m\u1ea1nh V\u00e0o th\u00e1ng 2 n\u0103m 2006. Ch\u00fang t\u00f4i \u0111\u00e3 th\u00e0nh c\u00f4ng trong vi\u1ec7c ph\u00e1t tri\u1ec3n m\u1ed9t l\u1edbp ph\u1ee7 lo\u1ea1i b\u1ecf formaldehyde MOLDEFEAT.Kh\u00e1ch h\u00e0ng \u0111\u1ea7u ti\u00ean c\u2026\t\t\t\t\t\t\t<\/p>\n\t\t\t\t\t\t\t\t\t\t\t\t<div class=\"blog-card-site-title\">\n\t\t\t\t\t\t\t<a href=\"https:\/\/moldefeat.com\/vn\">\n\t\t\t\t\t\t\t\t\t\t\t\t\t\t\t\t\t<img decoding=\"async\" loading=\"lazy\" src=\"https:\/\/moldefeat.com\/vn\/wp-content\/uploads\/cropped-favicon-32x32.png\" width=\"16\" height=\"16\" alt=\"\" >\n\t\t\t\t\t\t\t\t\t\t\t\t\t\t\t\tCh\u1ea5t t\u1ea9y formaldehyde &quot;Moldefeat&quot;\t\t\t\t\t\t\t<\/a>\n\t\t\t\t\t\t<\/div>\n\t\t\t\t\t<\/div>\n\t\t\t\t<\/div>\n\t\t\t\t\t\t\t<\/div>\n\n\t\t\t <\/p>\n\n\n\n<h2 class=\"wp-block-heading\">Th\u00f4ng tin c\u00e1 nh\u00e2n m\u00e0 ch\u00fang t\u00f4i c\u00f3 th\u1ec3 thu th\u1eadp<\/h2>\n\n\n\n<h3 class=\"wp-block-heading\">B\u00ecnh lu\u1eadn<\/h3>\n\n\n\n<p>Khi kh\u00e1ch truy c\u1eadp \u0111\u1ec3 l\u1ea1i nh\u1eadn x\u00e9t tr\u00ean trang web n\u00e0y, ch\u00fang t\u00f4i thu th\u1eadp d\u1eef li\u1ec7u \u0111\u01b0\u1ee3c hi\u1ec3n th\u1ecb trong bi\u1ec3u m\u1eabu nh\u1eadn x\u00e9t, c\u0169ng nh\u01b0 \u0111\u1ecba ch\u1ec9 IP v\u00e0 v\u0103n b\u1ea3n t\u00e1c nh\u00e2n ng\u01b0\u1eddi d\u00f9ng tr\u00ecnh duy\u1ec7t c\u1ee7a h\u1ecd \u0111\u1ec3 gi\u00fap ph\u00e1t hi\u1ec7n spam.<\/p>\n\n\n\n<p>V\u0103n b\u1ea3n \u1ea9n danh (c\u00f2n g\u1ecdi l\u00e0 \"b\u0103m\") \u0111\u01b0\u1ee3c t\u1ea1o t\u1eeb \u0111\u1ecba ch\u1ec9 email c\u1ee7a b\u1ea1n c\u00f3 th\u1ec3 \u0111\u01b0\u1ee3c cung c\u1ea5p cho d\u1ecbch v\u1ee5 Gravatar \u0111\u1ec3 x\u00e1c minh xem b\u1ea1n c\u00f3 \u0111ang s\u1eed d\u1ee5ng n\u00f3 hay kh\u00f4ng.&nbsp;B\u1ea1n c\u00f3 th\u1ec3 t\u00ecm th\u1ea5y ch\u00ednh s\u00e1ch b\u1ea3o m\u1eadt c\u1ee7a d\u1ecbch v\u1ee5 t\u1ea1i https:\/\/automattic.com\/privacy\/.<\/p>\n\n\n\n<h3 class=\"wp-block-heading\">Ph\u01b0\u01a1ng ti\u1ec7n truy\u1ec1n th\u00f4ng<\/h3>\n\n\n\n<p>Khi t\u1ea3i h\u00ecnh \u1ea3nh l\u00ean trang web, b\u1ea1n kh\u00f4ng n\u00ean t\u1ea3i l\u00ean h\u00ecnh \u1ea3nh c\u00f3 th\u00f4ng tin v\u1ecb tr\u00ed (EXIF GPS).&nbsp;Kh\u00e1ch truy c\u1eadp trang web c\u00f3 th\u1ec3 t\u1ea3i xu\u1ed1ng h\u00ecnh \u1ea3nh t\u1eeb trang web v\u00e0 tr\u00edch xu\u1ea5t d\u1eef li\u1ec7u v\u1ecb tr\u00ed.<\/p>\n\n\n\n<h3 class=\"wp-block-heading\">M\u00e2u li\u00ean h\u1ec7<\/h3>\n\n\n\n<h3 class=\"wp-block-heading\">B\u00e1nh quy<\/h3>\n\n\n<p>N\u1ebfu b\u1ea1n \u0111\u1ec3 l\u1ea1i nh\u1eadn x\u00e9t tr\u00ean trang web c\u1ee7a ch\u00fang t\u00f4i, b\u1ea1n c\u00f3 th\u1ec3 ch\u1ecdn tham gia \u0111\u1ec3 l\u01b0u t\u00ean, \u0111\u1ecba ch\u1ec9 email v\u00e0 trang web c\u1ee7a b\u1ea1n trong cookie.&nbsp;<span class=\"\">\u0110i\u1ec1u n\u00e0y l\u00e0 \u0111\u1ec3 thu\u1eadn ti\u1ec7n cho b\u1ea1n \u0111\u1ec3 b\u1ea1n kh\u00f4ng ph\u1ea3i nh\u1eadp l\u1ea1i th\u00f4ng tin chi ti\u1ebft c\u1ee7a m\u00ecnh khi \u0111\u1ec3 l\u1ea1i b\u00ecnh lu\u1eadn kh\u00e1c.&nbsp;<\/span>Cookie n\u00e0y \u0111\u01b0\u1ee3c gi\u1eef trong m\u1ed9t n\u0103m.<\/p>\n<p>N\u1ebfu b\u1ea1n c\u00f3 t\u00e0i kho\u1ea3n v\u00e0 \u0111\u00e3 \u0111\u0103ng nh\u1eadp v\u00e0o trang web n\u00e0y, ch\u00fang t\u00f4i s\u1ebd \u0111\u1eb7t m\u1ed9t cookie t\u1ea1m th\u1eddi \u0111\u1ec3 x\u00e1c \u0111\u1ecbnh xem tr\u00ecnh duy\u1ec7t c\u1ee7a b\u1ea1n c\u00f3 ch\u1ea5p nh\u1eadn cookie hay kh\u00f4ng.&nbsp;Cookie n\u00e0y kh\u00f4ng ch\u1ee9a d\u1eef li\u1ec7u c\u00e1 nh\u00e2n v\u00e0 s\u1ebd b\u1ecb lo\u1ea1i b\u1ecf khi b\u1ea1n \u0111\u00f3ng tr\u00ecnh duy\u1ec7t c\u1ee7a m\u00ecnh.<\/p>\n<p>Khi b\u1ea1n \u0111\u0103ng nh\u1eadp, ch\u00fang t\u00f4i c\u0169ng \u0111\u1eb7t m\u1ed9t s\u1ed1 cookie \u0111\u1ec3 gi\u1eef th\u00f4ng tin \u0111\u0103ng nh\u1eadp v\u00e0 th\u00f4ng tin hi\u1ec3n th\u1ecb m\u00e0n h\u00ecnh c\u1ee7a b\u1ea1n.&nbsp;Cookie \u0111\u0103ng nh\u1eadp \u0111\u01b0\u1ee3c gi\u1eef l\u1ea1i trong hai ng\u00e0y v\u00e0 cookie t\u00f9y ch\u1ecdn hi\u1ec3n th\u1ecb m\u00e0n h\u00ecnh \u0111\u01b0\u1ee3c gi\u1eef l\u1ea1i trong m\u1ed9t n\u0103m.&nbsp;N\u1ebfu b\u1ea1n ch\u1ecdn \"Ti\u1ebfp t\u1ee5c \u0111\u0103ng nh\u1eadp\", th\u00f4ng tin \u0111\u0103ng nh\u1eadp c\u1ee7a b\u1ea1n s\u1ebd \u0111\u01b0\u1ee3c gi\u1eef l\u1ea1i trong hai tu\u1ea7n.&nbsp;Cookie \u0111\u0103ng nh\u1eadp s\u1ebd b\u1ecb x\u00f3a khi b\u1ea1n \u0111\u0103ng xu\u1ea5t.<\/p>\n<p>N\u1ebfu b\u1ea1n ch\u1ec9nh s\u1eeda ho\u1eb7c xu\u1ea5t b\u1ea3n m\u1ed9t b\u00e0i \u0111\u0103ng, c\u00e1c cookie b\u1ed5 sung s\u1ebd \u0111\u01b0\u1ee3c l\u01b0u trong tr\u00ecnh duy\u1ec7t c\u1ee7a b\u1ea1n.&nbsp;Cookie n\u00e0y kh\u00f4ng ch\u1ee9a b\u1ea5t k\u1ef3 d\u1eef li\u1ec7u c\u00e1 nh\u00e2n n\u00e0o, n\u00f3 ch\u1ec9 cho bi\u1ebft ID c\u1ee7a b\u00e0i \u0111\u0103ng \u0111\u00e3 s\u1eeda \u0111\u1ed5i.&nbsp;H\u1ebft h\u1ea1n sau 1 ng\u00e0y.<\/p>\n<p><\/p>\n\n\n<\/p>\n<h3 class=\"wp-block-heading\">Nh\u00fang n\u1ed9i dung t\u1eeb c\u00e1c trang kh\u00e1c<\/h3>\n<p><span class=\"\">C\u00e1c b\u00e0i \u0111\u0103ng tr\u00ean trang n\u00e0y ch\u1ee9a n\u1ed9i dung \u0111\u01b0\u1ee3c nh\u00fang (video, h\u00ecnh \u1ea3nh, b\u00e0i \u0111\u0103ng, v.v.).\u00a0<\/span>N\u1ed9i dung \u0111\u01b0\u1ee3c nh\u00fang t\u1eeb c\u00e1c trang web kh\u00e1c ho\u1ea1t \u0111\u1ed9ng gi\u1ed1ng h\u1ec7t nh\u01b0 khi kh\u00e1ch truy c\u1eadp \u0111\u00e3 truy c\u1eadp trang web \u0111\u00f3.<\/p>\n<p>C\u00e1c trang web n\u00e0y c\u00f3 th\u1ec3 thu th\u1eadp d\u1eef li\u1ec7u v\u1ec1 b\u1ea1n, s\u1eed d\u1ee5ng cookie, nh\u00fang theo d\u00f5i b\u00ean th\u1ee9 ba b\u1ed5 sung v\u00e0 gi\u00e1m s\u00e1t t\u01b0\u01a1ng t\u00e1c c\u1ee7a b\u1ea1n v\u1edbi n\u1ed9i dung \u0111\u01b0\u1ee3c nh\u00fang.\u00a0\u0110i\u1ec1u n\u00e0y bao g\u1ed3m vi\u1ec7c theo d\u00f5i t\u01b0\u01a1ng t\u00e1c c\u1ee7a b\u1ea1n v\u1edbi n\u1ed9i dung \u0111\u01b0\u1ee3c nh\u00fang n\u1ebfu b\u1ea1n \u0111\u00e3 \u0111\u0103ng nh\u1eadp v\u00e0o trang web \u0111\u00f3 b\u1eb1ng t\u00e0i kho\u1ea3n.<\/p>\n<p>\n\n\n<p><\/p>\n<p><\/p>\n\n\n<\/p>\n<p>\n\n\n<p><\/p>\n<p><\/p>\n\n\n<\/p>\n<h3 class=\"wp-block-heading\"><span>ph\u00e2n t\u00edch<\/span><\/h3>\n<p>\n\n\n<p><\/p>\n<p><\/p>\n\n\n<\/p>\n<h2 class=\"wp-block-heading\"><span><span class=\"\">Ch\u1ee7 s\u1edf h\u1eefu chia s\u1ebb d\u1eef li\u1ec7u c\u1ee7a b\u1ea1n<\/span><\/span><\/h2>\n<p>\n\n\n<p><\/p>\n<p><\/p>\n\n\n<\/p>\n<h2 class=\"wp-block-heading\"><span>L\u01b0u tr\u1eef d\u1eef li\u1ec7u<\/span><\/h2>\n<p>\n\n\n<p><\/p>\n<p><\/p>\n\n\n<\/p>\n<p><span>Khi b\u1ea1n \u0111\u1ec3 l\u1ea1i nh\u1eadn x\u00e9t, nh\u1eadn x\u00e9t v\u00e0 si\u00eau d\u1eef li\u1ec7u c\u1ee7a n\u00f3 s\u1ebd \u0111\u01b0\u1ee3c l\u01b0u gi\u1eef v\u00f4 th\u1eddi h\u1ea1n.\u00a0\u0110i\u1ec1u n\u00e0y \u0111\u1ec3 c\u00e1c nh\u1eadn x\u00e9t ti\u1ebfp theo c\u00f3 th\u1ec3 \u0111\u01b0\u1ee3c t\u1ef1 \u0111\u1ed9ng nh\u1eadn d\u1ea1ng v\u00e0 ph\u00ea duy\u1ec7t thay v\u00ec gi\u1eef c\u00e1c nh\u1eadn x\u00e9t trong h\u00e0ng \u0111\u1ee3i ki\u1ec3m duy\u1ec7t.<\/span><\/p>\n<p><span>N\u1ebfu b\u1ea1n l\u00e0 ng\u01b0\u1eddi d\u00f9ng \u0111\u00e3 \u0111\u0103ng k\u00fd c\u1ee7a trang web n\u00e0y, ch\u00fang t\u00f4i l\u01b0u tr\u1eef th\u00f4ng tin c\u00e1 nh\u00e2n m\u00e0 b\u1ea1n cung c\u1ea5p tr\u00ean trang h\u1ed3 s\u01a1 ng\u01b0\u1eddi d\u00f9ng c\u1ee7a b\u1ea1n.\u00a0T\u1ea5t c\u1ea3 ng\u01b0\u1eddi d\u00f9ng c\u00f3 th\u1ec3 xem, ch\u1ec9nh s\u1eeda v\u00e0 x\u00f3a th\u00f4ng tin c\u00e1 nh\u00e2n c\u1ee7a h\u1ecd (Kh\u00f4ng th\u1ec3 thay \u0111\u1ed5i t\u00ean ng\u01b0\u1eddi d\u00f9ng c\u1ee7a h\u1ecd).\u00a0<span class=\"\">Qu\u1ea3n tr\u1ecb vi\u00ean trang web c\u0169ng c\u00f3 th\u1ec3 xem v\u00e0 ch\u1ec9nh s\u1eeda th\u00f4ng tin \u0111\u00f3<\/span><\/span><\/p>\n<p>\n\n\n<p><\/p>\n<p><\/p>\n\n\n<\/p>\n<h2 class=\"wp-block-heading\"><span>\u00c1nh s\u00e1ng c\u1ee7a b\u1ea1n cho d\u1eef li\u1ec7u<\/span><\/h2>\n<p>\n\n\n<p><\/p>\n<p><\/p>\n\n\n<\/p>\n<p><span>N\u1ebfu b\u1ea1n c\u00f3 t\u00e0i kho\u1ea3n tr\u00ean trang web n\u00e0y ho\u1eb7c \u0111\u00e3 \u0111\u1ec3 l\u1ea1i nh\u1eadn x\u00e9t v\u1ec1 n\u00f3, b\u1ea1n c\u00f3 th\u1ec3 y\u00eau c\u1ea7u nh\u1eadn t\u1ec7p d\u1eef li\u1ec7u c\u00e1 nh\u00e2n \u0111\u00e3 xu\u1ea5t m\u00e0 ch\u00fang t\u00f4i l\u01b0u gi\u1eef v\u1ec1 b\u1ea1n, bao g\u1ed3m b\u1ea5t k\u1ef3 d\u1eef li\u1ec7u n\u00e0o b\u1ea1n \u0111\u00e3 cung c\u1ea5p cho ch\u00fang t\u00f4i.\u00a0<\/span><span>t\u0103ng.\u00a0<\/span><span>B\u1ea1n c\u0169ng c\u00f3 th\u1ec3 y\u00eau c\u1ea7u x\u00f3a d\u1eef li\u1ec7u c\u00e1 nh\u00e2n c\u1ee7a m\u00ecnh.\u00a0<\/span><span>\u0110i\u1ec1u n\u00e0y kh\u00f4ng bao g\u1ed3m d\u1eef li\u1ec7u m\u00e0 ch\u00fang t\u00f4i c\u00f3 ngh\u0129a v\u1ee5 ph\u1ea3i gi\u1eef l\u1ea1i cho c\u00e1c m\u1ee5c \u0111\u00edch h\u00e0nh ch\u00ednh, ph\u00e1p l\u00fd ho\u1eb7c b\u1ea3o m\u1eadt.<\/span><\/p>\n<p>\n\n\n<p><\/p>\n<p><\/p>\n\n\n<\/p>\n<h2 class=\"wp-block-heading\"><span>N\u01a1i g\u1eedi d\u1eef li\u1ec7u c\u1ee7a b\u1ea1n<\/span><\/h2>\n<p>\n\n\n<p><\/p>\n<p><\/p>\n\n\n<\/p>\n<p>Nh\u1eadn x\u00e9t c\u1ee7a kh\u00e1ch truy c\u1eadp c\u00f3 th\u1ec3 \u0111\u01b0\u1ee3c ki\u1ec3m tra th\u00f4ng qua d\u1ecbch v\u1ee5 ph\u00e1t hi\u1ec7n spam t\u1ef1 \u0111\u1ed9ng.<\/p>\n<p>\n\n\n<p><\/p>\n<p><\/p>\n\n\n<\/p>\n<h2 class=\"wp-block-heading\"><span>Th\u00f4ng tin li\u00ean l\u1ea1c c\u1ee7a b\u1ea1n<\/span><\/h2>\n<p>\n\n\n<p><\/p>\n<p><\/p>\n\n\n<\/p>\n<h2 class=\"wp-block-heading\"><span><span class=\"goog-text-highlight\">Th\u00f4ng tin th\u00eam<\/span><\/span><\/h2>\n<p>\n\n\n<p><\/p>\n<p><\/p>\n\n\n<\/p>\n<h3 class=\"wp-block-heading\"><span>C\u00e1ch d\u1eef li\u1ec7u \u0111\u01b0\u1ee3c b\u1ea3o v\u1ec7<\/span><\/h3>\n<p>\n\n\n<p><\/p>\n<p><\/p>\n\n\n<\/p>\n<h3 class=\"wp-block-heading\"><span>Quy tr\u00ecnh \u0111\u1ed1i ph\u00f3 v\u1edbi vi ph\u1ea1m d\u1eef li\u1ec7u<\/span><\/h3>\n<p>\n\n\n<p><\/p>\n<p><\/p>\n\n\n<\/p>\n<h3 class=\"wp-block-heading\"><span>B\u00ean th\u1ee9 ba c\u1ee7a ch\u1ee7 s\u1edf h\u1eefu d\u1eef li\u1ec7u<\/span><\/h3>\n<p>\n\n\n<p><\/p>\n<p><\/p>\n\n\n<\/p>\n<h3 class=\"wp-block-heading\"><span><span class=\"goog-text-highlight\">T\u1ef1 \u0111\u1ed9ng ra quy\u1ebft \u0111\u1ecbnh v\u00e0 l\u1eadp h\u1ed3 s\u01a1 d\u1eef li\u1ec7u ng\u01b0\u1eddi d\u00f9ng<\/span><\/span><\/h3>\n<p>\n\n\n<p><\/p>\n<p><\/p>\n\n\n<\/p>\n<h3 class=\"wp-block-heading\"><span>Y\u00eau c\u1ea7u c\u00f4ng b\u1ed1 th\u00f4ng tin theo quy \u0111\u1ecbnh c\u1ee7a ng\u00e0nh<\/span><\/h3>\n<p>\n\n\n<p><\/p>","protected":false},"excerpt":{"rendered":"<p>Ch\u00fang ta l\u00e0 ai \u0110\u1ecba ch\u1ec9 trang web c\u1ee7a ch\u00fang t\u00f4i Trang ch\u00ednh D\u1eabn \u0111\u1ebfn th\u1ebf gi\u1edbi kh\u1ecfe m\u1ea1nh V\u00e0o th\u00e1ng 2 n\u0103m 2006. Ch [&hellip;]<\/p>\n","protected":false},"author":3,"featured_media":0,"parent":86,"menu_order":100,"comment_status":"closed","ping_status":"closed","template":"","meta":{"vkexunit_cta_each_option":"","footnotes":""},"class_list":["post-3","page","type-page","status-publish","hentry"],"aioseo_notices":[],"_links":{"self":[{"href":"https:\/\/moldefeat.com\/vn\/wp-json\/wp\/v2\/pages\/3","targetHints":{"allow":["GET"]}}],"collection":[{"href":"https:\/\/moldefeat.com\/vn\/wp-json\/wp\/v2\/pages"}],"about":[{"href":"https:\/\/moldefeat.com\/vn\/wp-json\/wp\/v2\/types\/page"}],"author":[{"embeddable":true,"href":"https:\/\/moldefeat.com\/vn\/wp-json\/wp\/v2\/users\/3"}],"replies":[{"embeddable":true,"href":"https:\/\/moldefeat.com\/vn\/wp-json\/wp\/v2\/comments?post=3"}],"version-history":[{"count":11,"href":"https:\/\/moldefeat.com\/vn\/wp-json\/wp\/v2\/pages\/3\/revisions"}],"predecessor-version":[{"id":861,"href":"https:\/\/moldefeat.com\/vn\/wp-json\/wp\/v2\/pages\/3\/revisions\/861"}],"up":[{"embeddable":true,"href":"https:\/\/moldefeat.com\/vn\/wp-json\/wp\/v2\/pages\/86"}],"wp:attachment":[{"href":"https:\/\/moldefeat.com\/vn\/wp-json\/wp\/v2\/media?parent=3"}],"curies":[{"name":"wp","href":"https:\/\/api.w.org\/{rel}","templated":true}]}}