{"id":2,"date":"2022-07-15T11:42:43","date_gmt":"2022-07-15T02:42:43","guid":{"rendered":"https:\/\/odor.marusyosangyo.com\/vn"},"modified":"2024-11-26T18:40:48","modified_gmt":"2024-11-26T09:40:48","slug":"remove-formaldehyde","status":"publish","type":"page","link":"https:\/\/moldefeat.com\/vn\/remove-formaldehyde\/","title":{"rendered":"S\u1ea3n ph\u1ea9m"},"content":{"rendered":"\n<h2 class=\"wp-block-heading\" style=\"font-size:1.6rem\">\u3010Chi ph\u00ed lo\u1ea1i b\u1ecf formaldehyde, Moldefeat\u3011<\/h2>\n\n\n\n<figure class=\"wp-block-flexible-table-block-table is-style-default\"><table class=\"is-stacked-on-mobile\"><tbody><tr><td style=\"width:25%\"><img decoding=\"async\" style=\"\" src=\"http:\/\/odor.marusyosangyo.com\/en\/wp-content\/uploads\/2022\/09\/MOLDEFEAT_4L.png\" alt=\"\"><img decoding=\"async\" src=\"https:\/\/moldefeat.com\/vn\/wp-content\/uploads\/Moldefeat-S-3T-4L.jpg\" alt=\"\" style=\"width: 300px;\"><\/td><td style=\"font-size:1.2rem\">L\u1edbp ph\u1ee7 lo\u1ea1i b\u1ecf formaldehyde Moldefeat \u0111\u01b0\u1ee3c ph\u00e1t tri\u1ec3n b\u1eb1ng c\u00f4ng ngh\u1ec7 ri\u00eang c\u1ee7a ch\u00fang t\u00f4i t\u1ea1i C\u00f4ng ty TNHH Marusyosangyo, Nh\u1eadt B\u1ea3n.<br>\u0110\u00e2y l\u00e0 dung d\u1ecbch ph\u1ee7 \u0111\u1eb7c bi\u1ec7t c\u00f3 kh\u1ea3 n\u0103ng lo\u1ea1i b\u1ecf kh\u00ed formaldehyde v\u00e0 c\u00e1c lo\u1ea1i kh\u00ed aldehyde kh\u00e1c b\u1eb1ng c\u00e1ch x\u1eed l\u00fd tr\u00ean t\u01b0\u1eddng, tr\u1ea7n nh\u00e0, b\u1ec1 m\u1eb7t \u0111\u1ed3 g\u1ed7 v\u00e0 b\u00ean trong.<br>T\u1ea1i Nh\u1eadt B\u1ea3n, m\u1ee9c kh\u00ed formaldehyde trong nh\u00e0 \u0111\u01b0\u1ee3c quy \u0111\u1ecbnh b\u1edfi \u0110\u1ea1o lu\u1eadt Ti\u00eau chu\u1ea9n X\u00e2y d\u1ef1ng. V\u00ec l\u00fd do \u0111\u00f3, nh\u00ecn chung c\u00e1c t\u00f2a nh\u00e0 v\u00e0 nh\u00e0 \u1edf \u0111\u1ec1u \u0111\u01b0\u1ee3c \u00e1p d\u1ee5ng bi\u1ec7n ph\u00e1p ch\u1ed1ng l\u1ea1i kh\u00ed formaldehyde v\u00e0 VOC tr\u01b0\u1edbc khi con ng\u01b0\u1eddi b\u1eaft \u0111\u1ea7u sinh s\u1ed1ng.<br>M\u1eb7t kh\u00e1c, h\u1ea7u h\u1ebft m\u1ecdi ng\u01b0\u1eddi kh\u00f4ng quan t\u00e2m \u0111\u1ebfn n\u1ed3ng \u0111\u1ed9 kh\u00ed formaldehyde khi mua \u0111\u1ed3 n\u1ed9i th\u1ea5t m\u1edbi ho\u1eb7c c\u1ea3i t\u1ea1o nh\u00e0 c\u1eeda ho\u1eb7c c\u00e1c t\u00f2a nh\u00e0. Do \u0111\u00f3, b\u1ea1n c\u00f3 th\u1ec3 h\u00edt ph\u1ea3i kh\u00ed formaldehyde h\u00e0ng ng\u00e0y m\u00e0 kh\u00f4ng h\u1ec1 nh\u1eadn ra v\u00e0 cu\u1ed1i c\u00f9ng c\u00f3 th\u1ec3 m\u1eafc ph\u1ea3i h\u1ed9i ch\u1ee9ng \u1ed1m nh\u00e0. V\u00ec v\u1eady, b\u1ea1n n\u00ean th\u1ef1c s\u1ef1 quan t\u00e2m \u0111\u1ebfn formaldehyde sau khi \u0111\u1ecdc b\u00e0i vi\u1ebft n\u00e0y.<br>L\u1edbp ph\u1ee7 lo\u1ea1i b\u1ecf formaldehyde Moldefeat l\u00e0 gi\u1ea3i ph\u00e1p t\u1ed1t nh\u1ea5t cho h\u1ed9i ch\u1ee9ng b\u1ec7nh c\u00f4ng tr\u00ecnh. Ngay c\u1ea3 khi m\u1ecdi ng\u01b0\u1eddi kh\u00f4ng c\u00f3 \u0111\u1ee7 th\u00f4ng tin v\u1ec1 h\u1ed9i ch\u1ee9ng c\u00f4ng tr\u00ecnh \u1ed1m y\u1ebfu, Moldefeat s\u1ebd mang \u0111\u1ebfn cho h\u1ecd nh\u1eefng nh\u1eadn th\u1ee9c m\u1edbi.<\/td><\/tr><\/tbody><\/table><\/figure>\n\n\n\n<div class=\"wp-block-vk-blocks-spacer vk_spacer vk_spacer-type-margin-top\"><div class=\"vk_block-margin-md--margin-top\"><\/div><\/div>\n\n\n\n<h2 class=\"wp-block-heading\">\u3010Lo\u1ea1i s\u1ea3n ph\u1ea9m\u3011<\/h2>\n\n\n\n<div class=\"wp-block-columns is-layout-flex wp-container-core-columns-is-layout-9d6595d7 wp-block-columns-is-layout-flex\">\n<div class=\"wp-block-column is-layout-flow wp-block-column-is-layout-flow\">\n<figure class=\"wp-block-flexible-table-block-table is-style-default\"><table class=\"\" style=\"width:100%\"><thead><tr><th style=\"background-color:#0693e3;color:#ffffff;font-size:18px\">S\u1ed1 m\u1eabu s\u1ea3n ph\u1ea9m<\/th><th style=\"background-color:#0693e3;color:#ffffff;font-size:18px\">N\u01a1i s\u1eed d\u1ee5ng\/\u1ee8ng d\u1ee5ng<\/th><th style=\"background-color:#0693e3;color:#ffffff;font-size:18px\">Ch\u1ee9c n\u0103ng\/\u1ee8ng d\u1ee5ng<\/th><\/tr><\/thead><tbody><tr><td style=\"font-size:18px\">S-3T<\/td><td style=\"font-size:16px\">S\u1eed d\u1ee5ng: S\u00fang phun<br>D\u00e0nh cho \u1ee9ng d\u1ee5ng t\u1ea1i ch\u1ed7 <br>(ch\u1ee9a nh\u1ef1a)<\/td><td style=\"font-size:16px\">B\u1ec1 m\u1eb7t kh\u00f4ng s\u01a1n, b\u1ec1 m\u1eb7t s\u01a1n, b\u1ec1 m\u1eb7t chung trong nh\u00e0<\/td><\/tr><tr><td style=\"font-size:18px\">S-3TNR<\/td><td style=\"font-size:16px\">S\u1eed d\u1ee5ng: S\u00fang phun<br>\u00c1p d\u1ee5ng t\u1ea1i ch\u1ed7 <br>(kh\u00f4ng s\u1eed d\u1ee5ng nh\u1ef1a)<\/td><td style=\"font-size:16px\">\u0110\u1ed9 trong su\u1ed1t cao, b\u1ec1 m\u1eb7t kh\u00f4ng s\u01a1n, b\u1ec1 m\u1eb7t s\u01a1n, trong nh\u00e0 th\u00f4ng th\u01b0\u1eddng<\/td><\/tr><tr><td style=\"font-size:18px\">S-3Tx1\u3000<br>\uff08x = Country code name)<\/td><td style=\"font-size:16px\">S\u1eed d\u1ee5ng: Phun, l\u0103n,<br>D\u00f9ng cho gia c\u00f4ng t\u1ea1i nh\u00e0 m\u00e1y <br>(n\u1ed3ng \u0111\u1ed9 cao, h\u00e0m l\u01b0\u1ee3ng nh\u1ef1a)<\/td><td style=\"font-size:16px\">Gi\u1ea5y d\u00e1n t\u01b0\u1eddng, \u0111\u1ed3 n\u1ed9i th\u1ea5t, s\u1ea3n ph\u1ea9m g\u1ed7 kh\u00e1c nhau, v\u1eadt li\u1ec7u x\u00e2y d\u1ef1ng<\/td><\/tr><tr><td style=\"font-size:18px\">S-3TGX<\/td><td style=\"font-size:16px\">S\u1eed d\u1ee5ng: Phun, l\u0103n,<br>\u0110\u1ec3 gia c\u00f4ng t\u1ea1i nh\u00e0 m\u00e1y <br>(N\u1ed3ng \u0111\u1ed9 cao, kh\u00f4ng s\u1eed d\u1ee5ng nh\u1ef1a)<\/td><td style=\"font-size:16px\">D\u0103m g\u1ed7, v\u00e1n \u00e9p, MDF, c\u00e1c s\u1ea3n ph\u1ea9m g\u1ed7 kh\u00e1c nhau<\/td><\/tr><tr><td style=\"font-size:18px\">S-3TRE<\/td><td>S\u1eed d\u1ee5ng: Keo h\u1ed7n h\u1ee3p (nh\u1ef1a U\/F ho\u1eb7c nh\u1ef1a P\/F) <br>D\u00f9ng cho gia c\u00f4ng t\u1ea1i nh\u00e0 m\u00e1y <br>(n\u1ed3ng \u0111\u1ed9 cao, kh\u00f4ng s\u1eed d\u1ee5ng nh\u1ef1a)<\/td><td>D\u0103m g\u1ed7, v\u00e1n \u00e9p, MDF, c\u00e1c s\u1ea3n ph\u1ea9m g\u1ed7 kh\u00e1c nhau<\/td><\/tr><\/tbody><\/table><\/figure>\n<\/div>\n<\/div>\n\n\n\n<div class=\"wp-block-vk-blocks-spacer vk_spacer vk_spacer-type-margin-top\"><div class=\"vk_block-margin-md--margin-top\"><\/div><\/div>\n\n\n\n<h2 class=\"wp-block-heading\" style=\"font-size:1.6rem\">\u3010T\u00ednh n\u0103ng s\u1ea3n ph\u1ea9m\u3011<\/h2>\n\n\n\n<div class=\"wp-block-columns is-layout-flex wp-container-core-columns-is-layout-9d6595d7 wp-block-columns-is-layout-flex\">\n<div class=\"wp-block-column is-layout-flow wp-block-column-is-layout-flow\">\n<h4 class=\"wp-block-heading has-white-color has-vk-color-primary-dark-background-color has-text-color has-background has-link-color wp-elements-ed7c355b5b553b1378a0942408a300db\"><strong>Kh\u1eed m\u00f9i cao<\/strong><\/h4>\n\n\n\n<p>Lo\u1ea1i b\u1ecf kh\u00ed formaldehyde \u1edf m\u1ee9c \u0111\u1ed9 cao r\u1ea5t nhanh ch\u00f3ng v\u00e0 duy tr\u00ec m\u1ee9c \u0111\u1ed9 an to\u00e0n.<\/p>\n<\/div>\n\n\n\n<div class=\"wp-block-column is-layout-flow wp-block-column-is-layout-flow\">\n<h4 class=\"wp-block-heading has-white-color has-vk-color-primary-dark-background-color has-text-color has-background has-link-color wp-elements-6653645c55c9cabaf0c3df39e3b37cc7\"><strong>An to\u00e0n cao<\/strong><\/h4>\n\n\n\n<p>\u0110\u00e3 th\u1ef1c hi\u1ec7n ki\u1ec3m tra an to\u00e0n t\u1ea1i c\u01a1 s\u1edf ph\u00f2ng th\u00ed nghi\u1ec7m v\u00e0 x\u00e1c nh\u1eadn kh\u00f4ng c\u00f3 ch\u1ea5t r\u1eeda gi\u1ea3i \u0111\u1ed9c h\u1ea1i.<\/p>\n<\/div>\n<\/div>\n\n\n\n<div class=\"wp-block-columns is-layout-flex wp-container-core-columns-is-layout-9d6595d7 wp-block-columns-is-layout-flex\">\n<div class=\"wp-block-column is-layout-flow wp-block-column-is-layout-flow\">\n<h4 class=\"wp-block-heading has-white-color has-vk-color-primary-dark-background-color has-text-color has-background has-link-color wp-elements-16034465786faf2d3fac8c297ee2b06a\"><strong>Hi\u1ec7u qu\u1ea3 l\u00e2u d\u00e0i<\/strong><\/h4>\n\n\n\n<p>Hi\u1ec7u su\u1ea5t lo\u1ea1i b\u1ecf cao k\u00e9o d\u00e0i trong th\u1eddi gian d\u00e0i t\u1ea1i ph\u00f2ng b\u00ecnh th\u01b0\u1eddng.<\/p>\n<\/div>\n\n\n\n<div class=\"wp-block-column is-layout-flow wp-block-column-is-layout-flow\">\n<h4 class=\"wp-block-heading has-white-color has-vk-color-primary-dark-background-color has-text-color has-background has-link-color wp-elements-af9a5ad0a855f3319d0f139811a9bfcd\"><strong>\u0111\u1ed9 tin c\u1eady<\/strong><\/h4>\n\n\n\n<p>\u0110\u1ed1i t\u00e1c kinh doanh tr\u00ean th\u1ebf gi\u1edbi-h\u01a1n 13 qu\u1ed1c gia. (H\u00c0N QU\u1ed0C, TRUNG QU\u1ed0C, MALAYSIA, SINGAPORE, \u1ea4N \u0110\u1ed8, M\u1ef8, ITALY, v.v.\uff09<\/p>\n<\/div>\n<\/div>\n\n\n\n<div style=\"height:58px\" aria-hidden=\"true\" class=\"wp-block-spacer\"><\/div>\n\n\n\n<h2 class=\"wp-block-heading\" style=\"font-size:1.6rem\">\u3010T\u00ednh n\u0103ng s\u1ea3n ph\u1ea9m\u3011<\/h2>\n\n\n\n<figure class=\"wp-block-table is-style-vk-table-scrollable is-style-stripes is-style-vk-table-scrollable\" data-scroll-breakpoint=\"table-scrollable-mobile\"><table><thead><tr><th>M\u1ee5c<\/th><th>MOLDEFEAT<\/th><th>M\u1ed9t ch\u1ea5t t\u1ea9y aldehyde kh\u00e1c<\/th><th>Ch\u1ea5t kh\u1eed aldehyde t\u1ef1 nhi\u00ean<\/th><th>Ch\u1ea5t x\u00fac t\u00e1c quang<\/th><\/tr><\/thead><tbody><tr><td>C\u01a1 ch\u1ebf<\/td><td>S\u1ef1 h\u1ea5p th\u1ee5 c\u1ee7a nh\u00f3m ch\u1ee9c n\u0103ng<\/td><td>Hi\u1ec7u \u1ee9ng trung h\u00f2a axit h\u1eefu c\u01a1<\/td><td>Hi\u1ec7u \u1ee9ng h\u1ea5p th\u1ee5 \/ trung h\u00f2a<\/td><td>S\u1ef1 ph\u00e2n h\u1ee7y oxy h\u00f3a b\u1edfi oxy ho\u1ea1t t\u00ednh<\/td><\/tr><tr><td>Gi\u1ea3m gi\u00e1 tr\u1ecb<\/td><td>H\u1ea7u nh\u01b0 kh\u00f4ng c\u00f3<\/td><td>Suy tho\u00e1i th\u1ee7y ph\u00e2n<\/td><td>Suy tho\u00e1i th\u1ee7y ph\u00e2n<\/td><td>H\u1ea7u nh\u01b0 kh\u00f4ng c\u00f3<\/td><\/tr><tr><td>T\u1ed1c \u0111\u1ed9 hi\u1ec7u \u1ee9ng<\/td><td>Nhanh<\/td><td>Nhanh<\/td><td>Nhanh<\/td><td>Ch\u1eadm<\/td><\/tr><tr><td>Hi\u1ec7u qu\u1ea3 l\u00e2u d\u00e0i<\/td><td>3-5 n\u0103m<\/td><td>1-2 n\u0103m<\/td><td>1-2 th\u00e1ng<\/td><td>2-3 n\u0103m<\/td><\/tr><tr><td>\u0110\u1ed5i m\u00e0u<\/td><td>Kh\u00f4ng c\u00f3<\/td><td>Thay \u0111\u1ed5i m\u00e0u s\u1eafc<\/td><td>Thay \u0111\u1ed5i m\u00e0u s\u1eafc<\/td><td>Kh\u00f4ng c\u00f3<\/td><\/tr><\/tbody><\/table><\/figure>\n\n\n\n<div class=\"wp-block-vk-blocks-spacer vk_spacer vk_spacer-type-margin-top\"><div class=\"vk_block-margin-md--margin-top\"><\/div><\/div>\n\n\n\n<h2 class=\"wp-block-heading\" style=\"font-size:1.6rem\">\u3010Hi\u1ec7u su\u1ea5t lo\u1ea1i b\u1ecf kh\u00ed Formaldehyde\u3011<\/h2>\n\n\n\n<p style=\"font-size:1.225rem\">S-3T lo\u1ea1i b\u1ecf r\u1ea5t nhi\u1ec1u kh\u00ed formaldehyde c\u00f3 th\u1ec3 \u0111\u01b0\u1ee3c t\u00ecm th\u1ea5y trong nh\u00e0 r\u1ea5t nhanh ch\u00f3ng.<\/p>\n\n\n\n<figure class=\"wp-block-flexible-table-block-table\"><table class=\"has-fixed-layout is-stacked-on-mobile\"><tbody><tr><td><img decoding=\"async\" src=\"https:\/\/moldefeat.com\/vn\/wp-content\/uploads\/2022\/07\/S-3T1-1024x830.png\" alt=\"\u6d88\u81ed\u8a66\u9a13\"><\/td><td><img decoding=\"async\" src=\"https:\/\/moldefeat.com\/vn\/wp-content\/uploads\/2022\/07\/image-1.png\" alt=\"\"><\/td><\/tr><\/tbody><\/table><\/figure>\n\n\n\n<h2 class=\"wp-block-heading\" style=\"font-size:1.6rem\">\u3010Hi\u1ec7u su\u1ea5t lo\u1ea1i b\u1ecf t\u1ed1i \u0111a\u3011<\/h2>\n\n\n\n<p style=\"font-size:1.225rem\">Ch\u00fang t\u00f4i \u0111\u00e3 x\u00e1c nh\u1eadn l\u01b0\u1ee3ng kh\u00ed formaldehyde lo\u1ea1i b\u1ecf t\u1ed1i \u0111a b\u1eb1ng th\u1eed nghi\u1ec7m l\u1eb7p l\u1ea1i.&nbsp;Theo k\u1ebft qu\u1ea3 th\u1eed nghi\u1ec7m n\u00e0y, ch\u00fang t\u00f4i t\u1ea1o c\u00f4ng th\u1ee9c t\u00ednh to\u00e1n ban \u0111\u1ea7u \u0111\u1ec3 t\u00ednh l\u01b0\u1ee3ng s\u1eed d\u1ee5ng th\u00edch h\u1ee3p cho b\u1ea5t k\u1ef3 v\u1ecb tr\u00ed m\u1ee5c ti\u00eau n\u00e0o.<\/p>\n\n\n\n<figure class=\"wp-block-image size-large\"><img loading=\"lazy\" decoding=\"async\" width=\"1024\" height=\"458\" src=\"https:\/\/moldefeat.com\/vn\/wp-content\/uploads\/2022\/07\/S-3T2-1024x458.png\" alt=\"\u30a2\u30eb\u30c7\u30d2\u30c9\u9650\u754c\u5438\u7740\u91cf\u8a66\u9a13\" class=\"wp-image-35\"\/><\/figure>\n\n\n\n<h2 class=\"wp-block-heading\" style=\"font-size:1.6rem\"><\/h2>\n","protected":false},"excerpt":{"rendered":"<p>\u3010Chi ph\u00ed lo\u1ea1i b\u1ecf formaldehyde, Moldefeat\u3011 \u3010Lo\u1ea1i s\u1ea3n ph\u1ea9m\u3011 \u3010T\u00ednh n\u0103ng s\u1ea3n ph\u1ea9m\u3011 Kh\u1eed m\u00f9i cao Lo\u1ea1i b\u1ecf kh\u00ed formald [&hellip;]<\/p>\n","protected":false},"author":3,"featured_media":0,"parent":0,"menu_order":20,"comment_status":"closed","ping_status":"closed","template":"","meta":{"sns_share_botton_hide":"","vkExUnit_sns_title":"","_vk_print_noindex":"","sitemap_hide":"","vkExUnit_sitemap":"","_veu_custom_css":"","veu_display_promotion_alert":"common","_exclude_from_list_pages":"","vkexunit_cta_each_option":"","vkExUnit_childPageIndex":"","vkExUnit_pageList_ancestor":"","vkExUnit_contact_enable":"","footnotes":""},"class_list":["post-2","page","type-page","status-publish","hentry"],"aioseo_notices":[],"veu_head_title_object":{"title":"","add_site_title":""},"_links":{"self":[{"href":"https:\/\/moldefeat.com\/vn\/wp-json\/wp\/v2\/pages\/2","targetHints":{"allow":["GET"]}}],"collection":[{"href":"https:\/\/moldefeat.com\/vn\/wp-json\/wp\/v2\/pages"}],"about":[{"href":"https:\/\/moldefeat.com\/vn\/wp-json\/wp\/v2\/types\/page"}],"author":[{"embeddable":true,"href":"https:\/\/moldefeat.com\/vn\/wp-json\/wp\/v2\/users\/3"}],"replies":[{"embeddable":true,"href":"https:\/\/moldefeat.com\/vn\/wp-json\/wp\/v2\/comments?post=2"}],"version-history":[{"count":60,"href":"https:\/\/moldefeat.com\/vn\/wp-json\/wp\/v2\/pages\/2\/revisions"}],"predecessor-version":[{"id":1049,"href":"https:\/\/moldefeat.com\/vn\/wp-json\/wp\/v2\/pages\/2\/revisions\/1049"}],"wp:attachment":[{"href":"https:\/\/moldefeat.com\/vn\/wp-json\/wp\/v2\/media?parent=2"}],"curies":[{"name":"wp","href":"https:\/\/api.w.org\/{rel}","templated":true}]}}