{"id":120,"date":"2022-09-29T13:07:10","date_gmt":"2022-09-29T04:07:10","guid":{"rendered":"https:\/\/odor.marusyosangyo.com\/vn\/?page_id=120"},"modified":"2026-03-04T10:24:31","modified_gmt":"2026-03-04T01:24:31","slug":"cuoc-dieu-tra","status":"publish","type":"page","link":"https:\/\/moldefeat.com\/vn\/cuoc-dieu-tra\/","title":{"rendered":"Cu\u1ed9c \u0111i\u1ec1u tra"},"content":{"rendered":"\n<p style=\"font-size:1.23rem\">Xin c\u1ee9 tho\u1ea3i m\u00e1i li\u00ean l\u1ea1c v\u1edbi ch\u00fang t\u00f4i.<\/p>\n\n\n\n<figure class=\"wp-block-flexible-table-block-table\"><table class=\"has-fixed-layout is-stacked-on-mobile\"><tbody><tr><td>\n<div class=\"wpcf7 no-js\" id=\"wpcf7-f763-o1\" lang=\"ja\" dir=\"ltr\" data-wpcf7-id=\"763\">\n<div class=\"screen-reader-response\"><p role=\"status\" aria-live=\"polite\" aria-atomic=\"true\"><\/p> <ul><\/ul><\/div>\n<form action=\"\/vn\/wp-json\/wp\/v2\/pages\/120#wpcf7-f763-o1\" method=\"post\" class=\"wpcf7-form init\" aria-label=\"\u30b3\u30f3\u30bf\u30af\u30c8\u30d5\u30a9\u30fc\u30e0\" novalidate=\"novalidate\" data-status=\"init\">\n<fieldset class=\"hidden-fields-container\"><input type=\"hidden\" name=\"_wpcf7\" value=\"763\" \/><input type=\"hidden\" name=\"_wpcf7_version\" value=\"6.1.5\" \/><input type=\"hidden\" name=\"_wpcf7_locale\" value=\"ja\" \/><input type=\"hidden\" name=\"_wpcf7_unit_tag\" value=\"wpcf7-f763-o1\" \/><input type=\"hidden\" name=\"_wpcf7_container_post\" value=\"0\" \/><input type=\"hidden\" name=\"_wpcf7_posted_data_hash\" value=\"\" \/>\n<\/fieldset>\n<p><label> T\u00ean<br \/>\n<span class=\"wpcf7-form-control-wrap\" data-name=\"your-name\"><input size=\"40\" maxlength=\"400\" class=\"wpcf7-form-control wpcf7-text wpcf7-validates-as-required\" aria-required=\"true\" aria-invalid=\"false\" value=\"\" type=\"text\" name=\"your-name\" \/><\/span> <\/label>\n<\/p>\n<p><label> \u0110\u1ecba ch\u1ec9 nh\u00e0<br \/>\n<span class=\"wpcf7-form-control-wrap\" data-name=\"your-email\"><input size=\"40\" maxlength=\"400\" class=\"wpcf7-form-control wpcf7-email wpcf7-validates-as-required wpcf7-text wpcf7-validates-as-email\" aria-required=\"true\" aria-invalid=\"false\" value=\"\" type=\"email\" name=\"your-email\" \/><\/span> <\/label>\n<\/p>\n<p><label> M\u00f4n h\u1ecdc<br \/>\n<span class=\"wpcf7-form-control-wrap\" data-name=\"your-subject\"><input size=\"40\" maxlength=\"400\" class=\"wpcf7-form-control wpcf7-text wpcf7-validates-as-required\" aria-required=\"true\" aria-invalid=\"false\" value=\"\" type=\"text\" name=\"your-subject\" \/><\/span> <\/label>\n<\/p>\n<p><label> Th\u00f4ng \u0111i\u1ec7p<br \/>\n<span class=\"wpcf7-form-control-wrap\" data-name=\"your-message\"><textarea cols=\"40\" rows=\"10\" maxlength=\"2000\" class=\"wpcf7-form-control wpcf7-textarea\" aria-invalid=\"false\" name=\"your-message\"><\/textarea><\/span> <\/label><br \/>\n<div class=\"cf7-cf-turnstile\" style=\"margin-top: 0px; margin-bottom: -15px;\"> <div id=\"cf-turnstile-cf7-1340922859\" class=\"cf-turnstile\" data-sitekey=\"0x4AAAAAAAMvkzcQbYXy0b-X\" data-theme=\"light\" data-language=\"en\" data-size=\"\" data-retry=\"auto\" data-retry-interval=\"1000\" data-refresh-expired=\"auto\" data-action=\"contact-form-7\" data-appearance=\"always\"><\/div> <script>document.addEventListener(\"DOMContentLoaded\", function() { setTimeout(function(){ var e=document.getElementById(\"cf-turnstile-cf7-1340922859\"); e&&!e.innerHTML.trim()&&(turnstile.remove(\"#cf-turnstile-cf7-1340922859\"), turnstile.render(\"#cf-turnstile-cf7-1340922859\", {sitekey:\"0x4AAAAAAAMvkzcQbYXy0b-X\"})); }, 100); });<\/script> <br class=\"cf-turnstile-br cf-turnstile-br-cf7-1340922859\"> <style>#cf-turnstile-cf7-1340922859 { margin-left: -15px; }<\/style> <script>document.addEventListener(\"DOMContentLoaded\",function(){document.querySelectorAll('.wpcf7-form').forEach(function(e){e.addEventListener('submit',function(){if(document.getElementById('cf-turnstile-cf7-1340922859')){setTimeout(function(){turnstile.reset('#cf-turnstile-cf7-1340922859');},1000)}})})});<\/script> <\/div><br \/>\n<input class=\"wpcf7-form-control wpcf7-submit has-spinner\" type=\"submit\" value=\"G\u1eedi \u0111i\" \/>\n<\/p><div class=\"wpcf7-response-output\" aria-hidden=\"true\"><\/div>\n<\/form>\n<\/div>\n<\/td><td style=\"font-size:14px;width:40%\"><strong>\u3010L\u01afU \u00dd\u3011<\/strong><br>\u25cf Ch\u00fang t\u00f4i s\u1ebd li\u00ean h\u1ec7 l\u1ea1i v\u1edbi b\u1ea1n trong v\u00f2ng 3 ng\u00e0y l\u00e0m vi\u1ec7c.<br>\u25cf N\u1ebfu b\u1ea1n kh\u00f4ng nh\u1eadn \u0111\u01b0\u1ee3c b\u1ea5t k\u1ef3 tr\u1ea3 l\u1eddi n\u00e0o sau 3 ng\u00e0y l\u00e0m vi\u1ec7c, vui l\u00f2ng g\u1eedi l\u1ea1i y\u00eau c\u1ea7u ho\u1eb7c g\u1ecdi cho ch\u00fang t\u00f4i.<br><strong>\u25cf B\u1ed9 ph\u1eadn ph\u00e1t tri\u1ec3n m\u1edbi \uff1a + 81-283-22-1955<\/strong><br><strong>\u25cf WhatsApp:+81-90-4215-8816<\/strong><br><img decoding=\"async\" src=\"https:\/\/moldefeat.com\/vn\/wp-content\/uploads\/QRcode-260303.jpg\" alt=\"\"><\/td><\/tr><\/tbody><\/table><\/figure>\n\n\n\n<p><\/p>\n","protected":false},"excerpt":{"rendered":"<p>Xin c\u1ee9 tho\u1ea3i m\u00e1i li\u00ean l\u1ea1c v\u1edbi ch\u00fang t\u00f4i.<\/p>\n","protected":false},"author":3,"featured_media":0,"parent":0,"menu_order":100,"comment_status":"closed","ping_status":"closed","template":"","meta":{"vkexunit_cta_each_option":"","footnotes":""},"class_list":["post-120","page","type-page","status-publish","hentry"],"aioseo_notices":[],"_links":{"self":[{"href":"https:\/\/moldefeat.com\/vn\/wp-json\/wp\/v2\/pages\/120","targetHints":{"allow":["GET"]}}],"collection":[{"href":"https:\/\/moldefeat.com\/vn\/wp-json\/wp\/v2\/pages"}],"about":[{"href":"https:\/\/moldefeat.com\/vn\/wp-json\/wp\/v2\/types\/page"}],"author":[{"embeddable":true,"href":"https:\/\/moldefeat.com\/vn\/wp-json\/wp\/v2\/users\/3"}],"replies":[{"embeddable":true,"href":"https:\/\/moldefeat.com\/vn\/wp-json\/wp\/v2\/comments?post=120"}],"version-history":[{"count":18,"href":"https:\/\/moldefeat.com\/vn\/wp-json\/wp\/v2\/pages\/120\/revisions"}],"predecessor-version":[{"id":1065,"href":"https:\/\/moldefeat.com\/vn\/wp-json\/wp\/v2\/pages\/120\/revisions\/1065"}],"wp:attachment":[{"href":"https:\/\/moldefeat.com\/vn\/wp-json\/wp\/v2\/media?parent=120"}],"curies":[{"name":"wp","href":"https:\/\/api.w.org\/{rel}","templated":true}]}}