{"id":86,"date":"2022-07-21T16:32:06","date_gmt":"2022-07-21T07:32:06","guid":{"rendered":"http:\/\/odor.marusyosangyo.com\/en\/?page_id=86"},"modified":"2022-11-04T15:44:37","modified_gmt":"2022-11-04T06:44:37","slug":"company","status":"publish","type":"page","link":"https:\/\/moldefeat.com\/pt\/company\/","title":{"rendered":"Company"},"content":{"rendered":"\n<div class=\"wp-block-columns alignfull is-layout-flex wp-container-core-columns-is-layout-9d6595d7 wp-block-columns-is-layout-flex\">\n<div class=\"wp-block-column is-layout-flow wp-block-column-is-layout-flow\" style=\"flex-basis:50%\">\n<div class=\"wp-block-cover is-light\" style=\"min-height:600px;aspect-ratio:unset;\"><span aria-hidden=\"true\" class=\"wp-block-cover__background has-background-dim-100 has-background-dim\" style=\"background-color:#f6f6f6\"><\/span><div class=\"wp-block-cover__inner-container is-layout-flow wp-block-cover-is-layout-flow\">\n<div class=\"wp-block-cover is-light\" style=\"min-height:600px;aspect-ratio:unset;\"><span aria-hidden=\"true\" class=\"wp-block-cover__background has-background-dim-100 has-background-dim\" style=\"background-color:#f6f6f6\"><\/span><div class=\"wp-block-cover__inner-container is-layout-flow wp-block-cover-is-layout-flow\"><div class=\"wp-block-image\">\n<figure class=\"aligncenter size-full is-resized\"><img loading=\"lazy\" decoding=\"async\" src=\"https:\/\/odor.marusyosangyo.com\/wp-content\/uploads\/factory.jpg\" alt=\"\" class=\"wp-image-532\" width=\"334\" height=\"245\"\/><\/figure>\n<\/div><\/div><\/div>\n<\/div><\/div>\n<\/div>\n\n\n\n<div class=\"wp-block-column is-vertically-aligned-center is-layout-flow wp-block-column-is-layout-flow\" style=\"padding-top:1em;padding-right:1em;padding-bottom:1em;padding-left:1em\">\n<figure class=\"wp-block-flexible-table-block-table\" style=\"font-size:1.23rem\"><table class=\"has-fixed-layout is-stacked-on-mobile\" style=\"width:100%;border-collapse:separate\"><tbody><tr><td style=\"font-size:14px\">Company\uff1a<\/td><td style=\"font-size:14px\">MARUSYOSANGYO Co.,Ltd.<\/td><\/tr><tr><td style=\"font-size:14px\">Founded\uff1a<\/td><td style=\"font-size:14px\">April 1st,1923<\/td><\/tr><tr><td style=\"font-size:14px\">Established\uff1a<\/td><td style=\"font-size:14px\">July 1st, 1983<\/td><\/tr><tr><td style=\"font-size:14px\">Paid-in-capital\uff1a<\/td><td style=\"font-size:14px\">10,000,000 JPY<\/td><\/tr><tr><td style=\"font-size:14px\">Address\uff1a<\/td><td style=\"font-size:14px\">\u3012327-0031\u3000171 TAJIMA-CHO, SANO-CITY, TOCHIGI Pref.<br>TEL\uff1a<a href=\"tel:0283221901\">0283-22-1901 <\/a>(Head Office)<\/td><\/tr><tr><td style=\"font-size:14px\">Business\uff1a<\/td><td style=\"font-size:14px\">\u30fbManufacturing and Development of textile<br>\u30fbManufacturing and Development of Chemical product<br>\u30fbEco product R&amp;D<br>\u30fbOEM product<\/td><\/tr><tr><td>URL:<\/td><td><a href=\"https:\/\/marusyosangyo.jp\" target=\"_blank\" rel=\"noreferrer noopener\">https:\/\/marusyosangyo.jp<\/a><\/td><\/tr><\/tbody><\/table><\/figure>\n<\/div>\n<\/div>\n","protected":false},"excerpt":{"rendered":"","protected":false},"author":3,"featured_media":0,"parent":0,"menu_order":99,"comment_status":"closed","ping_status":"closed","template":"","meta":{"vkexunit_cta_each_option":"","footnotes":""},"class_list":["post-86","page","type-page","status-publish","hentry"],"yoast_head":"<!-- This site is optimized with the Yoast SEO plugin v27.4 - https:\/\/yoast.com\/product\/yoast-seo-wordpress\/ -->\n<title>Company - Agente redutor de emiss\u00e3o de formalde\u00eddo &quot;Moldefeat&quot;<\/title>\n<meta name=\"description\" content=\"MARUSYOSANGYO Co.,Ltd. We have wide range original products not only odor eliminating fluid but also photocatalyst coating, Super hydrophilic Coating Fluid-Selface coat.\" \/>\n<meta name=\"robots\" content=\"index, follow, max-snippet:-1, max-image-preview:large, max-video-preview:-1\" \/>\n<link rel=\"canonical\" href=\"https:\/\/moldefeat.com\/pt\/company\/\" \/>\n<meta property=\"og:locale\" content=\"ja_JP\" \/>\n<meta property=\"og:type\" content=\"article\" \/>\n<meta property=\"og:title\" content=\"Company - Agente redutor de emiss\u00e3o de formalde\u00eddo &quot;Moldefeat&quot;\" \/>\n<meta property=\"og:description\" content=\"MARUSYOSANGYO Co.,Ltd. We have wide range original products not only odor eliminating fluid but also photocatalyst coating, Super hydrophilic Coating Fluid-Selface coat.\" \/>\n<meta property=\"og:url\" content=\"https:\/\/moldefeat.com\/pt\/company\/\" \/>\n<meta property=\"og:site_name\" content=\"Agente redutor de emiss\u00e3o de formalde\u00eddo &quot;Moldefeat&quot;\" \/>\n<meta property=\"article:publisher\" content=\"https:\/\/www.facebook.com\/marusyosangyo.inc\" \/>\n<meta property=\"article:modified_time\" content=\"2022-11-04T06:44:37+00:00\" \/>\n<meta property=\"og:image\" content=\"https:\/\/odor.marusyosangyo.com\/wp-content\/uploads\/factory.jpg\" \/>\n<meta name=\"twitter:card\" content=\"summary_large_image\" \/>\n<meta name=\"twitter:label1\" content=\"\u63a8\u5b9a\u8aad\u307f\u53d6\u308a\u6642\u9593\" \/>\n\t<meta name=\"twitter:data1\" content=\"2\u5206\" \/>\n<script type=\"application\/ld+json\" class=\"yoast-schema-graph\">{\"@context\":\"https:\\\/\\\/schema.org\",\"@graph\":[{\"@type\":\"WebPage\",\"@id\":\"https:\\\/\\\/moldefeat.com\\\/pt\\\/company\\\/\",\"url\":\"https:\\\/\\\/moldefeat.com\\\/pt\\\/company\\\/\",\"name\":\"Company - Agente redutor de emiss\u00e3o de formalde\u00eddo &quot;Moldefeat&quot;\",\"isPartOf\":{\"@id\":\"https:\\\/\\\/moldefeat.com\\\/pt\\\/#website\"},\"primaryImageOfPage\":{\"@id\":\"https:\\\/\\\/moldefeat.com\\\/pt\\\/company\\\/#primaryimage\"},\"image\":{\"@id\":\"https:\\\/\\\/moldefeat.com\\\/pt\\\/company\\\/#primaryimage\"},\"thumbnailUrl\":\"https:\\\/\\\/odor.marusyosangyo.com\\\/wp-content\\\/uploads\\\/factory.jpg\",\"datePublished\":\"2022-07-21T07:32:06+00:00\",\"dateModified\":\"2022-11-04T06:44:37+00:00\",\"description\":\"MARUSYOSANGYO Co.,Ltd. We have wide range original products not only odor eliminating fluid but also photocatalyst coating, Super hydrophilic Coating Fluid-Selface coat.\",\"breadcrumb\":{\"@id\":\"https:\\\/\\\/moldefeat.com\\\/pt\\\/company\\\/#breadcrumb\"},\"inLanguage\":\"ja\",\"potentialAction\":[{\"@type\":\"ReadAction\",\"target\":[\"https:\\\/\\\/moldefeat.com\\\/pt\\\/company\\\/\"]}]},{\"@type\":\"ImageObject\",\"inLanguage\":\"ja\",\"@id\":\"https:\\\/\\\/moldefeat.com\\\/pt\\\/company\\\/#primaryimage\",\"url\":\"https:\\\/\\\/odor.marusyosangyo.com\\\/wp-content\\\/uploads\\\/factory.jpg\",\"contentUrl\":\"https:\\\/\\\/odor.marusyosangyo.com\\\/wp-content\\\/uploads\\\/factory.jpg\"},{\"@type\":\"BreadcrumbList\",\"@id\":\"https:\\\/\\\/moldefeat.com\\\/pt\\\/company\\\/#breadcrumb\",\"itemListElement\":[{\"@type\":\"ListItem\",\"position\":1,\"name\":\"Home\",\"item\":\"https:\\\/\\\/moldefeat.com\\\/pt\\\/\"},{\"@type\":\"ListItem\",\"position\":2,\"name\":\"Company\"}]},{\"@type\":\"WebSite\",\"@id\":\"https:\\\/\\\/moldefeat.com\\\/pt\\\/#website\",\"url\":\"https:\\\/\\\/moldefeat.com\\\/pt\\\/\",\"name\":\"Agente redutor de emiss\u00e3o de formalde\u00eddo &quot;Moldefeat&quot;\",\"description\":\"Agente de revestimento removedor de formalde\u00eddo\",\"publisher\":{\"@id\":\"https:\\\/\\\/moldefeat.com\\\/pt\\\/#organization\"},\"potentialAction\":[{\"@type\":\"SearchAction\",\"target\":{\"@type\":\"EntryPoint\",\"urlTemplate\":\"https:\\\/\\\/moldefeat.com\\\/pt\\\/?s={search_term_string}\"},\"query-input\":{\"@type\":\"PropertyValueSpecification\",\"valueRequired\":true,\"valueName\":\"search_term_string\"}}],\"inLanguage\":\"ja\"},{\"@type\":\"Organization\",\"@id\":\"https:\\\/\\\/moldefeat.com\\\/pt\\\/#organization\",\"name\":\"MARUSYOSANGYO CO.,LTD.\",\"url\":\"https:\\\/\\\/moldefeat.com\\\/pt\\\/\",\"logo\":{\"@type\":\"ImageObject\",\"inLanguage\":\"ja\",\"@id\":\"https:\\\/\\\/moldefeat.com\\\/pt\\\/#\\\/schema\\\/logo\\\/image\\\/\",\"url\":\"http:\\\/\\\/odor.marusyosangyo.com\\\/en\\\/wp-content\\\/uploads\\\/logo1.png\",\"contentUrl\":\"http:\\\/\\\/odor.marusyosangyo.com\\\/en\\\/wp-content\\\/uploads\\\/logo1.png\",\"width\":271,\"height\":44,\"caption\":\"MARUSYOSANGYO CO.,LTD.\"},\"image\":{\"@id\":\"https:\\\/\\\/moldefeat.com\\\/pt\\\/#\\\/schema\\\/logo\\\/image\\\/\"},\"sameAs\":[\"https:\\\/\\\/www.facebook.com\\\/marusyosangyo.inc\"]}]}<\/script>\n<!-- \/ Yoast SEO plugin. -->","yoast_head_json":{"title":"Company - Agente redutor de emiss\u00e3o de formalde\u00eddo &quot;Moldefeat&quot;","description":"MARUSYOSANGYO Co.,Ltd. We have wide range original products not only odor eliminating fluid but also photocatalyst coating, Super hydrophilic Coating Fluid-Selface coat.","robots":{"index":"index","follow":"follow","max-snippet":"max-snippet:-1","max-image-preview":"max-image-preview:large","max-video-preview":"max-video-preview:-1"},"canonical":"https:\/\/moldefeat.com\/pt\/company\/","og_locale":"ja_JP","og_type":"article","og_title":"Company - Agente redutor de emiss\u00e3o de formalde\u00eddo &quot;Moldefeat&quot;","og_description":"MARUSYOSANGYO Co.,Ltd. We have wide range original products not only odor eliminating fluid but also photocatalyst coating, Super hydrophilic Coating Fluid-Selface coat.","og_url":"https:\/\/moldefeat.com\/pt\/company\/","og_site_name":"Agente redutor de emiss\u00e3o de formalde\u00eddo &quot;Moldefeat&quot;","article_publisher":"https:\/\/www.facebook.com\/marusyosangyo.inc","article_modified_time":"2022-11-04T06:44:37+00:00","og_image":[{"url":"https:\/\/odor.marusyosangyo.com\/wp-content\/uploads\/factory.jpg","type":"","width":"","height":""}],"twitter_card":"summary_large_image","twitter_misc":{"\u63a8\u5b9a\u8aad\u307f\u53d6\u308a\u6642\u9593":"2\u5206"},"schema":{"@context":"https:\/\/schema.org","@graph":[{"@type":"WebPage","@id":"https:\/\/moldefeat.com\/pt\/company\/","url":"https:\/\/moldefeat.com\/pt\/company\/","name":"Company - Agente redutor de emiss\u00e3o de formalde\u00eddo &quot;Moldefeat&quot;","isPartOf":{"@id":"https:\/\/moldefeat.com\/pt\/#website"},"primaryImageOfPage":{"@id":"https:\/\/moldefeat.com\/pt\/company\/#primaryimage"},"image":{"@id":"https:\/\/moldefeat.com\/pt\/company\/#primaryimage"},"thumbnailUrl":"https:\/\/odor.marusyosangyo.com\/wp-content\/uploads\/factory.jpg","datePublished":"2022-07-21T07:32:06+00:00","dateModified":"2022-11-04T06:44:37+00:00","description":"MARUSYOSANGYO Co.,Ltd. We have wide range original products not only odor eliminating fluid but also photocatalyst coating, Super hydrophilic Coating Fluid-Selface coat.","breadcrumb":{"@id":"https:\/\/moldefeat.com\/pt\/company\/#breadcrumb"},"inLanguage":"ja","potentialAction":[{"@type":"ReadAction","target":["https:\/\/moldefeat.com\/pt\/company\/"]}]},{"@type":"ImageObject","inLanguage":"ja","@id":"https:\/\/moldefeat.com\/pt\/company\/#primaryimage","url":"https:\/\/odor.marusyosangyo.com\/wp-content\/uploads\/factory.jpg","contentUrl":"https:\/\/odor.marusyosangyo.com\/wp-content\/uploads\/factory.jpg"},{"@type":"BreadcrumbList","@id":"https:\/\/moldefeat.com\/pt\/company\/#breadcrumb","itemListElement":[{"@type":"ListItem","position":1,"name":"Home","item":"https:\/\/moldefeat.com\/pt\/"},{"@type":"ListItem","position":2,"name":"Company"}]},{"@type":"WebSite","@id":"https:\/\/moldefeat.com\/pt\/#website","url":"https:\/\/moldefeat.com\/pt\/","name":"Agente redutor de emiss\u00e3o de formalde\u00eddo &quot;Moldefeat&quot;","description":"Agente de revestimento removedor de formalde\u00eddo","publisher":{"@id":"https:\/\/moldefeat.com\/pt\/#organization"},"potentialAction":[{"@type":"SearchAction","target":{"@type":"EntryPoint","urlTemplate":"https:\/\/moldefeat.com\/pt\/?s={search_term_string}"},"query-input":{"@type":"PropertyValueSpecification","valueRequired":true,"valueName":"search_term_string"}}],"inLanguage":"ja"},{"@type":"Organization","@id":"https:\/\/moldefeat.com\/pt\/#organization","name":"MARUSYOSANGYO CO.,LTD.","url":"https:\/\/moldefeat.com\/pt\/","logo":{"@type":"ImageObject","inLanguage":"ja","@id":"https:\/\/moldefeat.com\/pt\/#\/schema\/logo\/image\/","url":"http:\/\/odor.marusyosangyo.com\/en\/wp-content\/uploads\/logo1.png","contentUrl":"http:\/\/odor.marusyosangyo.com\/en\/wp-content\/uploads\/logo1.png","width":271,"height":44,"caption":"MARUSYOSANGYO CO.,LTD."},"image":{"@id":"https:\/\/moldefeat.com\/pt\/#\/schema\/logo\/image\/"},"sameAs":["https:\/\/www.facebook.com\/marusyosangyo.inc"]}]}},"_links":{"self":[{"href":"https:\/\/moldefeat.com\/pt\/wp-json\/wp\/v2\/pages\/86","targetHints":{"allow":["GET"]}}],"collection":[{"href":"https:\/\/moldefeat.com\/pt\/wp-json\/wp\/v2\/pages"}],"about":[{"href":"https:\/\/moldefeat.com\/pt\/wp-json\/wp\/v2\/types\/page"}],"author":[{"embeddable":true,"href":"https:\/\/moldefeat.com\/pt\/wp-json\/wp\/v2\/users\/3"}],"replies":[{"embeddable":true,"href":"https:\/\/moldefeat.com\/pt\/wp-json\/wp\/v2\/comments?post=86"}],"version-history":[{"count":11,"href":"https:\/\/moldefeat.com\/pt\/wp-json\/wp\/v2\/pages\/86\/revisions"}],"predecessor-version":[{"id":732,"href":"https:\/\/moldefeat.com\/pt\/wp-json\/wp\/v2\/pages\/86\/revisions\/732"}],"wp:attachment":[{"href":"https:\/\/moldefeat.com\/pt\/wp-json\/wp\/v2\/media?parent=86"}],"curies":[{"name":"wp","href":"https:\/\/api.w.org\/{rel}","templated":true}]}}