{"id":702,"date":"2022-10-06T19:14:55","date_gmt":"2022-10-06T10:14:55","guid":{"rendered":"https:\/\/odor.marusyosangyo.com\/en\/?page_id=702"},"modified":"2024-09-13T17:45:52","modified_gmt":"2024-09-13T08:45:52","slug":"languages","status":"publish","type":"page","link":"https:\/\/moldefeat.com\/pt\/languages\/","title":{"rendered":"Idiomas"},"content":{"rendered":"\n<p><a href=\"https:\/\/moldefeat.com\/\">\u65e5\u672c\u8a9e\u30b5\u30a4\u30c8 <\/a><br><a href=\"https:\/\/moldefeat.com\/\">https:\/\/moldefeat.com\/<\/a><\/p>\n\n\n\n<p><a href=\"https:\/\/moldefeat.com\/en\/\">English website <\/a><br><a href=\"https:\/\/moldefeat.com\/pt\/\">https:\/\/moldefeat.com\/e<\/a><a href=\"https:\/\/moldefeat.com\/en\/\">n\/<\/a><\/p>\n\n\n\n<p><a href=\"https:\/\/moldefeat.com\/hi\/\">\u0915\u094b\u0908 \u0935\u0947\u092c\u0938\u093e\u0907\u091f \u0928\u0939\u0940\u0902<\/a><br><a href=\"https:\/\/moldefeat.com\/hi\/\">https:\/\/moldefeat.com\/hi\/<\/a><\/p>\n\n\n\n<p><a href=\"https:\/\/moldefeat.com\/cn\/\">\u4e2d\u6587\u7f51\u7ad9 <\/a><br><a href=\"https:\/\/moldefeat.com\/cn\/\">https:\/\/moldefeat.com\/cn\/<\/a><\/p>\n\n\n\n<p><a href=\"https:\/\/moldefeat.com\/vn\/\">Trang web vi\u1ec7t nam  <\/a><br><a href=\"https:\/\/moldefeat.com\/vn\/\">https:\/\/moldefeat.com\/vn\/<\/a><\/p>\n\n\n\n<p><a href=\"https:\/\/moldefeat.com\/pt\/\">portugu\u00eas website <\/a><br><a href=\"https:\/\/moldefeat.com\/pt\/\">https:\/\/moldefeat.com\/pt\/<\/a><\/p>\n\n\n\n<p><\/p>\n","protected":false},"excerpt":{"rendered":"<p>\u65e5\u672c\u8a9e\u30b5\u30a4\u30c8 https:\/\/moldefeat.com\/ English website https:\/\/moldefeat.com\/en\/ \u0915\u094b\u0908 \u0935\u0947\u092c\u0938\u093e\u0907\u091f \u0928\u0939\u0940\u0902https:\/\/moldefeat.com\/ [&hellip;]<\/p>\n","protected":false},"author":3,"featured_media":0,"parent":0,"menu_order":200,"comment_status":"closed","ping_status":"closed","template":"","meta":{"vkexunit_cta_each_option":"","footnotes":""},"class_list":["post-702","page","type-page","status-publish","hentry"],"yoast_head":"<!-- This site is optimized with the Yoast SEO plugin v27.3 - https:\/\/yoast.com\/product\/yoast-seo-wordpress\/ -->\n<title>Idiomas - Agente redutor de emiss\u00e3o de formalde\u00eddo &quot;Moldefeat&quot;<\/title>\n<meta name=\"description\" content=\"Formaldehyde remover S-3T, 4 languages are available.\" \/>\n<meta name=\"robots\" content=\"index, follow, max-snippet:-1, max-image-preview:large, max-video-preview:-1\" \/>\n<link rel=\"canonical\" href=\"https:\/\/moldefeat.com\/pt\/languages\/\" \/>\n<meta property=\"og:locale\" content=\"ja_JP\" \/>\n<meta property=\"og:type\" content=\"article\" \/>\n<meta property=\"og:title\" content=\"Idiomas - Agente redutor de emiss\u00e3o de formalde\u00eddo &quot;Moldefeat&quot;\" \/>\n<meta property=\"og:description\" content=\"Formaldehyde remover S-3T, 4 languages are available.\" \/>\n<meta property=\"og:url\" content=\"https:\/\/moldefeat.com\/pt\/languages\/\" \/>\n<meta property=\"og:site_name\" content=\"Agente redutor de emiss\u00e3o de formalde\u00eddo &quot;Moldefeat&quot;\" \/>\n<meta property=\"article:publisher\" content=\"https:\/\/www.facebook.com\/marusyosangyo.inc\" \/>\n<meta property=\"article:modified_time\" content=\"2024-09-13T08:45:52+00:00\" \/>\n<meta name=\"twitter:card\" content=\"summary_large_image\" \/>\n<meta name=\"twitter:label1\" content=\"\u63a8\u5b9a\u8aad\u307f\u53d6\u308a\u6642\u9593\" \/>\n\t<meta name=\"twitter:data1\" content=\"1\u5206\" \/>\n<script type=\"application\/ld+json\" class=\"yoast-schema-graph\">{\"@context\":\"https:\\\/\\\/schema.org\",\"@graph\":[{\"@type\":\"WebPage\",\"@id\":\"https:\\\/\\\/moldefeat.com\\\/pt\\\/languages\\\/\",\"url\":\"https:\\\/\\\/moldefeat.com\\\/pt\\\/languages\\\/\",\"name\":\"Idiomas - Agente redutor de emiss\u00e3o de formalde\u00eddo &quot;Moldefeat&quot;\",\"isPartOf\":{\"@id\":\"https:\\\/\\\/moldefeat.com\\\/pt\\\/#website\"},\"datePublished\":\"2022-10-06T10:14:55+00:00\",\"dateModified\":\"2024-09-13T08:45:52+00:00\",\"description\":\"Formaldehyde remover S-3T, 4 languages are available.\",\"breadcrumb\":{\"@id\":\"https:\\\/\\\/moldefeat.com\\\/pt\\\/languages\\\/#breadcrumb\"},\"inLanguage\":\"ja\",\"potentialAction\":[{\"@type\":\"ReadAction\",\"target\":[\"https:\\\/\\\/moldefeat.com\\\/pt\\\/languages\\\/\"]}]},{\"@type\":\"BreadcrumbList\",\"@id\":\"https:\\\/\\\/moldefeat.com\\\/pt\\\/languages\\\/#breadcrumb\",\"itemListElement\":[{\"@type\":\"ListItem\",\"position\":1,\"name\":\"Home\",\"item\":\"https:\\\/\\\/moldefeat.com\\\/pt\\\/\"},{\"@type\":\"ListItem\",\"position\":2,\"name\":\"Idiomas\"}]},{\"@type\":\"WebSite\",\"@id\":\"https:\\\/\\\/moldefeat.com\\\/pt\\\/#website\",\"url\":\"https:\\\/\\\/moldefeat.com\\\/pt\\\/\",\"name\":\"Agente redutor de emiss\u00e3o de formalde\u00eddo &quot;Moldefeat&quot;\",\"description\":\"Agente de revestimento removedor de formalde\u00eddo\",\"publisher\":{\"@id\":\"https:\\\/\\\/moldefeat.com\\\/pt\\\/#organization\"},\"potentialAction\":[{\"@type\":\"SearchAction\",\"target\":{\"@type\":\"EntryPoint\",\"urlTemplate\":\"https:\\\/\\\/moldefeat.com\\\/pt\\\/?s={search_term_string}\"},\"query-input\":{\"@type\":\"PropertyValueSpecification\",\"valueRequired\":true,\"valueName\":\"search_term_string\"}}],\"inLanguage\":\"ja\"},{\"@type\":\"Organization\",\"@id\":\"https:\\\/\\\/moldefeat.com\\\/pt\\\/#organization\",\"name\":\"MARUSYOSANGYO CO.,LTD.\",\"url\":\"https:\\\/\\\/moldefeat.com\\\/pt\\\/\",\"logo\":{\"@type\":\"ImageObject\",\"inLanguage\":\"ja\",\"@id\":\"https:\\\/\\\/moldefeat.com\\\/pt\\\/#\\\/schema\\\/logo\\\/image\\\/\",\"url\":\"http:\\\/\\\/odor.marusyosangyo.com\\\/en\\\/wp-content\\\/uploads\\\/logo1.png\",\"contentUrl\":\"http:\\\/\\\/odor.marusyosangyo.com\\\/en\\\/wp-content\\\/uploads\\\/logo1.png\",\"width\":271,\"height\":44,\"caption\":\"MARUSYOSANGYO CO.,LTD.\"},\"image\":{\"@id\":\"https:\\\/\\\/moldefeat.com\\\/pt\\\/#\\\/schema\\\/logo\\\/image\\\/\"},\"sameAs\":[\"https:\\\/\\\/www.facebook.com\\\/marusyosangyo.inc\"]}]}<\/script>\n<!-- \/ Yoast SEO plugin. -->","yoast_head_json":{"title":"Idiomas - Agente redutor de emiss\u00e3o de formalde\u00eddo &quot;Moldefeat&quot;","description":"Formaldehyde remover S-3T, 4 languages are available.","robots":{"index":"index","follow":"follow","max-snippet":"max-snippet:-1","max-image-preview":"max-image-preview:large","max-video-preview":"max-video-preview:-1"},"canonical":"https:\/\/moldefeat.com\/pt\/languages\/","og_locale":"ja_JP","og_type":"article","og_title":"Idiomas - Agente redutor de emiss\u00e3o de formalde\u00eddo &quot;Moldefeat&quot;","og_description":"Formaldehyde remover S-3T, 4 languages are available.","og_url":"https:\/\/moldefeat.com\/pt\/languages\/","og_site_name":"Agente redutor de emiss\u00e3o de formalde\u00eddo &quot;Moldefeat&quot;","article_publisher":"https:\/\/www.facebook.com\/marusyosangyo.inc","article_modified_time":"2024-09-13T08:45:52+00:00","twitter_card":"summary_large_image","twitter_misc":{"\u63a8\u5b9a\u8aad\u307f\u53d6\u308a\u6642\u9593":"1\u5206"},"schema":{"@context":"https:\/\/schema.org","@graph":[{"@type":"WebPage","@id":"https:\/\/moldefeat.com\/pt\/languages\/","url":"https:\/\/moldefeat.com\/pt\/languages\/","name":"Idiomas - Agente redutor de emiss\u00e3o de formalde\u00eddo &quot;Moldefeat&quot;","isPartOf":{"@id":"https:\/\/moldefeat.com\/pt\/#website"},"datePublished":"2022-10-06T10:14:55+00:00","dateModified":"2024-09-13T08:45:52+00:00","description":"Formaldehyde remover S-3T, 4 languages are available.","breadcrumb":{"@id":"https:\/\/moldefeat.com\/pt\/languages\/#breadcrumb"},"inLanguage":"ja","potentialAction":[{"@type":"ReadAction","target":["https:\/\/moldefeat.com\/pt\/languages\/"]}]},{"@type":"BreadcrumbList","@id":"https:\/\/moldefeat.com\/pt\/languages\/#breadcrumb","itemListElement":[{"@type":"ListItem","position":1,"name":"Home","item":"https:\/\/moldefeat.com\/pt\/"},{"@type":"ListItem","position":2,"name":"Idiomas"}]},{"@type":"WebSite","@id":"https:\/\/moldefeat.com\/pt\/#website","url":"https:\/\/moldefeat.com\/pt\/","name":"Agente redutor de emiss\u00e3o de formalde\u00eddo &quot;Moldefeat&quot;","description":"Agente de revestimento removedor de formalde\u00eddo","publisher":{"@id":"https:\/\/moldefeat.com\/pt\/#organization"},"potentialAction":[{"@type":"SearchAction","target":{"@type":"EntryPoint","urlTemplate":"https:\/\/moldefeat.com\/pt\/?s={search_term_string}"},"query-input":{"@type":"PropertyValueSpecification","valueRequired":true,"valueName":"search_term_string"}}],"inLanguage":"ja"},{"@type":"Organization","@id":"https:\/\/moldefeat.com\/pt\/#organization","name":"MARUSYOSANGYO CO.,LTD.","url":"https:\/\/moldefeat.com\/pt\/","logo":{"@type":"ImageObject","inLanguage":"ja","@id":"https:\/\/moldefeat.com\/pt\/#\/schema\/logo\/image\/","url":"http:\/\/odor.marusyosangyo.com\/en\/wp-content\/uploads\/logo1.png","contentUrl":"http:\/\/odor.marusyosangyo.com\/en\/wp-content\/uploads\/logo1.png","width":271,"height":44,"caption":"MARUSYOSANGYO CO.,LTD."},"image":{"@id":"https:\/\/moldefeat.com\/pt\/#\/schema\/logo\/image\/"},"sameAs":["https:\/\/www.facebook.com\/marusyosangyo.inc"]}]}},"_links":{"self":[{"href":"https:\/\/moldefeat.com\/pt\/wp-json\/wp\/v2\/pages\/702","targetHints":{"allow":["GET"]}}],"collection":[{"href":"https:\/\/moldefeat.com\/pt\/wp-json\/wp\/v2\/pages"}],"about":[{"href":"https:\/\/moldefeat.com\/pt\/wp-json\/wp\/v2\/types\/page"}],"author":[{"embeddable":true,"href":"https:\/\/moldefeat.com\/pt\/wp-json\/wp\/v2\/users\/3"}],"replies":[{"embeddable":true,"href":"https:\/\/moldefeat.com\/pt\/wp-json\/wp\/v2\/comments?post=702"}],"version-history":[{"count":6,"href":"https:\/\/moldefeat.com\/pt\/wp-json\/wp\/v2\/pages\/702\/revisions"}],"predecessor-version":[{"id":1319,"href":"https:\/\/moldefeat.com\/pt\/wp-json\/wp\/v2\/pages\/702\/revisions\/1319"}],"wp:attachment":[{"href":"https:\/\/moldefeat.com\/pt\/wp-json\/wp\/v2\/media?parent=702"}],"curies":[{"name":"wp","href":"https:\/\/api.w.org\/{rel}","templated":true}]}}