{"id":61,"date":"2022-07-20T16:10:06","date_gmt":"2022-07-20T07:10:06","guid":{"rendered":"http:\/\/odor.marusyosangyo.com\/en\/?page_id=61"},"modified":"2024-08-19T18:43:54","modified_gmt":"2024-08-19T09:43:54","slug":"application","status":"publish","type":"page","link":"https:\/\/moldefeat.com\/pt\/application\/","title":{"rendered":"Aplicativo"},"content":{"rendered":"\n<p style=\"font-size:1.225rem\">O MOLDEFEAT tem duas formas de aplica\u00e7\u00e3o do revestimento, conforme abaixo.<\/p>\n\n\n\n<h4 class=\"wp-block-heading\" style=\"font-size:1.3rem\">1: Revestimento no local<\/h4>\n\n\n\n<p style=\"font-size:1.225rem\">No revestimento no local, use pistola de pulveriza\u00e7\u00e3o (a ar, autom\u00e1tica) ou rolo.<\/p>\n\n\n\n<figure class=\"wp-block-flexible-table-block-table\"><table class=\"has-fixed-layout is-stacked-on-mobile\"><tbody><tr><td><img decoding=\"async\" src=\"http:\/\/odor.marusyosangyo.com\/wp-content\/uploads\/HK-1.png\" alt=\"\"><\/td><td><img decoding=\"async\" src=\"http:\/\/odor.marusyosangyo.com\/wp-content\/uploads\/HK-2.png\" alt=\"\"><\/td><td><img decoding=\"async\" src=\"http:\/\/odor.marusyosangyo.com\/wp-content\/uploads\/HK-3.png\" alt=\"\"><\/td><\/tr><tr><td><img decoding=\"async\" src=\"http:\/\/odor.marusyosangyo.com\/wp-content\/uploads\/HK-4.png\" alt=\"\"><\/td><td><img decoding=\"async\" src=\"http:\/\/odor.marusyosangyo.com\/wp-content\/uploads\/HK-6.png\" alt=\"\"><\/td><td><img decoding=\"async\" src=\"http:\/\/odor.marusyosangyo.com\/wp-content\/uploads\/HK-7.png\" alt=\"\"><\/td><\/tr><tr><td><img decoding=\"async\" src=\"http:\/\/odor.marusyosangyo.com\/wp-content\/uploads\/HK-5.png\" alt=\"\"><\/td><td><img decoding=\"async\" src=\"http:\/\/odor.marusyosangyo.com\/wp-content\/uploads\/HK-10.png\" alt=\"\"><\/td><td><img decoding=\"async\" src=\"http:\/\/odor.marusyosangyo.com\/wp-content\/uploads\/HK-8.png\" alt=\"\"><\/td><\/tr><\/tbody><\/table><\/figure>\n\n\n\n<h4 class=\"wp-block-heading\" style=\"font-size:1.3rem\">2: Revestimento de f\u00e1brica<\/h4>\n\n\n\n<p style=\"font-size:1.225rem\">O benef\u00edcio do revestimento de f\u00e1brica \u00e9 a possibilidade de aplicar o MOLDEFEAT em v\u00e1rias superf\u00edcies de materiais. Independentemente da dureza e dos materiais, o revestimento de f\u00e1brica est\u00e1 dispon\u00edvel para n\u00f3s, bastando selecionar a forma de aplica\u00e7\u00e3o adequada.<\/p>\n\n\n\n<figure class=\"wp-block-flexible-table-block-table\"><table class=\"has-fixed-layout is-stacked-on-mobile\"><tbody><tr><td style=\"font-size:1.1rem\"><img decoding=\"async\" src=\"http:\/\/odor.marusyosangyo.com\/wp-content\/uploads\/printing.jpg\" alt=\"Coating machine\"><br>M\u00e9todo: revestidor de rolo, revestidor de l\u00e2mina de ar<br>Material: Papel de parede, materiais flex\u00edveis (o tipo de folha \u00e9 o melhor)<\/td><td style=\"font-size:1rem\"><img decoding=\"async\" src=\"http:\/\/odor.marusyosangyo.com\/wp-content\/uploads\/%E3%82%A8%E3%82%A2%E3%83%BC%E3%83%96%E3%83%AC%E3%83%BC%E3%83%89.png\" alt=\"\u30a8\u30a2\u30fc\u30d6\u30ec\u30fc\u30c9\"><br>Ex: Blade coater<\/td><\/tr><tr><td style=\"font-size:1.1rem\"><img decoding=\"async\" src=\"http:\/\/odor.marusyosangyo.com\/wp-content\/uploads\/spraying.png\" alt=\"Spraying machine\"><br>M\u00e9todo: Revestimento por pulveriza\u00e7\u00e3o, Revestimento por fluxo<br>Material\uff1aMateriais duros (ex.: compensado, aglomerado de part\u00edculas etc.)<\/td><td style=\"font-size:1rem\"><img decoding=\"async\" src=\"http:\/\/odor.marusyosangyo.com\/wp-content\/uploads\/\u30b9\u30d7\u30ec\u30fc\u51e6\u7406.png\" alt=\"\u30b9\u30d7\u30ec\u30fc\u51e6\u7406\">Ex: Spray coater<\/td><\/tr><\/tbody><\/table><\/figure>\n\n\n\n<h2 class=\"wp-block-heading\" style=\"font-size:1.6rem\">\u3010Application Location\u3011<\/h2>\n\n\n\n<p style=\"font-size:1.225rem\">Casa, escrit\u00f3rio, edif\u00edcio complexo, hotel, condom\u00ednio, casa de repouso, hospital, escrit\u00f3rio, m\u00f3veis etc.<\/p>\n\n\n\n<figure class=\"wp-block-flexible-table-block-table\"><table class=\"has-fixed-layout\"><tbody><tr><td><img decoding=\"async\" src=\"http:\/\/odor.marusyosangyo.com\/wp-content\/uploads\/2022\/07\/image-5-e1664673944265.png\" alt=\"\"><\/td><td><img decoding=\"async\" src=\"http:\/\/odor.marusyosangyo.com\/wp-content\/uploads\/2022\/07\/image-10-e1664673888734.png\" alt=\"\"><\/td><\/tr><tr><td><img decoding=\"async\" src=\"http:\/\/odor.marusyosangyo.com\/wp-content\/uploads\/2022\/07\/image-11-e1664673797617.png\" alt=\"\"><\/td><td><img decoding=\"async\" src=\"http:\/\/odor.marusyosangyo.com\/wp-content\/uploads\/2022\/07\/image-9-e1664673557808.png\" alt=\"\"><\/td><\/tr><\/tbody><\/table><\/figure>\n\n\n\n<p>&nbsp;<\/p>\n","protected":false},"excerpt":{"rendered":"<p>O MOLDEFEAT tem duas formas de aplica\u00e7\u00e3o do revestimento, conforme abaixo. 1: Revestimento no local No revesti [&hellip;]<\/p>\n","protected":false},"author":3,"featured_media":0,"parent":0,"menu_order":50,"comment_status":"closed","ping_status":"closed","template":"","meta":{"vkexunit_cta_each_option":"","footnotes":""},"class_list":["post-61","page","type-page","status-publish","hentry"],"yoast_head":"<!-- This site is optimized with the Yoast SEO plugin v27.3 - https:\/\/yoast.com\/product\/yoast-seo-wordpress\/ -->\n<title>Aplicativo - Agente redutor de emiss\u00e3o de formalde\u00eddo &quot;Moldefeat&quot;<\/title>\n<meta name=\"description\" content=\"Odor eliminating fluid MOLDEFEAT is the best solution for formaldehyde issue. MOLDEFEAT decreases formaldehyde gas level indoor in the two-way coating method.\" \/>\n<meta name=\"robots\" content=\"index, follow, max-snippet:-1, max-image-preview:large, max-video-preview:-1\" \/>\n<link rel=\"canonical\" href=\"https:\/\/moldefeat.com\/pt\/application\/\" \/>\n<meta property=\"og:locale\" content=\"ja_JP\" \/>\n<meta property=\"og:type\" content=\"article\" \/>\n<meta property=\"og:title\" content=\"Aplicativo - Agente redutor de emiss\u00e3o de formalde\u00eddo &quot;Moldefeat&quot;\" \/>\n<meta property=\"og:description\" content=\"Odor eliminating fluid MOLDEFEAT is the best solution for formaldehyde issue. MOLDEFEAT decreases formaldehyde gas level indoor in the two-way coating method.\" \/>\n<meta property=\"og:url\" content=\"https:\/\/moldefeat.com\/pt\/application\/\" \/>\n<meta property=\"og:site_name\" content=\"Agente redutor de emiss\u00e3o de formalde\u00eddo &quot;Moldefeat&quot;\" \/>\n<meta property=\"article:publisher\" content=\"https:\/\/www.facebook.com\/marusyosangyo.inc\" \/>\n<meta property=\"article:modified_time\" content=\"2024-08-19T09:43:54+00:00\" \/>\n<meta property=\"og:image\" content=\"http:\/\/odor.marusyosangyo.com\/wp-content\/uploads\/HK-1.png\" \/>\n<meta name=\"twitter:card\" content=\"summary_large_image\" \/>\n<meta name=\"twitter:label1\" content=\"\u63a8\u5b9a\u8aad\u307f\u53d6\u308a\u6642\u9593\" \/>\n\t<meta name=\"twitter:data1\" content=\"6\u5206\" \/>\n<script type=\"application\/ld+json\" class=\"yoast-schema-graph\">{\"@context\":\"https:\\\/\\\/schema.org\",\"@graph\":[{\"@type\":\"WebPage\",\"@id\":\"https:\\\/\\\/moldefeat.com\\\/pt\\\/application\\\/\",\"url\":\"https:\\\/\\\/moldefeat.com\\\/pt\\\/application\\\/\",\"name\":\"Aplicativo - Agente redutor de emiss\u00e3o de formalde\u00eddo &quot;Moldefeat&quot;\",\"isPartOf\":{\"@id\":\"https:\\\/\\\/moldefeat.com\\\/pt\\\/#website\"},\"primaryImageOfPage\":{\"@id\":\"https:\\\/\\\/moldefeat.com\\\/pt\\\/application\\\/#primaryimage\"},\"image\":{\"@id\":\"https:\\\/\\\/moldefeat.com\\\/pt\\\/application\\\/#primaryimage\"},\"thumbnailUrl\":\"http:\\\/\\\/odor.marusyosangyo.com\\\/wp-content\\\/uploads\\\/HK-1.png\",\"datePublished\":\"2022-07-20T07:10:06+00:00\",\"dateModified\":\"2024-08-19T09:43:54+00:00\",\"description\":\"Odor eliminating fluid MOLDEFEAT is the best solution for formaldehyde issue. MOLDEFEAT decreases formaldehyde gas level indoor in the two-way coating method.\",\"breadcrumb\":{\"@id\":\"https:\\\/\\\/moldefeat.com\\\/pt\\\/application\\\/#breadcrumb\"},\"inLanguage\":\"ja\",\"potentialAction\":[{\"@type\":\"ReadAction\",\"target\":[\"https:\\\/\\\/moldefeat.com\\\/pt\\\/application\\\/\"]}]},{\"@type\":\"ImageObject\",\"inLanguage\":\"ja\",\"@id\":\"https:\\\/\\\/moldefeat.com\\\/pt\\\/application\\\/#primaryimage\",\"url\":\"http:\\\/\\\/odor.marusyosangyo.com\\\/wp-content\\\/uploads\\\/HK-1.png\",\"contentUrl\":\"http:\\\/\\\/odor.marusyosangyo.com\\\/wp-content\\\/uploads\\\/HK-1.png\"},{\"@type\":\"BreadcrumbList\",\"@id\":\"https:\\\/\\\/moldefeat.com\\\/pt\\\/application\\\/#breadcrumb\",\"itemListElement\":[{\"@type\":\"ListItem\",\"position\":1,\"name\":\"Home\",\"item\":\"https:\\\/\\\/moldefeat.com\\\/pt\\\/\"},{\"@type\":\"ListItem\",\"position\":2,\"name\":\"Aplicativo\"}]},{\"@type\":\"WebSite\",\"@id\":\"https:\\\/\\\/moldefeat.com\\\/pt\\\/#website\",\"url\":\"https:\\\/\\\/moldefeat.com\\\/pt\\\/\",\"name\":\"Agente redutor de emiss\u00e3o de formalde\u00eddo &quot;Moldefeat&quot;\",\"description\":\"Agente de revestimento removedor de formalde\u00eddo\",\"publisher\":{\"@id\":\"https:\\\/\\\/moldefeat.com\\\/pt\\\/#organization\"},\"potentialAction\":[{\"@type\":\"SearchAction\",\"target\":{\"@type\":\"EntryPoint\",\"urlTemplate\":\"https:\\\/\\\/moldefeat.com\\\/pt\\\/?s={search_term_string}\"},\"query-input\":{\"@type\":\"PropertyValueSpecification\",\"valueRequired\":true,\"valueName\":\"search_term_string\"}}],\"inLanguage\":\"ja\"},{\"@type\":\"Organization\",\"@id\":\"https:\\\/\\\/moldefeat.com\\\/pt\\\/#organization\",\"name\":\"MARUSYOSANGYO CO.,LTD.\",\"url\":\"https:\\\/\\\/moldefeat.com\\\/pt\\\/\",\"logo\":{\"@type\":\"ImageObject\",\"inLanguage\":\"ja\",\"@id\":\"https:\\\/\\\/moldefeat.com\\\/pt\\\/#\\\/schema\\\/logo\\\/image\\\/\",\"url\":\"http:\\\/\\\/odor.marusyosangyo.com\\\/en\\\/wp-content\\\/uploads\\\/logo1.png\",\"contentUrl\":\"http:\\\/\\\/odor.marusyosangyo.com\\\/en\\\/wp-content\\\/uploads\\\/logo1.png\",\"width\":271,\"height\":44,\"caption\":\"MARUSYOSANGYO CO.,LTD.\"},\"image\":{\"@id\":\"https:\\\/\\\/moldefeat.com\\\/pt\\\/#\\\/schema\\\/logo\\\/image\\\/\"},\"sameAs\":[\"https:\\\/\\\/www.facebook.com\\\/marusyosangyo.inc\"]}]}<\/script>\n<!-- \/ Yoast SEO plugin. -->","yoast_head_json":{"title":"Aplicativo - Agente redutor de emiss\u00e3o de formalde\u00eddo &quot;Moldefeat&quot;","description":"Odor eliminating fluid MOLDEFEAT is the best solution for formaldehyde issue. MOLDEFEAT decreases formaldehyde gas level indoor in the two-way coating method.","robots":{"index":"index","follow":"follow","max-snippet":"max-snippet:-1","max-image-preview":"max-image-preview:large","max-video-preview":"max-video-preview:-1"},"canonical":"https:\/\/moldefeat.com\/pt\/application\/","og_locale":"ja_JP","og_type":"article","og_title":"Aplicativo - Agente redutor de emiss\u00e3o de formalde\u00eddo &quot;Moldefeat&quot;","og_description":"Odor eliminating fluid MOLDEFEAT is the best solution for formaldehyde issue. MOLDEFEAT decreases formaldehyde gas level indoor in the two-way coating method.","og_url":"https:\/\/moldefeat.com\/pt\/application\/","og_site_name":"Agente redutor de emiss\u00e3o de formalde\u00eddo &quot;Moldefeat&quot;","article_publisher":"https:\/\/www.facebook.com\/marusyosangyo.inc","article_modified_time":"2024-08-19T09:43:54+00:00","og_image":[{"url":"http:\/\/odor.marusyosangyo.com\/wp-content\/uploads\/HK-1.png","type":"","width":"","height":""}],"twitter_card":"summary_large_image","twitter_misc":{"\u63a8\u5b9a\u8aad\u307f\u53d6\u308a\u6642\u9593":"6\u5206"},"schema":{"@context":"https:\/\/schema.org","@graph":[{"@type":"WebPage","@id":"https:\/\/moldefeat.com\/pt\/application\/","url":"https:\/\/moldefeat.com\/pt\/application\/","name":"Aplicativo - Agente redutor de emiss\u00e3o de formalde\u00eddo &quot;Moldefeat&quot;","isPartOf":{"@id":"https:\/\/moldefeat.com\/pt\/#website"},"primaryImageOfPage":{"@id":"https:\/\/moldefeat.com\/pt\/application\/#primaryimage"},"image":{"@id":"https:\/\/moldefeat.com\/pt\/application\/#primaryimage"},"thumbnailUrl":"http:\/\/odor.marusyosangyo.com\/wp-content\/uploads\/HK-1.png","datePublished":"2022-07-20T07:10:06+00:00","dateModified":"2024-08-19T09:43:54+00:00","description":"Odor eliminating fluid MOLDEFEAT is the best solution for formaldehyde issue. MOLDEFEAT decreases formaldehyde gas level indoor in the two-way coating method.","breadcrumb":{"@id":"https:\/\/moldefeat.com\/pt\/application\/#breadcrumb"},"inLanguage":"ja","potentialAction":[{"@type":"ReadAction","target":["https:\/\/moldefeat.com\/pt\/application\/"]}]},{"@type":"ImageObject","inLanguage":"ja","@id":"https:\/\/moldefeat.com\/pt\/application\/#primaryimage","url":"http:\/\/odor.marusyosangyo.com\/wp-content\/uploads\/HK-1.png","contentUrl":"http:\/\/odor.marusyosangyo.com\/wp-content\/uploads\/HK-1.png"},{"@type":"BreadcrumbList","@id":"https:\/\/moldefeat.com\/pt\/application\/#breadcrumb","itemListElement":[{"@type":"ListItem","position":1,"name":"Home","item":"https:\/\/moldefeat.com\/pt\/"},{"@type":"ListItem","position":2,"name":"Aplicativo"}]},{"@type":"WebSite","@id":"https:\/\/moldefeat.com\/pt\/#website","url":"https:\/\/moldefeat.com\/pt\/","name":"Agente redutor de emiss\u00e3o de formalde\u00eddo &quot;Moldefeat&quot;","description":"Agente de revestimento removedor de formalde\u00eddo","publisher":{"@id":"https:\/\/moldefeat.com\/pt\/#organization"},"potentialAction":[{"@type":"SearchAction","target":{"@type":"EntryPoint","urlTemplate":"https:\/\/moldefeat.com\/pt\/?s={search_term_string}"},"query-input":{"@type":"PropertyValueSpecification","valueRequired":true,"valueName":"search_term_string"}}],"inLanguage":"ja"},{"@type":"Organization","@id":"https:\/\/moldefeat.com\/pt\/#organization","name":"MARUSYOSANGYO CO.,LTD.","url":"https:\/\/moldefeat.com\/pt\/","logo":{"@type":"ImageObject","inLanguage":"ja","@id":"https:\/\/moldefeat.com\/pt\/#\/schema\/logo\/image\/","url":"http:\/\/odor.marusyosangyo.com\/en\/wp-content\/uploads\/logo1.png","contentUrl":"http:\/\/odor.marusyosangyo.com\/en\/wp-content\/uploads\/logo1.png","width":271,"height":44,"caption":"MARUSYOSANGYO CO.,LTD."},"image":{"@id":"https:\/\/moldefeat.com\/pt\/#\/schema\/logo\/image\/"},"sameAs":["https:\/\/www.facebook.com\/marusyosangyo.inc"]}]}},"_links":{"self":[{"href":"https:\/\/moldefeat.com\/pt\/wp-json\/wp\/v2\/pages\/61","targetHints":{"allow":["GET"]}}],"collection":[{"href":"https:\/\/moldefeat.com\/pt\/wp-json\/wp\/v2\/pages"}],"about":[{"href":"https:\/\/moldefeat.com\/pt\/wp-json\/wp\/v2\/types\/page"}],"author":[{"embeddable":true,"href":"https:\/\/moldefeat.com\/pt\/wp-json\/wp\/v2\/users\/3"}],"replies":[{"embeddable":true,"href":"https:\/\/moldefeat.com\/pt\/wp-json\/wp\/v2\/comments?post=61"}],"version-history":[{"count":36,"href":"https:\/\/moldefeat.com\/pt\/wp-json\/wp\/v2\/pages\/61\/revisions"}],"predecessor-version":[{"id":1302,"href":"https:\/\/moldefeat.com\/pt\/wp-json\/wp\/v2\/pages\/61\/revisions\/1302"}],"wp:attachment":[{"href":"https:\/\/moldefeat.com\/pt\/wp-json\/wp\/v2\/media?parent=61"}],"curies":[{"name":"wp","href":"https:\/\/api.w.org\/{rel}","templated":true}]}}