{"id":2,"date":"2022-07-15T11:42:43","date_gmt":"2022-07-15T02:42:43","guid":{"rendered":"http:\/\/odor.marusyosangyo.com\/en"},"modified":"2024-11-26T18:40:52","modified_gmt":"2024-11-26T09:40:52","slug":"remove-formaldehyde","status":"publish","type":"page","link":"https:\/\/moldefeat.com\/pt\/remove-formaldehyde\/","title":{"rendered":"Produto"},"content":{"rendered":"\n<h2 class=\"wp-block-heading\" style=\"font-size:1.6rem\">\u3010Revestimento de remo\u00e7\u00e3o de formalde\u00eddo, Moldefeat\u3011<\/h2>\n\n\n\n<figure class=\"wp-block-flexible-table-block-table is-style-default\"><table class=\"is-stacked-on-mobile\"><tbody><tr><td style=\"width:25%\"><img decoding=\"async\" style=\"\" src=\"http:\/\/odor.marusyosangyo.com\/en\/wp-content\/uploads\/2022\/09\/MOLDEFEAT_4L.png\" alt=\"\"><img decoding=\"async\" src=\"https:\/\/moldefeat.com\/pt\/wp-content\/uploads\/Moldefeat-S-3T-4L.jpg\" alt=\"\" style=\"width: 300px;\"><\/td><td style=\"font-size:1.2rem\">Revestimento para remo\u00e7\u00e3o de formalde\u00eddo Moldefeat \u00e9 desenvolvido com nossa pr\u00f3pria tecnologia na Marusyosangyo Co., Ltd no Jap\u00e3o.<br><br> Este \u00e9 o fluido de revestimento especial capaz de remover o g\u00e1s formalde\u00eddo e outros gases da classe alde\u00eddo por tratamento na parede, teto e superf\u00edcie de m\u00f3veis de madeira e no interior.<br><br> No Jap\u00e3o, o n\u00edvel de g\u00e1s formalde\u00eddo em ambientes fechados \u00e9 regulamentado pela Lei de Padr\u00f5es de Constru\u00e7\u00e3o. Por esta raz\u00e3o, geralmente os edif\u00edcios e casas aplicam medidas contra o formalde\u00eddo e o g\u00e1s VOC antes das pessoas come\u00e7arem a viver.<br><br> Por outro lado, quase as pessoas n\u00e3o se importam com o n\u00edvel de g\u00e1s formalde\u00eddo quando compram m\u00f3veis novos ou reformam casas ou edif\u00edcios. Portanto, voc\u00ea pode inalar g\u00e1s formalde\u00eddo diariamente sem nem perceber e, no final, pode acabar com a s\u00edndrome do edif\u00edcio doente. Ent\u00e3o, voc\u00ea realmente deve se preocupar com o formalde\u00eddo depois de ler isto.<br><br>  Revestimento para remo\u00e7\u00e3o de formalde\u00eddo Moldefeat \u00e9 a melhor solu\u00e7\u00e3o para a s\u00edndrome do edif\u00edcio doente. Mesmo que as pessoas n\u00e3o tenham informa\u00e7\u00f5es suficientes sobre a s\u00edndrome do edif\u00edcio doente, o Moldefeat lhes dar\u00e1 uma nova compreens\u00e3o.<br><\/td><\/tr><\/tbody><\/table><\/figure>\n\n\n\n<div class=\"wp-block-vk-blocks-spacer vk_spacer vk_spacer-type-margin-top\"><div class=\"vk_block-margin-md--margin-top\"><\/div><\/div>\n\n\n\n<h2 class=\"wp-block-heading\">\u3010Tipo de produtos\u3011<\/h2>\n\n\n\n<div class=\"wp-block-columns is-layout-flex wp-container-core-columns-is-layout-9d6595d7 wp-block-columns-is-layout-flex\">\n<div class=\"wp-block-column is-layout-flow wp-block-column-is-layout-flow\">\n<figure class=\"wp-block-flexible-table-block-table is-style-default\"><table class=\"\" style=\"width:100%\"><thead><tr><th style=\"background-color:#0693e3;color:#ffffff;font-size:18px\">N\u00famero do modelo<\/th><th style=\"background-color:#0693e3;color:#ffffff;font-size:18px\">Onde usar\/aplicar<\/th><th style=\"background-color:#0693e3;color:#ffffff;font-size:18px\">Fun\u00e7\u00f5es e Aplica\u00e7\u00f5es<\/th><\/tr><\/thead><tbody><tr><td style=\"font-size:18px\">S-3T<\/td><td style=\"font-size:16px\">Uso: Pistola de pulveriza\u00e7\u00e3o<br>Para aplica\u00e7\u00e3o no local em casas\/escrit\u00f3rios, etc.<br>(cont\u00e9m resina)<\/td><td style=\"font-size:16px\">Superf\u00edcies n\u00e3o pintadas, <br>superf\u00edcies pintadas e interiores em geral<\/td><\/tr><tr><td style=\"font-size:18px\">S-3TNR<\/td><td style=\"font-size:16px\">Uso: Pistola de pulveriza\u00e7\u00e3o<br>Para aplica\u00e7\u00e3o no local em casas\/escrit\u00f3rios, etc.<br> (sem resina)<\/td><td style=\"font-size:16px\">Alta transpar\u00eancia, superf\u00edcies n\u00e3o pintadas, <br>superf\u00edcies pintadas, uso geral em ambientes internos<\/td><\/tr><tr><td style=\"font-size:18px\">S-3Tx1\u3000<br>\uff08x = Nome do c\u00f3digo do pa\u00eds)<\/td><td style=\"font-size:16px\">Uso: Pulveriza\u00e7\u00e3o, Revestimento por rolo,<br>Para processamento de f\u00e1brica<br>(alta concentra\u00e7\u00e3o, cont\u00e9m resina)<\/td><td style=\"font-size:16px\">Papel de parede, m\u00f3veis, diversos produtos de madeira, <br>materiais de constru\u00e7\u00e3o<\/td><\/tr><tr><td style=\"font-size:18px\">S-3TGX<\/td><td style=\"font-size:16px\">Uso: Pulveriza\u00e7\u00e3o, Revestimento por rolo,<br>Para processamento de f\u00e1brica<br>(alta concentra\u00e7\u00e3o, sem resina usada)<\/td><td style=\"font-size:16px\">Lascas de madeira, compensado, MDF, <br>v\u00e1rios produtos de madeira, e pain\u00e9is de madeira<\/td><\/tr><tr><td style=\"font-size:18px\">S-3TRE<\/td><td>Uso: Cola mista (resina U\/F ou resina P\/F)<br>Para processamento de f\u00e1brica<br>(alta concentra\u00e7\u00e3o, sem resina usada)<\/td><td>Lascas de madeira, compensado, MDF, <br>v\u00e1rios produtos de madeira, e pain\u00e9is de madeira<\/td><\/tr><\/tbody><\/table><\/figure>\n\n\n\n<div style=\"height:63px\" aria-hidden=\"true\" class=\"wp-block-spacer\"><\/div>\n<\/div>\n<\/div>\n\n\n\n<h2 class=\"wp-block-heading\" style=\"font-size:1.6rem\">\u3010Caracter\u00edstica do produto\u3011<\/h2>\n\n\n\n<p class=\"has-large-font-size\">Moldefeat tem a excelente caracter\u00edstica do produto por meio de uma tecnologia \u00fanica.<\/p>\n\n\n\n<div class=\"wp-block-columns is-layout-flex wp-container-core-columns-is-layout-9d6595d7 wp-block-columns-is-layout-flex\">\n<div class=\"wp-block-column is-layout-flow wp-block-column-is-layout-flow\">\n<h4 class=\"wp-block-heading has-white-color has-vk-color-primary-dark-background-color has-text-color has-background has-link-color wp-elements-39c8771bba72db937c8dcb5c1f428002\">Alto efeito de remo\u00e7\u00e3o<\/h4>\n\n\n\n<p class=\"has-regular-font-size\">Elimine gases de formalde\u00eddo de alto n\u00edvel muito rapidamente e mantenha o n\u00edvel de seguran\u00e7a.<\/p>\n<\/div>\n\n\n\n<div class=\"wp-block-column is-layout-flow wp-block-column-is-layout-flow\">\n<h4 class=\"wp-block-heading has-white-color has-vk-color-primary-dark-background-color has-text-color has-background has-link-color wp-elements-881e696c3ccbc74f14acfff0f85c3d1b\">Produto seguro<\/h4>\n\n\n\n<p class=\"has-regular-font-size\">Foi realizada uma verifica\u00e7\u00e3o de seguran\u00e7a na institui\u00e7\u00e3o laboratorial e confirmada a aus\u00eancia de elui\u00e7\u00e3o t\u00f3xica.<\/p>\n<\/div>\n<\/div>\n\n\n\n<div class=\"wp-block-columns is-layout-flex wp-container-core-columns-is-layout-9d6595d7 wp-block-columns-is-layout-flex\">\n<div class=\"wp-block-column is-layout-flow wp-block-column-is-layout-flow\">\n<h4 class=\"wp-block-heading has-white-color has-vk-color-primary-dark-background-color has-text-color has-background has-link-color wp-elements-3ba49e85964da003769f1ca56dc3fce1\">Efeito duradouro<\/h4>\n\n\n\n<p class=\"has-regular-font-size\">Alto desempenho de remo\u00e7\u00e3o dura por muito tempo em ambientes normais.<\/p>\n<\/div>\n\n\n\n<div class=\"wp-block-column is-layout-flow wp-block-column-is-layout-flow\">\n<h4 class=\"wp-block-heading has-white-color has-vk-color-primary-dark-background-color has-text-color has-background has-link-color wp-elements-7e1434c1af8dea3f32e626701689ff21\">Confiabilidade<\/h4>\n\n\n\n<p class=\"has-regular-font-size\">Parceiro comercial mundial - mais de 13 pa\u00edses. (COREIA, CHINA, MAL\u00c1SIA, SINGAPURA, \u00cdNDIA, EUA, IT\u00c1LIA etc.)<\/p>\n<\/div>\n<\/div>\n\n\n\n<div style=\"height:56px\" aria-hidden=\"true\" class=\"wp-block-spacer\"><\/div>\n\n\n\n<h2 class=\"wp-block-heading\" style=\"font-size:1.6rem\">\u3010<strong>Tabela comparativa\u3011<\/strong><\/h2>\n\n\n\n<figure class=\"wp-block-table is-style-vk-table-scrollable is-style-vk-table-border-stripes is-style-vk-table-scrollable\" data-scroll-breakpoint=\"table-scrollable-mobile\"><table class=\"has-fixed-layout\"><thead><tr><th>Item<\/th><th>MOLDEFEAT<\/th><th>Outro removedor de alde\u00eddo<\/th><th>Removedor natural de alde\u00eddos<\/th><th>Fotocatalisador<\/th><\/tr><\/thead><tbody><tr><td>Mecanismo<\/td><td>Absor\u00e7\u00e3o de grupo funcional<\/td><td>Efeito de neutraliza\u00e7\u00e3o de \u00e1cidos org\u00e2nicos<\/td><td>Efeito de absor\u00e7\u00e3o\/neutraliza\u00e7\u00e3o<\/td><td>Decomposi\u00e7\u00e3o oxidativa por oxig\u00eanio ativo<\/td><\/tr><tr><td>Deteriora\u00e7\u00e3o<\/td><td>Quase nenhum<\/td><td>Degrada\u00e7\u00e3o hidrol\u00edtica<\/td><td>Degrada\u00e7\u00e3o hidrol\u00edtica<\/td><td>Quase nenhum<\/td><\/tr><tr><td>Velocidade do efeito<\/td><td>Cedo<\/td><td>Cedo<\/td><td>Cedo<\/td><td>Devagar<\/td><\/tr><tr><td>Efic\u00e1cia duradoura<\/td><td>3-5 anos<\/td><td>1-2&nbsp;anos<\/td><td>1-2 meses<\/td><td>2-3&nbsp;anos<\/td><\/tr><tr><td>Descolora\u00e7\u00e3o<\/td><td>Nenhum<\/td><td>Mudar cor<\/td><td>Mudar cor<\/td><td>Nenhum<\/td><\/tr><\/tbody><\/table><\/figure>\n\n\n\n<div style=\"height:52px\" aria-hidden=\"true\" class=\"wp-block-spacer\"><\/div>\n\n\n\n<h2 class=\"wp-block-heading\" style=\"font-size:1.6rem\">\u3010Desempenho de remo\u00e7\u00e3o de g\u00e1s formalde\u00eddo\u3011<\/h2>\n\n\n\n<p style=\"font-size:1.225rem\">Moldefeat remove o g\u00e1s formalde\u00eddo que pode ser encontrado em ambientes fechados muito rapidamente. <\/p>\n\n\n\n<p style=\"font-size:1.225rem\">Como pode ser observado, o \u00f3timo desempenho foi comprovado pelo laborat\u00f3rio conforme abaixo.<\/p>\n\n\n\n<figure class=\"wp-block-flexible-table-block-table\"><table class=\"has-fixed-layout is-stacked-on-mobile\"><tbody><tr><td><img loading=\"lazy\" decoding=\"async\" width=\"550\" height=\"446\" class=\"wp-image-30\" style=\"width: 550px;\" src=\"https:\/\/moldefeat.com\/pt\/wp-content\/uploads\/2022\/07\/S-3T1-e1664782063962.png\" alt=\"\u6d88\u81ed\u8a66\u9a13\"><\/td><td><img decoding=\"async\" src=\"http:\/\/odor.marusyosangyo.com\/en\/wp-content\/uploads\/2022\/07\/image-1.png\" alt=\"\"><\/td><\/tr><\/tbody><\/table><\/figure>\n\n\n\n<h2 class=\"wp-block-heading\" style=\"font-size:1.6rem\">\u3010Desempenho m\u00e1ximo de remo\u00e7\u00e3o\u3011<\/h2>\n\n\n\n<p style=\"font-size:1.225rem\">Confirmamos a quantidade m\u00e1xima de remo\u00e7\u00e3o de g\u00e1s formalde\u00eddo por meio de testes repetidos. De acordo com o resultado deste teste, criamos nossa f\u00f3rmula de c\u00e1lculo original para derivar a quantidade de uso apropriada para qualquer local de destino.<\/p>\n\n\n\n<figure class=\"wp-block-gallery has-nested-images columns-default is-cropped wp-block-gallery-1 is-layout-flex wp-block-gallery-is-layout-flex\">\n<figure class=\"wp-block-image size-large\"><img loading=\"lazy\" decoding=\"async\" width=\"1024\" height=\"458\" data-id=\"35\" src=\"https:\/\/moldefeat.com\/pt\/wp-content\/uploads\/2022\/07\/S-3T2-1024x458.png\" alt=\"\u30a2\u30eb\u30c7\u30d2\u30c9\u9650\u754c\u5438\u7740\u91cf\u8a66\u9a13\" class=\"wp-image-35\"\/><\/figure>\n<\/figure>\n\n\n\n<p><a href=\"https:\/\/moldefeat.com\/doc\/Formaldehyde-removal-S-3T_lasting_Durability_EN.pdf\" target=\"_blank\" rel=\"noreferrer noopener\">Lasting durability understanding<\/a><\/p>\n\n\n\n<p><\/p>\n\n\n\n<div class=\"wp-block-vk-blocks-button vk_button vk_button-color-custom vk_button-align-wide\"><a href=\"https:\/\/moldefeat.com\/pt\/inquiry\/\" class=\"vk_button_link btn has-text-color is-style-outline has-vk-color-primary-color btn-lg\" role=\"button\" aria-pressed=\"true\" rel=\"noopener\"><div class=\"vk_button_link_caption\"><span class=\"vk_button_link_txt\">Contate agora !<\/span><\/div><\/a><\/div>\n","protected":false},"excerpt":{"rendered":"<p>\u3010Revestimento de remo\u00e7\u00e3o de formalde\u00eddo, Moldefeat\u3011 \u3010Tipo de produtos\u3011 \u3010Caracter\u00edstica do produto\u3011 Moldefeat t [&hellip;]<\/p>\n","protected":false},"author":3,"featured_media":0,"parent":0,"menu_order":20,"comment_status":"closed","ping_status":"closed","template":"","meta":{"vkexunit_cta_each_option":"","footnotes":""},"class_list":["post-2","page","type-page","status-publish","hentry"],"yoast_head":"<!-- This site is optimized with the Yoast SEO plugin v27.4 - https:\/\/yoast.com\/product\/yoast-seo-wordpress\/ -->\n<title>Produto - Agente redutor de emiss\u00e3o de formalde\u00eddo &quot;Moldefeat&quot;<\/title>\n<meta name=\"description\" content=\"Moldefeat has the great product feature by a very unique technology.\" \/>\n<meta name=\"robots\" content=\"index, follow, max-snippet:-1, max-image-preview:large, max-video-preview:-1\" \/>\n<link rel=\"canonical\" href=\"https:\/\/moldefeat.com\/pt\/remove-formaldehyde\/\" \/>\n<meta property=\"og:locale\" content=\"ja_JP\" \/>\n<meta property=\"og:type\" content=\"article\" \/>\n<meta property=\"og:title\" content=\"Produto - Agente redutor de emiss\u00e3o de formalde\u00eddo &quot;Moldefeat&quot;\" \/>\n<meta property=\"og:description\" content=\"Moldefeat has the great product feature by a very unique technology.\" \/>\n<meta property=\"og:url\" content=\"https:\/\/moldefeat.com\/pt\/remove-formaldehyde\/\" \/>\n<meta property=\"og:site_name\" content=\"Agente redutor de emiss\u00e3o de formalde\u00eddo &quot;Moldefeat&quot;\" \/>\n<meta property=\"article:publisher\" content=\"https:\/\/www.facebook.com\/marusyosangyo.inc\" \/>\n<meta property=\"article:modified_time\" content=\"2024-11-26T09:40:52+00:00\" \/>\n<meta property=\"og:image\" content=\"http:\/\/odor.marusyosangyo.com\/en\/wp-content\/uploads\/2022\/09\/MOLDEFEAT_4L.png\" \/>\n<meta name=\"twitter:card\" content=\"summary_large_image\" \/>\n<meta name=\"twitter:label1\" content=\"\u63a8\u5b9a\u8aad\u307f\u53d6\u308a\u6642\u9593\" \/>\n\t<meta name=\"twitter:data1\" content=\"11\u5206\" \/>\n<script type=\"application\/ld+json\" class=\"yoast-schema-graph\">{\"@context\":\"https:\\\/\\\/schema.org\",\"@graph\":[{\"@type\":\"WebPage\",\"@id\":\"https:\\\/\\\/moldefeat.com\\\/pt\\\/remove-formaldehyde\\\/\",\"url\":\"https:\\\/\\\/moldefeat.com\\\/pt\\\/remove-formaldehyde\\\/\",\"name\":\"Produto - Agente redutor de emiss\u00e3o de formalde\u00eddo &quot;Moldefeat&quot;\",\"isPartOf\":{\"@id\":\"https:\\\/\\\/moldefeat.com\\\/pt\\\/#website\"},\"primaryImageOfPage\":{\"@id\":\"https:\\\/\\\/moldefeat.com\\\/pt\\\/remove-formaldehyde\\\/#primaryimage\"},\"image\":{\"@id\":\"https:\\\/\\\/moldefeat.com\\\/pt\\\/remove-formaldehyde\\\/#primaryimage\"},\"thumbnailUrl\":\"http:\\\/\\\/odor.marusyosangyo.com\\\/en\\\/wp-content\\\/uploads\\\/2022\\\/09\\\/MOLDEFEAT_4L.png\",\"datePublished\":\"2022-07-15T02:42:43+00:00\",\"dateModified\":\"2024-11-26T09:40:52+00:00\",\"description\":\"Moldefeat has the great product feature by a very unique technology.\",\"breadcrumb\":{\"@id\":\"https:\\\/\\\/moldefeat.com\\\/pt\\\/remove-formaldehyde\\\/#breadcrumb\"},\"inLanguage\":\"ja\",\"potentialAction\":[{\"@type\":\"ReadAction\",\"target\":[\"https:\\\/\\\/moldefeat.com\\\/pt\\\/remove-formaldehyde\\\/\"]}]},{\"@type\":\"ImageObject\",\"inLanguage\":\"ja\",\"@id\":\"https:\\\/\\\/moldefeat.com\\\/pt\\\/remove-formaldehyde\\\/#primaryimage\",\"url\":\"http:\\\/\\\/odor.marusyosangyo.com\\\/en\\\/wp-content\\\/uploads\\\/2022\\\/09\\\/MOLDEFEAT_4L.png\",\"contentUrl\":\"http:\\\/\\\/odor.marusyosangyo.com\\\/en\\\/wp-content\\\/uploads\\\/2022\\\/09\\\/MOLDEFEAT_4L.png\"},{\"@type\":\"BreadcrumbList\",\"@id\":\"https:\\\/\\\/moldefeat.com\\\/pt\\\/remove-formaldehyde\\\/#breadcrumb\",\"itemListElement\":[{\"@type\":\"ListItem\",\"position\":1,\"name\":\"Home\",\"item\":\"https:\\\/\\\/moldefeat.com\\\/pt\\\/\"},{\"@type\":\"ListItem\",\"position\":2,\"name\":\"Produto\"}]},{\"@type\":\"WebSite\",\"@id\":\"https:\\\/\\\/moldefeat.com\\\/pt\\\/#website\",\"url\":\"https:\\\/\\\/moldefeat.com\\\/pt\\\/\",\"name\":\"Agente redutor de emiss\u00e3o de formalde\u00eddo &quot;Moldefeat&quot;\",\"description\":\"Agente de revestimento removedor de formalde\u00eddo\",\"publisher\":{\"@id\":\"https:\\\/\\\/moldefeat.com\\\/pt\\\/#organization\"},\"potentialAction\":[{\"@type\":\"SearchAction\",\"target\":{\"@type\":\"EntryPoint\",\"urlTemplate\":\"https:\\\/\\\/moldefeat.com\\\/pt\\\/?s={search_term_string}\"},\"query-input\":{\"@type\":\"PropertyValueSpecification\",\"valueRequired\":true,\"valueName\":\"search_term_string\"}}],\"inLanguage\":\"ja\"},{\"@type\":\"Organization\",\"@id\":\"https:\\\/\\\/moldefeat.com\\\/pt\\\/#organization\",\"name\":\"MARUSYOSANGYO CO.,LTD.\",\"url\":\"https:\\\/\\\/moldefeat.com\\\/pt\\\/\",\"logo\":{\"@type\":\"ImageObject\",\"inLanguage\":\"ja\",\"@id\":\"https:\\\/\\\/moldefeat.com\\\/pt\\\/#\\\/schema\\\/logo\\\/image\\\/\",\"url\":\"http:\\\/\\\/odor.marusyosangyo.com\\\/en\\\/wp-content\\\/uploads\\\/logo1.png\",\"contentUrl\":\"http:\\\/\\\/odor.marusyosangyo.com\\\/en\\\/wp-content\\\/uploads\\\/logo1.png\",\"width\":271,\"height\":44,\"caption\":\"MARUSYOSANGYO CO.,LTD.\"},\"image\":{\"@id\":\"https:\\\/\\\/moldefeat.com\\\/pt\\\/#\\\/schema\\\/logo\\\/image\\\/\"},\"sameAs\":[\"https:\\\/\\\/www.facebook.com\\\/marusyosangyo.inc\"]}]}<\/script>\n<!-- \/ Yoast SEO plugin. -->","yoast_head_json":{"title":"Produto - Agente redutor de emiss\u00e3o de formalde\u00eddo &quot;Moldefeat&quot;","description":"Moldefeat has the great product feature by a very unique technology.","robots":{"index":"index","follow":"follow","max-snippet":"max-snippet:-1","max-image-preview":"max-image-preview:large","max-video-preview":"max-video-preview:-1"},"canonical":"https:\/\/moldefeat.com\/pt\/remove-formaldehyde\/","og_locale":"ja_JP","og_type":"article","og_title":"Produto - Agente redutor de emiss\u00e3o de formalde\u00eddo &quot;Moldefeat&quot;","og_description":"Moldefeat has the great product feature by a very unique technology.","og_url":"https:\/\/moldefeat.com\/pt\/remove-formaldehyde\/","og_site_name":"Agente redutor de emiss\u00e3o de formalde\u00eddo &quot;Moldefeat&quot;","article_publisher":"https:\/\/www.facebook.com\/marusyosangyo.inc","article_modified_time":"2024-11-26T09:40:52+00:00","og_image":[{"url":"http:\/\/odor.marusyosangyo.com\/en\/wp-content\/uploads\/2022\/09\/MOLDEFEAT_4L.png","type":"","width":"","height":""}],"twitter_card":"summary_large_image","twitter_misc":{"\u63a8\u5b9a\u8aad\u307f\u53d6\u308a\u6642\u9593":"11\u5206"},"schema":{"@context":"https:\/\/schema.org","@graph":[{"@type":"WebPage","@id":"https:\/\/moldefeat.com\/pt\/remove-formaldehyde\/","url":"https:\/\/moldefeat.com\/pt\/remove-formaldehyde\/","name":"Produto - Agente redutor de emiss\u00e3o de formalde\u00eddo &quot;Moldefeat&quot;","isPartOf":{"@id":"https:\/\/moldefeat.com\/pt\/#website"},"primaryImageOfPage":{"@id":"https:\/\/moldefeat.com\/pt\/remove-formaldehyde\/#primaryimage"},"image":{"@id":"https:\/\/moldefeat.com\/pt\/remove-formaldehyde\/#primaryimage"},"thumbnailUrl":"http:\/\/odor.marusyosangyo.com\/en\/wp-content\/uploads\/2022\/09\/MOLDEFEAT_4L.png","datePublished":"2022-07-15T02:42:43+00:00","dateModified":"2024-11-26T09:40:52+00:00","description":"Moldefeat has the great product feature by a very unique technology.","breadcrumb":{"@id":"https:\/\/moldefeat.com\/pt\/remove-formaldehyde\/#breadcrumb"},"inLanguage":"ja","potentialAction":[{"@type":"ReadAction","target":["https:\/\/moldefeat.com\/pt\/remove-formaldehyde\/"]}]},{"@type":"ImageObject","inLanguage":"ja","@id":"https:\/\/moldefeat.com\/pt\/remove-formaldehyde\/#primaryimage","url":"http:\/\/odor.marusyosangyo.com\/en\/wp-content\/uploads\/2022\/09\/MOLDEFEAT_4L.png","contentUrl":"http:\/\/odor.marusyosangyo.com\/en\/wp-content\/uploads\/2022\/09\/MOLDEFEAT_4L.png"},{"@type":"BreadcrumbList","@id":"https:\/\/moldefeat.com\/pt\/remove-formaldehyde\/#breadcrumb","itemListElement":[{"@type":"ListItem","position":1,"name":"Home","item":"https:\/\/moldefeat.com\/pt\/"},{"@type":"ListItem","position":2,"name":"Produto"}]},{"@type":"WebSite","@id":"https:\/\/moldefeat.com\/pt\/#website","url":"https:\/\/moldefeat.com\/pt\/","name":"Agente redutor de emiss\u00e3o de formalde\u00eddo &quot;Moldefeat&quot;","description":"Agente de revestimento removedor de formalde\u00eddo","publisher":{"@id":"https:\/\/moldefeat.com\/pt\/#organization"},"potentialAction":[{"@type":"SearchAction","target":{"@type":"EntryPoint","urlTemplate":"https:\/\/moldefeat.com\/pt\/?s={search_term_string}"},"query-input":{"@type":"PropertyValueSpecification","valueRequired":true,"valueName":"search_term_string"}}],"inLanguage":"ja"},{"@type":"Organization","@id":"https:\/\/moldefeat.com\/pt\/#organization","name":"MARUSYOSANGYO CO.,LTD.","url":"https:\/\/moldefeat.com\/pt\/","logo":{"@type":"ImageObject","inLanguage":"ja","@id":"https:\/\/moldefeat.com\/pt\/#\/schema\/logo\/image\/","url":"http:\/\/odor.marusyosangyo.com\/en\/wp-content\/uploads\/logo1.png","contentUrl":"http:\/\/odor.marusyosangyo.com\/en\/wp-content\/uploads\/logo1.png","width":271,"height":44,"caption":"MARUSYOSANGYO CO.,LTD."},"image":{"@id":"https:\/\/moldefeat.com\/pt\/#\/schema\/logo\/image\/"},"sameAs":["https:\/\/www.facebook.com\/marusyosangyo.inc"]}]}},"_links":{"self":[{"href":"https:\/\/moldefeat.com\/pt\/wp-json\/wp\/v2\/pages\/2","targetHints":{"allow":["GET"]}}],"collection":[{"href":"https:\/\/moldefeat.com\/pt\/wp-json\/wp\/v2\/pages"}],"about":[{"href":"https:\/\/moldefeat.com\/pt\/wp-json\/wp\/v2\/types\/page"}],"author":[{"embeddable":true,"href":"https:\/\/moldefeat.com\/pt\/wp-json\/wp\/v2\/users\/3"}],"replies":[{"embeddable":true,"href":"https:\/\/moldefeat.com\/pt\/wp-json\/wp\/v2\/comments?post=2"}],"version-history":[{"count":67,"href":"https:\/\/moldefeat.com\/pt\/wp-json\/wp\/v2\/pages\/2\/revisions"}],"predecessor-version":[{"id":1337,"href":"https:\/\/moldefeat.com\/pt\/wp-json\/wp\/v2\/pages\/2\/revisions\/1337"}],"wp:attachment":[{"href":"https:\/\/moldefeat.com\/pt\/wp-json\/wp\/v2\/media?parent=2"}],"curies":[{"name":"wp","href":"https:\/\/api.w.org\/{rel}","templated":true}]}}