{"id":1275,"date":"2023-12-07T16:07:35","date_gmt":"2023-12-07T07:07:35","guid":{"rendered":"https:\/\/moldefeat.com\/en\/?page_id=1275"},"modified":"2024-08-19T18:45:08","modified_gmt":"2024-08-19T09:45:08","slug":"necessity-of-formaldehyde-emission-measures-and-how-to-do-that","status":"publish","type":"page","link":"https:\/\/moldefeat.com\/pt\/application\/necessity-of-formaldehyde-emission-measures-and-how-to-do-that\/","title":{"rendered":"Necessidade de medidas de emiss\u00e3o de formalde\u00eddo e como faz\u00ea-las"},"content":{"rendered":"\n<p><a href=\"https:\/\/moldefeat.com\/doc\/Formaldehyde_measures_Moldefeat_Wood_Association_EN.pdf\" target=\"_blank\" rel=\"noreferrer noopener\">Download, PDF document<\/a><\/p>\n","protected":false},"excerpt":{"rendered":"<p>Download, PDF document<\/p>\n","protected":false},"author":3,"featured_media":0,"parent":61,"menu_order":100,"comment_status":"closed","ping_status":"closed","template":"","meta":{"vkexunit_cta_each_option":"","footnotes":""},"class_list":["post-1275","page","type-page","status-publish","hentry"],"yoast_head":"<!-- This site is optimized with the Yoast SEO plugin v27.3 - https:\/\/yoast.com\/product\/yoast-seo-wordpress\/ -->\n<title>Necessidade de medidas de emiss\u00e3o de formalde\u00eddo e como faz\u00ea-las - Agente redutor de emiss\u00e3o de formalde\u00eddo &quot;Moldefeat&quot;<\/title>\n<meta name=\"robots\" content=\"index, follow, max-snippet:-1, max-image-preview:large, max-video-preview:-1\" \/>\n<link rel=\"canonical\" href=\"https:\/\/moldefeat.com\/pt\/application\/necessity-of-formaldehyde-emission-measures-and-how-to-do-that\/\" \/>\n<meta property=\"og:locale\" content=\"ja_JP\" \/>\n<meta property=\"og:type\" content=\"article\" \/>\n<meta property=\"og:title\" content=\"Necessidade de medidas de emiss\u00e3o de formalde\u00eddo e como faz\u00ea-las - Agente redutor de emiss\u00e3o de formalde\u00eddo &quot;Moldefeat&quot;\" \/>\n<meta property=\"og:description\" content=\"Download, PDF document\" \/>\n<meta property=\"og:url\" content=\"https:\/\/moldefeat.com\/pt\/application\/necessity-of-formaldehyde-emission-measures-and-how-to-do-that\/\" \/>\n<meta property=\"og:site_name\" content=\"Agente redutor de emiss\u00e3o de formalde\u00eddo &quot;Moldefeat&quot;\" \/>\n<meta property=\"article:publisher\" content=\"https:\/\/www.facebook.com\/marusyosangyo.inc\" \/>\n<meta property=\"article:modified_time\" content=\"2024-08-19T09:45:08+00:00\" \/>\n<meta name=\"twitter:card\" content=\"summary_large_image\" \/>\n<meta name=\"twitter:label1\" content=\"\u63a8\u5b9a\u8aad\u307f\u53d6\u308a\u6642\u9593\" \/>\n\t<meta name=\"twitter:data1\" content=\"1\u5206\" \/>\n<script type=\"application\/ld+json\" class=\"yoast-schema-graph\">{\"@context\":\"https:\\\/\\\/schema.org\",\"@graph\":[{\"@type\":\"WebPage\",\"@id\":\"https:\\\/\\\/moldefeat.com\\\/pt\\\/application\\\/necessity-of-formaldehyde-emission-measures-and-how-to-do-that\\\/\",\"url\":\"https:\\\/\\\/moldefeat.com\\\/pt\\\/application\\\/necessity-of-formaldehyde-emission-measures-and-how-to-do-that\\\/\",\"name\":\"Necessidade de medidas de emiss\u00e3o de formalde\u00eddo e como faz\u00ea-las - Agente redutor de emiss\u00e3o de formalde\u00eddo &quot;Moldefeat&quot;\",\"isPartOf\":{\"@id\":\"https:\\\/\\\/moldefeat.com\\\/pt\\\/#website\"},\"datePublished\":\"2023-12-07T07:07:35+00:00\",\"dateModified\":\"2024-08-19T09:45:08+00:00\",\"breadcrumb\":{\"@id\":\"https:\\\/\\\/moldefeat.com\\\/pt\\\/application\\\/necessity-of-formaldehyde-emission-measures-and-how-to-do-that\\\/#breadcrumb\"},\"inLanguage\":\"ja\",\"potentialAction\":[{\"@type\":\"ReadAction\",\"target\":[\"https:\\\/\\\/moldefeat.com\\\/pt\\\/application\\\/necessity-of-formaldehyde-emission-measures-and-how-to-do-that\\\/\"]}]},{\"@type\":\"BreadcrumbList\",\"@id\":\"https:\\\/\\\/moldefeat.com\\\/pt\\\/application\\\/necessity-of-formaldehyde-emission-measures-and-how-to-do-that\\\/#breadcrumb\",\"itemListElement\":[{\"@type\":\"ListItem\",\"position\":1,\"name\":\"Home\",\"item\":\"https:\\\/\\\/moldefeat.com\\\/pt\\\/\"},{\"@type\":\"ListItem\",\"position\":2,\"name\":\"Aplicativo\",\"item\":\"https:\\\/\\\/moldefeat.com\\\/pt\\\/application\\\/\"},{\"@type\":\"ListItem\",\"position\":3,\"name\":\"Necessidade de medidas de emiss\u00e3o de formalde\u00eddo e como faz\u00ea-las\"}]},{\"@type\":\"WebSite\",\"@id\":\"https:\\\/\\\/moldefeat.com\\\/pt\\\/#website\",\"url\":\"https:\\\/\\\/moldefeat.com\\\/pt\\\/\",\"name\":\"Agente redutor de emiss\u00e3o de formalde\u00eddo &quot;Moldefeat&quot;\",\"description\":\"Agente de revestimento removedor de formalde\u00eddo\",\"publisher\":{\"@id\":\"https:\\\/\\\/moldefeat.com\\\/pt\\\/#organization\"},\"potentialAction\":[{\"@type\":\"SearchAction\",\"target\":{\"@type\":\"EntryPoint\",\"urlTemplate\":\"https:\\\/\\\/moldefeat.com\\\/pt\\\/?s={search_term_string}\"},\"query-input\":{\"@type\":\"PropertyValueSpecification\",\"valueRequired\":true,\"valueName\":\"search_term_string\"}}],\"inLanguage\":\"ja\"},{\"@type\":\"Organization\",\"@id\":\"https:\\\/\\\/moldefeat.com\\\/pt\\\/#organization\",\"name\":\"MARUSYOSANGYO CO.,LTD.\",\"url\":\"https:\\\/\\\/moldefeat.com\\\/pt\\\/\",\"logo\":{\"@type\":\"ImageObject\",\"inLanguage\":\"ja\",\"@id\":\"https:\\\/\\\/moldefeat.com\\\/pt\\\/#\\\/schema\\\/logo\\\/image\\\/\",\"url\":\"http:\\\/\\\/odor.marusyosangyo.com\\\/en\\\/wp-content\\\/uploads\\\/logo1.png\",\"contentUrl\":\"http:\\\/\\\/odor.marusyosangyo.com\\\/en\\\/wp-content\\\/uploads\\\/logo1.png\",\"width\":271,\"height\":44,\"caption\":\"MARUSYOSANGYO CO.,LTD.\"},\"image\":{\"@id\":\"https:\\\/\\\/moldefeat.com\\\/pt\\\/#\\\/schema\\\/logo\\\/image\\\/\"},\"sameAs\":[\"https:\\\/\\\/www.facebook.com\\\/marusyosangyo.inc\"]}]}<\/script>\n<!-- \/ Yoast SEO plugin. -->","yoast_head_json":{"title":"Necessidade de medidas de emiss\u00e3o de formalde\u00eddo e como faz\u00ea-las - Agente redutor de emiss\u00e3o de formalde\u00eddo &quot;Moldefeat&quot;","robots":{"index":"index","follow":"follow","max-snippet":"max-snippet:-1","max-image-preview":"max-image-preview:large","max-video-preview":"max-video-preview:-1"},"canonical":"https:\/\/moldefeat.com\/pt\/application\/necessity-of-formaldehyde-emission-measures-and-how-to-do-that\/","og_locale":"ja_JP","og_type":"article","og_title":"Necessidade de medidas de emiss\u00e3o de formalde\u00eddo e como faz\u00ea-las - Agente redutor de emiss\u00e3o de formalde\u00eddo &quot;Moldefeat&quot;","og_description":"Download, PDF document","og_url":"https:\/\/moldefeat.com\/pt\/application\/necessity-of-formaldehyde-emission-measures-and-how-to-do-that\/","og_site_name":"Agente redutor de emiss\u00e3o de formalde\u00eddo &quot;Moldefeat&quot;","article_publisher":"https:\/\/www.facebook.com\/marusyosangyo.inc","article_modified_time":"2024-08-19T09:45:08+00:00","twitter_card":"summary_large_image","twitter_misc":{"\u63a8\u5b9a\u8aad\u307f\u53d6\u308a\u6642\u9593":"1\u5206"},"schema":{"@context":"https:\/\/schema.org","@graph":[{"@type":"WebPage","@id":"https:\/\/moldefeat.com\/pt\/application\/necessity-of-formaldehyde-emission-measures-and-how-to-do-that\/","url":"https:\/\/moldefeat.com\/pt\/application\/necessity-of-formaldehyde-emission-measures-and-how-to-do-that\/","name":"Necessidade de medidas de emiss\u00e3o de formalde\u00eddo e como faz\u00ea-las - Agente redutor de emiss\u00e3o de formalde\u00eddo &quot;Moldefeat&quot;","isPartOf":{"@id":"https:\/\/moldefeat.com\/pt\/#website"},"datePublished":"2023-12-07T07:07:35+00:00","dateModified":"2024-08-19T09:45:08+00:00","breadcrumb":{"@id":"https:\/\/moldefeat.com\/pt\/application\/necessity-of-formaldehyde-emission-measures-and-how-to-do-that\/#breadcrumb"},"inLanguage":"ja","potentialAction":[{"@type":"ReadAction","target":["https:\/\/moldefeat.com\/pt\/application\/necessity-of-formaldehyde-emission-measures-and-how-to-do-that\/"]}]},{"@type":"BreadcrumbList","@id":"https:\/\/moldefeat.com\/pt\/application\/necessity-of-formaldehyde-emission-measures-and-how-to-do-that\/#breadcrumb","itemListElement":[{"@type":"ListItem","position":1,"name":"Home","item":"https:\/\/moldefeat.com\/pt\/"},{"@type":"ListItem","position":2,"name":"Aplicativo","item":"https:\/\/moldefeat.com\/pt\/application\/"},{"@type":"ListItem","position":3,"name":"Necessidade de medidas de emiss\u00e3o de formalde\u00eddo e como faz\u00ea-las"}]},{"@type":"WebSite","@id":"https:\/\/moldefeat.com\/pt\/#website","url":"https:\/\/moldefeat.com\/pt\/","name":"Agente redutor de emiss\u00e3o de formalde\u00eddo &quot;Moldefeat&quot;","description":"Agente de revestimento removedor de formalde\u00eddo","publisher":{"@id":"https:\/\/moldefeat.com\/pt\/#organization"},"potentialAction":[{"@type":"SearchAction","target":{"@type":"EntryPoint","urlTemplate":"https:\/\/moldefeat.com\/pt\/?s={search_term_string}"},"query-input":{"@type":"PropertyValueSpecification","valueRequired":true,"valueName":"search_term_string"}}],"inLanguage":"ja"},{"@type":"Organization","@id":"https:\/\/moldefeat.com\/pt\/#organization","name":"MARUSYOSANGYO CO.,LTD.","url":"https:\/\/moldefeat.com\/pt\/","logo":{"@type":"ImageObject","inLanguage":"ja","@id":"https:\/\/moldefeat.com\/pt\/#\/schema\/logo\/image\/","url":"http:\/\/odor.marusyosangyo.com\/en\/wp-content\/uploads\/logo1.png","contentUrl":"http:\/\/odor.marusyosangyo.com\/en\/wp-content\/uploads\/logo1.png","width":271,"height":44,"caption":"MARUSYOSANGYO CO.,LTD."},"image":{"@id":"https:\/\/moldefeat.com\/pt\/#\/schema\/logo\/image\/"},"sameAs":["https:\/\/www.facebook.com\/marusyosangyo.inc"]}]}},"_links":{"self":[{"href":"https:\/\/moldefeat.com\/pt\/wp-json\/wp\/v2\/pages\/1275","targetHints":{"allow":["GET"]}}],"collection":[{"href":"https:\/\/moldefeat.com\/pt\/wp-json\/wp\/v2\/pages"}],"about":[{"href":"https:\/\/moldefeat.com\/pt\/wp-json\/wp\/v2\/types\/page"}],"author":[{"embeddable":true,"href":"https:\/\/moldefeat.com\/pt\/wp-json\/wp\/v2\/users\/3"}],"replies":[{"embeddable":true,"href":"https:\/\/moldefeat.com\/pt\/wp-json\/wp\/v2\/comments?post=1275"}],"version-history":[{"count":3,"href":"https:\/\/moldefeat.com\/pt\/wp-json\/wp\/v2\/pages\/1275\/revisions"}],"predecessor-version":[{"id":1304,"href":"https:\/\/moldefeat.com\/pt\/wp-json\/wp\/v2\/pages\/1275\/revisions\/1304"}],"up":[{"embeddable":true,"href":"https:\/\/moldefeat.com\/pt\/wp-json\/wp\/v2\/pages\/61"}],"wp:attachment":[{"href":"https:\/\/moldefeat.com\/pt\/wp-json\/wp\/v2\/media?parent=1275"}],"curies":[{"name":"wp","href":"https:\/\/api.w.org\/{rel}","templated":true}]}}