{"id":1089,"date":"2023-07-06T10:41:16","date_gmt":"2023-07-06T01:41:16","guid":{"rendered":"https:\/\/moldefeat.com\/en\/?page_id=1089"},"modified":"2024-08-19T18:39:31","modified_gmt":"2024-08-19T09:39:31","slug":"como-remover-formaldeido","status":"publish","type":"page","link":"https:\/\/moldefeat.com\/pt\/como-remover-formaldeido\/","title":{"rendered":"Como remover o formalde\u00eddo?"},"content":{"rendered":"\n<p style=\"font-size:1.2rem\">Neste conte\u00fado, voc\u00ea pode aprender nossa pr\u00f3pria tecnologia de remo\u00e7\u00e3o de formalde\u00eddo e ver como ela funciona.<\/p>\n\n\n\n<h3 class=\"wp-block-heading\">Tecnologia exclusiva\u2460 Estrutura de componentes<\/h3>\n\n\n\n<p style=\"font-size:1.2rem\">Em primeiro lugar, a maior tecnologia exclusiva \u00e9 a estrutura do componente principal. O principal componente do Moldefeat \u00e9 a \"S\u00edlica\". Por\u00e9m, n\u00e3o \u00e9 apenas uma S\u00edlica. \u00c9 produzido combinando a subst\u00e2ncia que cont\u00e9m o grupo amino especial e o precursor de s\u00edlica pelo nosso pr\u00f3prio m\u00e9todo.<\/p>\n\n\n\n<div class=\"wp-block-media-text alignwide is-stacked-on-mobile\" style=\"grid-template-columns:62% auto\"><figure class=\"wp-block-media-text__media\"><img loading=\"lazy\" decoding=\"async\" width=\"1049\" height=\"533\" src=\"https:\/\/moldefeat.com\/pt\/wp-content\/uploads\/\u6210\u5206\u69cb\u9020-English.jpg\" alt=\"formaldehyde removal technology\" class=\"wp-image-1090 size-full\" srcset=\"https:\/\/moldefeat.com\/pt\/wp-content\/uploads\/\u6210\u5206\u69cb\u9020-English.jpg 1049w, https:\/\/moldefeat.com\/pt\/wp-content\/uploads\/\u6210\u5206\u69cb\u9020-English-600x305.jpg 600w, https:\/\/moldefeat.com\/pt\/wp-content\/uploads\/\u6210\u5206\u69cb\u9020-English-768x390.jpg 768w\" sizes=\"auto, (max-width: 1049px) 100vw, 1049px\" \/><\/figure><div class=\"wp-block-media-text__content\">\n<p class=\"vk_block-margin-sm--margin-top\" style=\"font-size:1.2rem\">Este \u00e9 o desenho ampliado da S\u00edlica. Toda a superf\u00edcie da s\u00edlica (SiO2) \u00e9 tratada com grupos amino (NH2) utilizando nossa tecnologia exclusiva.<\/p>\n\n\n\n<p class=\"vk_block-margin-sm--margin-top\" style=\"font-size:1.2rem\">Com esta estrutura principal, os grupos alde\u00eddo podem ser adsorvidos \u00e0 s\u00edlica. Isso permite inativar o formalde\u00eddo no ar e remov\u00ea-lo fortemente.<\/p>\n<\/div><\/div>\n\n\n\n<div style=\"height:95px\" aria-hidden=\"true\" class=\"wp-block-spacer\"><\/div>\n\n\n\n<h3 class=\"wp-block-heading\">Tecnologia \u00fanica\u2461 Estrutura de adsor\u00e7\u00e3o<\/h3>\n\n\n\n<p style=\"font-size:1.2rem\">Secund\u00e1rio, o Moldefeat possui uma estrutura de adsor\u00e7\u00e3o \u00fanica.<\/p>\n\n\n\n<p style=\"font-size:1.2rem\">Moldefeat pode adsorver grande quantidade de formalde\u00eddo em apenas uma aplica\u00e7\u00e3o de revestimento. <br>Por que \u00e9 que?<\/p>\n\n\n\n<p style=\"font-size:1.2rem\">Por favor, veja as seguintes fotos da extrema direita. \u00c9 uma foto ampliada da superf\u00edcie revestida pela Moldefeat. Voc\u00ea pode ver que microcristais longos e finos, como agulhas, cobrem a superf\u00edcie revestida uniformemente.<\/p>\n\n\n\n<figure class=\"wp-block-image size-full is-resized\"><img loading=\"lazy\" decoding=\"async\" width=\"1140\" height=\"709\" src=\"https:\/\/moldefeat.com\/pt\/wp-content\/uploads\/\u6280\u8853\u69cb\u9020-English.jpg\" alt=\"formaldehyde removal liquid coated surface\" class=\"wp-image-1091\" style=\"width:855px;height:532px\" srcset=\"https:\/\/moldefeat.com\/pt\/wp-content\/uploads\/\u6280\u8853\u69cb\u9020-English.jpg 1140w, https:\/\/moldefeat.com\/pt\/wp-content\/uploads\/\u6280\u8853\u69cb\u9020-English-600x373.jpg 600w, https:\/\/moldefeat.com\/pt\/wp-content\/uploads\/\u6280\u8853\u69cb\u9020-English-768x478.jpg 768w\" sizes=\"auto, (max-width: 1140px) 100vw, 1140px\" \/><\/figure>\n\n\n\n<p><\/p>\n\n\n\n<p><\/p>\n\n\n\n<p style=\"font-size:1.2rem\">O n\u00famero dessas agulhas cristalinas cria <strong>400 milh\u00f5es por cent\u00edmetro quadrado!<\/strong><\/p>\n\n\n\n<p style=\"font-size:1.2rem\"><br>Como \u00e9 gerado sem lacunas na superf\u00edcie, a \u00e1rea superficial espec\u00edfica \u00e9 cerca de 20 vezes maior que a do estado plano. Portanto, permite a adsor\u00e7\u00e3o de grande quantidade de formalde\u00eddo de uma s\u00f3 vez.<\/p>\n\n\n\n<figure class=\"wp-block-image size-full is-resized\"><img loading=\"lazy\" decoding=\"async\" width=\"970\" height=\"552\" src=\"https:\/\/moldefeat.com\/pt\/wp-content\/uploads\/\u6bd4\u8868\u9762\u7a4d-English.jpg\" alt=\"unique formaldehyde removal technology\" class=\"wp-image-1094\" style=\"width:898px;height:511px\" srcset=\"https:\/\/moldefeat.com\/pt\/wp-content\/uploads\/\u6bd4\u8868\u9762\u7a4d-English.jpg 970w, https:\/\/moldefeat.com\/pt\/wp-content\/uploads\/\u6bd4\u8868\u9762\u7a4d-English-600x341.jpg 600w, https:\/\/moldefeat.com\/pt\/wp-content\/uploads\/\u6bd4\u8868\u9762\u7a4d-English-768x437.jpg 768w\" sizes=\"auto, (max-width: 970px) 100vw, 970px\" \/><\/figure>\n\n\n\n<p style=\"font-size:1.2rem\"><\/p>\n\n\n\n<p><\/p>\n\n\n\n<div class=\"wp-block-vk-blocks-button vk_button vk_button-color-custom vk_button-align-wide\"><a href=\"https:\/\/moldefeat.com\/pt\/remove-formaldehyde\/\" class=\"vk_button_link btn has-text-color is-style-outline has-vk-color-primary-color btn-lg\" role=\"button\" aria-pressed=\"true\" rel=\"noopener\"><div class=\"vk_button_link_caption\"><span class=\"vk_button_link_txt\">Ir para a p\u00e1gina do produto\u3000\u2192<\/span><\/div><\/a><\/div>\n","protected":false},"excerpt":{"rendered":"<p>Neste conte\u00fado, voc\u00ea pode aprender nossa pr\u00f3pria tecnologia de remo\u00e7\u00e3o de formalde\u00eddo e ver como ela funciona. [&hellip;]<\/p>\n","protected":false},"author":3,"featured_media":0,"parent":0,"menu_order":0,"comment_status":"closed","ping_status":"closed","template":"","meta":{"vkexunit_cta_each_option":"","footnotes":""},"class_list":["post-1089","page","type-page","status-publish","hentry"],"yoast_head":"<!-- This site is optimized with the Yoast SEO plugin v27.3 - https:\/\/yoast.com\/product\/yoast-seo-wordpress\/ -->\n<title>Como remover o formalde\u00eddo? - Agente redutor de emiss\u00e3o de formalde\u00eddo &quot;Moldefeat&quot;<\/title>\n<meta name=\"description\" content=\"Moldefeat possui um mecanismo \u00fanico de remo\u00e7\u00e3o de formalde\u00eddo.\" \/>\n<meta name=\"robots\" content=\"index, follow, max-snippet:-1, max-image-preview:large, max-video-preview:-1\" \/>\n<link rel=\"canonical\" href=\"https:\/\/moldefeat.com\/pt\/como-remover-formaldeido\/\" \/>\n<meta property=\"og:locale\" content=\"ja_JP\" \/>\n<meta property=\"og:type\" content=\"article\" \/>\n<meta property=\"og:title\" content=\"Como remover o formalde\u00eddo? - Agente redutor de emiss\u00e3o de formalde\u00eddo &quot;Moldefeat&quot;\" \/>\n<meta property=\"og:description\" content=\"Moldefeat possui um mecanismo \u00fanico de remo\u00e7\u00e3o de formalde\u00eddo.\" \/>\n<meta property=\"og:url\" content=\"https:\/\/moldefeat.com\/pt\/como-remover-formaldeido\/\" \/>\n<meta property=\"og:site_name\" content=\"Agente redutor de emiss\u00e3o de formalde\u00eddo &quot;Moldefeat&quot;\" \/>\n<meta property=\"article:publisher\" content=\"https:\/\/www.facebook.com\/marusyosangyo.inc\" \/>\n<meta property=\"article:modified_time\" content=\"2024-08-19T09:39:31+00:00\" \/>\n<meta name=\"twitter:card\" content=\"summary_large_image\" \/>\n<meta name=\"twitter:label1\" content=\"\u63a8\u5b9a\u8aad\u307f\u53d6\u308a\u6642\u9593\" \/>\n\t<meta name=\"twitter:data1\" content=\"5\u5206\" \/>\n<script type=\"application\/ld+json\" class=\"yoast-schema-graph\">{\"@context\":\"https:\\\/\\\/schema.org\",\"@graph\":[{\"@type\":\"WebPage\",\"@id\":\"https:\\\/\\\/moldefeat.com\\\/pt\\\/como-remover-formaldeido\\\/\",\"url\":\"https:\\\/\\\/moldefeat.com\\\/pt\\\/como-remover-formaldeido\\\/\",\"name\":\"Como remover o formalde\u00eddo? - Agente redutor de emiss\u00e3o de formalde\u00eddo &quot;Moldefeat&quot;\",\"isPartOf\":{\"@id\":\"https:\\\/\\\/moldefeat.com\\\/pt\\\/#website\"},\"datePublished\":\"2023-07-06T01:41:16+00:00\",\"dateModified\":\"2024-08-19T09:39:31+00:00\",\"description\":\"Moldefeat possui um mecanismo \u00fanico de remo\u00e7\u00e3o de formalde\u00eddo.\",\"breadcrumb\":{\"@id\":\"https:\\\/\\\/moldefeat.com\\\/pt\\\/como-remover-formaldeido\\\/#breadcrumb\"},\"inLanguage\":\"ja\",\"potentialAction\":[{\"@type\":\"ReadAction\",\"target\":[\"https:\\\/\\\/moldefeat.com\\\/pt\\\/como-remover-formaldeido\\\/\"]}]},{\"@type\":\"BreadcrumbList\",\"@id\":\"https:\\\/\\\/moldefeat.com\\\/pt\\\/como-remover-formaldeido\\\/#breadcrumb\",\"itemListElement\":[{\"@type\":\"ListItem\",\"position\":1,\"name\":\"Home\",\"item\":\"https:\\\/\\\/moldefeat.com\\\/pt\\\/\"},{\"@type\":\"ListItem\",\"position\":2,\"name\":\"Como remover o formalde\u00eddo?\"}]},{\"@type\":\"WebSite\",\"@id\":\"https:\\\/\\\/moldefeat.com\\\/pt\\\/#website\",\"url\":\"https:\\\/\\\/moldefeat.com\\\/pt\\\/\",\"name\":\"Agente redutor de emiss\u00e3o de formalde\u00eddo &quot;Moldefeat&quot;\",\"description\":\"Agente de revestimento removedor de formalde\u00eddo\",\"publisher\":{\"@id\":\"https:\\\/\\\/moldefeat.com\\\/pt\\\/#organization\"},\"potentialAction\":[{\"@type\":\"SearchAction\",\"target\":{\"@type\":\"EntryPoint\",\"urlTemplate\":\"https:\\\/\\\/moldefeat.com\\\/pt\\\/?s={search_term_string}\"},\"query-input\":{\"@type\":\"PropertyValueSpecification\",\"valueRequired\":true,\"valueName\":\"search_term_string\"}}],\"inLanguage\":\"ja\"},{\"@type\":\"Organization\",\"@id\":\"https:\\\/\\\/moldefeat.com\\\/pt\\\/#organization\",\"name\":\"MARUSYOSANGYO CO.,LTD.\",\"url\":\"https:\\\/\\\/moldefeat.com\\\/pt\\\/\",\"logo\":{\"@type\":\"ImageObject\",\"inLanguage\":\"ja\",\"@id\":\"https:\\\/\\\/moldefeat.com\\\/pt\\\/#\\\/schema\\\/logo\\\/image\\\/\",\"url\":\"http:\\\/\\\/odor.marusyosangyo.com\\\/en\\\/wp-content\\\/uploads\\\/logo1.png\",\"contentUrl\":\"http:\\\/\\\/odor.marusyosangyo.com\\\/en\\\/wp-content\\\/uploads\\\/logo1.png\",\"width\":271,\"height\":44,\"caption\":\"MARUSYOSANGYO CO.,LTD.\"},\"image\":{\"@id\":\"https:\\\/\\\/moldefeat.com\\\/pt\\\/#\\\/schema\\\/logo\\\/image\\\/\"},\"sameAs\":[\"https:\\\/\\\/www.facebook.com\\\/marusyosangyo.inc\"]}]}<\/script>\n<!-- \/ Yoast SEO plugin. -->","yoast_head_json":{"title":"Como remover o formalde\u00eddo? - Agente redutor de emiss\u00e3o de formalde\u00eddo &quot;Moldefeat&quot;","description":"Moldefeat possui um mecanismo \u00fanico de remo\u00e7\u00e3o de formalde\u00eddo.","robots":{"index":"index","follow":"follow","max-snippet":"max-snippet:-1","max-image-preview":"max-image-preview:large","max-video-preview":"max-video-preview:-1"},"canonical":"https:\/\/moldefeat.com\/pt\/como-remover-formaldeido\/","og_locale":"ja_JP","og_type":"article","og_title":"Como remover o formalde\u00eddo? - Agente redutor de emiss\u00e3o de formalde\u00eddo &quot;Moldefeat&quot;","og_description":"Moldefeat possui um mecanismo \u00fanico de remo\u00e7\u00e3o de formalde\u00eddo.","og_url":"https:\/\/moldefeat.com\/pt\/como-remover-formaldeido\/","og_site_name":"Agente redutor de emiss\u00e3o de formalde\u00eddo &quot;Moldefeat&quot;","article_publisher":"https:\/\/www.facebook.com\/marusyosangyo.inc","article_modified_time":"2024-08-19T09:39:31+00:00","twitter_card":"summary_large_image","twitter_misc":{"\u63a8\u5b9a\u8aad\u307f\u53d6\u308a\u6642\u9593":"5\u5206"},"schema":{"@context":"https:\/\/schema.org","@graph":[{"@type":"WebPage","@id":"https:\/\/moldefeat.com\/pt\/como-remover-formaldeido\/","url":"https:\/\/moldefeat.com\/pt\/como-remover-formaldeido\/","name":"Como remover o formalde\u00eddo? - Agente redutor de emiss\u00e3o de formalde\u00eddo &quot;Moldefeat&quot;","isPartOf":{"@id":"https:\/\/moldefeat.com\/pt\/#website"},"datePublished":"2023-07-06T01:41:16+00:00","dateModified":"2024-08-19T09:39:31+00:00","description":"Moldefeat possui um mecanismo \u00fanico de remo\u00e7\u00e3o de formalde\u00eddo.","breadcrumb":{"@id":"https:\/\/moldefeat.com\/pt\/como-remover-formaldeido\/#breadcrumb"},"inLanguage":"ja","potentialAction":[{"@type":"ReadAction","target":["https:\/\/moldefeat.com\/pt\/como-remover-formaldeido\/"]}]},{"@type":"BreadcrumbList","@id":"https:\/\/moldefeat.com\/pt\/como-remover-formaldeido\/#breadcrumb","itemListElement":[{"@type":"ListItem","position":1,"name":"Home","item":"https:\/\/moldefeat.com\/pt\/"},{"@type":"ListItem","position":2,"name":"Como remover o formalde\u00eddo?"}]},{"@type":"WebSite","@id":"https:\/\/moldefeat.com\/pt\/#website","url":"https:\/\/moldefeat.com\/pt\/","name":"Agente redutor de emiss\u00e3o de formalde\u00eddo &quot;Moldefeat&quot;","description":"Agente de revestimento removedor de formalde\u00eddo","publisher":{"@id":"https:\/\/moldefeat.com\/pt\/#organization"},"potentialAction":[{"@type":"SearchAction","target":{"@type":"EntryPoint","urlTemplate":"https:\/\/moldefeat.com\/pt\/?s={search_term_string}"},"query-input":{"@type":"PropertyValueSpecification","valueRequired":true,"valueName":"search_term_string"}}],"inLanguage":"ja"},{"@type":"Organization","@id":"https:\/\/moldefeat.com\/pt\/#organization","name":"MARUSYOSANGYO CO.,LTD.","url":"https:\/\/moldefeat.com\/pt\/","logo":{"@type":"ImageObject","inLanguage":"ja","@id":"https:\/\/moldefeat.com\/pt\/#\/schema\/logo\/image\/","url":"http:\/\/odor.marusyosangyo.com\/en\/wp-content\/uploads\/logo1.png","contentUrl":"http:\/\/odor.marusyosangyo.com\/en\/wp-content\/uploads\/logo1.png","width":271,"height":44,"caption":"MARUSYOSANGYO CO.,LTD."},"image":{"@id":"https:\/\/moldefeat.com\/pt\/#\/schema\/logo\/image\/"},"sameAs":["https:\/\/www.facebook.com\/marusyosangyo.inc"]}]}},"_links":{"self":[{"href":"https:\/\/moldefeat.com\/pt\/wp-json\/wp\/v2\/pages\/1089","targetHints":{"allow":["GET"]}}],"collection":[{"href":"https:\/\/moldefeat.com\/pt\/wp-json\/wp\/v2\/pages"}],"about":[{"href":"https:\/\/moldefeat.com\/pt\/wp-json\/wp\/v2\/types\/page"}],"author":[{"embeddable":true,"href":"https:\/\/moldefeat.com\/pt\/wp-json\/wp\/v2\/users\/3"}],"replies":[{"embeddable":true,"href":"https:\/\/moldefeat.com\/pt\/wp-json\/wp\/v2\/comments?post=1089"}],"version-history":[{"count":13,"href":"https:\/\/moldefeat.com\/pt\/wp-json\/wp\/v2\/pages\/1089\/revisions"}],"predecessor-version":[{"id":1300,"href":"https:\/\/moldefeat.com\/pt\/wp-json\/wp\/v2\/pages\/1089\/revisions\/1300"}],"wp:attachment":[{"href":"https:\/\/moldefeat.com\/pt\/wp-json\/wp\/v2\/media?parent=1089"}],"curies":[{"name":"wp","href":"https:\/\/api.w.org\/{rel}","templated":true}]}}