{"id":1053,"date":"2023-07-06T10:51:51","date_gmt":"2023-07-06T01:51:51","guid":{"rendered":"https:\/\/moldefeat.com\/en\/?page_id=1053"},"modified":"2024-12-10T18:18:17","modified_gmt":"2024-12-10T09:18:17","slug":"home","status":"publish","type":"page","link":"https:\/\/moldefeat.com\/pt\/","title":{"rendered":"LAR"},"content":{"rendered":"\n<div class=\"wp-block-cover alignfull is-light\"><span aria-hidden=\"true\" class=\"wp-block-cover__background has-white-background-color has-background-dim-60 has-background-dim\"><\/span><img loading=\"lazy\" decoding=\"async\" width=\"600\" height=\"300\" class=\"wp-block-cover__image-background wp-image-1054\" alt=\"\" src=\"https:\/\/moldefeat.com\/pt\/wp-content\/uploads\/\uff11\u6bb5\u843d\u76ee\u80cc\u666f\u753b\u50cf2.jpg\" data-object-fit=\"cover\"\/><div class=\"wp-block-cover__inner-container is-layout-flow wp-block-cover-is-layout-flow\">\n<h1 class=\"wp-block-heading has-text-align-center\">Leva a um mundo saud\u00e1vel<\/h1>\n\n\n\n<p class=\"has-text-align-center\" style=\"font-size:1.2rem\">Em fevereiro de 2006. Conseguimos desenvolver um revestimento para remo\u00e7\u00e3o de formalde\u00eddo - MOLDEFEAT. Nosso primeiro cliente vinha sofrendo h\u00e1 muito tempo com a s\u00edndrome do edif\u00edcio doente e problemas de sa\u00fade devido \u00e0s emiss\u00f5es de g\u00e1s de formalde\u00eddo em ambientes fechados, e MOLDEFEAT era a solu\u00e7\u00e3o perfeita para eles.<\/p>\n\n\n\n<p class=\"has-text-align-center\" style=\"font-size:1.2rem\">Continuamos a fornecer MOLDEFEAT em todo o mundo e nos esfor\u00e7amos para proteger contra danos \u00e0 sa\u00fade causados pela emiss\u00e3o de formalde\u00eddo.<\/p>\n\n\n\n<div class=\"wp-block-vk-blocks-button vk_button vk_button-color-custom vk_button-align-wide\"><a href=\"https:\/\/moldefeat.com\/pt\/sickbuildingsyndrome\/\" class=\"vk_button_link btn has-text-color is-style-outline has-vivid-cyan-blue-color btn-lg\" role=\"button\" aria-pressed=\"true\" rel=\"noopener\"><div class=\"vk_button_link_caption\"><span class=\"vk_button_link_txt\">O que \u00e9 a s\u00edndrome do edif\u00edcio doente?<\/span><\/div><\/a><\/div>\n<\/div><\/div>\n\n\n\n<p><\/p>\n\n\n\n<h2 class=\"wp-block-heading has-text-align-center has-white-background-color has-background\">Efeito de remo\u00e7\u00e3o r\u00e1pido e melhor de formalde\u00eddo<\/h2>\n\n\n\n<div class=\"wp-block-columns is-layout-flex wp-container-core-columns-is-layout-9d6595d7 wp-block-columns-is-layout-flex\">\n<div class=\"wp-block-column is-layout-flow wp-block-column-is-layout-flow\">\n<p class=\"has-text-align-left\" style=\"font-size:1.2rem\">Existem muitos produtos de remo\u00e7\u00e3o de formalde\u00eddo no mundo. No entanto, a maioria dos produtos n\u00e3o apresenta efeito suficiente no ponto de efeito duradouro e r\u00e1pido.<\/p>\n\n\n\n<p class=\"has-text-align-left\" style=\"font-size:1.2rem\">Moldefeat, um revestimento para remo\u00e7\u00e3o de formalde\u00eddo, superou com sucesso os desafios t\u00e9cnicos de alcan\u00e7ar efic\u00e1cia imediata e efic\u00e1cia a longo prazo atrav\u00e9s de sua inova\u00e7\u00e3o tecnol\u00f3gica propriet\u00e1ria.<\/p>\n\n\n\n<p style=\"font-size:1.2rem\">Isso significa que MOLDEFEAT pode resolver seus problemas de sa\u00fade da s\u00edndrome do edif\u00edcio doente.<\/p>\n\n\n\n<div class=\"wp-block-vk-blocks-button vk_button vk_button-color-custom vk_button-align-block\"><a href=\"https:\/\/moldefeat.com\/pt\/remove-formaldehyde\/\" class=\"vk_button_link btn has-text-color is-style-outline has-vivid-cyan-blue-color btn-lg btn-block\" role=\"button\" aria-pressed=\"true\" rel=\"noopener\"><div class=\"vk_button_link_caption\"><span class=\"vk_button_link_txt\">Caracter\u00edstica do Moldefeat<\/span><\/div><\/a><\/div>\n<\/div>\n\n\n\n<div class=\"wp-block-column is-layout-flow wp-block-column-is-layout-flow\">\n<figure class=\"wp-block-image size-full\"><img loading=\"lazy\" decoding=\"async\" width=\"640\" height=\"414\" src=\"https:\/\/moldefeat.com\/pt\/wp-content\/uploads\/living-room-modern-tv-gfd811cf02_640.jpg\" alt=\"No more formaldehyde\" class=\"wp-image-1162\" srcset=\"https:\/\/moldefeat.com\/pt\/wp-content\/uploads\/living-room-modern-tv-gfd811cf02_640.jpg 640w, https:\/\/moldefeat.com\/pt\/wp-content\/uploads\/living-room-modern-tv-gfd811cf02_640-600x388.jpg 600w\" sizes=\"auto, (max-width: 640px) 100vw, 640px\" \/><\/figure>\n<\/div>\n<\/div>\n\n\n\n<div style=\"height:50px\" aria-hidden=\"true\" class=\"wp-block-spacer\"><\/div>\n\n\n\n<h2 class=\"wp-block-heading has-text-align-center\">Apenas uma tecnologia do Jap\u00e3o <\/h2>\n\n\n\n<div class=\"wp-block-columns is-layout-flex wp-container-core-columns-is-layout-9d6595d7 wp-block-columns-is-layout-flex\">\n<div class=\"wp-block-column is-layout-flow wp-block-column-is-layout-flow\">\n<div class=\"wp-block-columns is-layout-flex wp-container-core-columns-is-layout-9d6595d7 wp-block-columns-is-layout-flex\">\n<div class=\"wp-block-column is-layout-flow wp-block-column-is-layout-flow\" style=\"flex-basis:550px\">\n<h3 class=\"wp-block-heading\">Por que voc\u00ea n\u00e3o usa MOLDEFEAT?<\/h3>\n\n\n\n<p style=\"font-size:1.2rem\">A maior caracter\u00edstica do MOLDEFEAT \u00e9 a sua pr\u00f3pria estrutura tecnol\u00f3gica.<\/p>\n\n\n\n<p style=\"font-size:1.2rem\">O componente real que remove o formalde\u00eddo difundido em ambientes fechados \u00e9 uma subst\u00e2ncia chamada \u201cS\u00edlica\u201d.<\/p>\n\n\n\n<p style=\"font-size:1.2rem\">\u00c0 primeira vista, o MOLDEFEAT pode parecer apenas um l\u00edquido. No entanto, quando voc\u00ea amplia a superf\u00edcie aplicada, o componente de s\u00edlica assume a forma semelhante a agulhas cristalinas extremamente finas.<\/p>\n\n\n\n<p style=\"font-size:1.2rem\">Al\u00e9m disso, estas finas agulhas cristalinas cobrem muito densamente toda a superf\u00edcie revestida.<\/p>\n\n\n\n<h3 class=\"wp-block-heading\">O segredo do MOLDEFEAT<\/h3>\n\n\n\n<p style=\"font-size:1.2rem\">Voc\u00ea pode imaginar quantas s\u00edlicas se formam com apenas um spray\uff1f\uff1f\uff1f<br>A resposta \u00e9\u30fb\u30fb\u30fb<\/p>\n\n\n\n<p class=\"has-large-font-size\"><strong>400 milh\u00f5es de acicula\/c\u33a1<\/strong><\/p>\n\n\n\n<p style=\"font-size:1.2rem\">Cada componente individual de s\u00edlica \u00e9 firmemente e completamente adsorvido com formalde\u00eddo.<\/p>\n\n\n\n<p style=\"font-size:1.2rem\"><strong>Esta tecnologia \u00e9 a raz\u00e3o pela qual o formalde\u00eddo \u00e9 removido de forma instant\u00e2nea e eficaz.<\/strong><\/p>\n\n\n\n<p style=\"font-size:1.2rem\">Somente a MOLDEFEAT pode criar esta tecnologia estrutural.<\/p>\n<\/div>\n\n\n\n<div class=\"wp-block-column is-layout-flow wp-block-column-is-layout-flow\">\n<div class=\"wp-block-columns is-layout-flex wp-container-core-columns-is-layout-9d6595d7 wp-block-columns-is-layout-flex\">\n<div class=\"wp-block-column is-layout-flow wp-block-column-is-layout-flow\"><div class=\"wp-block-image\">\n<figure class=\"alignleft size-full\"><img loading=\"lazy\" decoding=\"async\" width=\"600\" height=\"450\" src=\"https:\/\/moldefeat.com\/pt\/wp-content\/uploads\/\u7d50\u6676\u91dd1.jpg\" alt=\"Image photos: Expanding coated surface.\" class=\"wp-image-1138\"\/><figcaption class=\"wp-element-caption\">Fotos da imagem: Superf\u00edcie revestida em expans\u00e3o.<\/figcaption><\/figure>\n<\/div><\/div>\n<\/div>\n\n\n\n<div class=\"wp-block-columns are-vertically-aligned-center is-layout-flex wp-container-core-columns-is-layout-9d6595d7 wp-block-columns-is-layout-flex\">\n<div class=\"wp-block-column is-vertically-aligned-center is-layout-flow wp-block-column-is-layout-flow\" style=\"flex-basis:450px\"><\/div>\n<\/div>\n<\/div>\n<\/div>\n<\/div>\n<\/div>\n\n\n\n<div class=\"wp-block-vk-blocks-button vk_button vk_button-color-custom vk_button-align-wide\"><a href=\"https:\/\/moldefeat.com\/pt\/como-remover-formaldeido\/\" class=\"vk_button_link btn has-text-color is-style-outline has-vivid-cyan-blue-color btn-lg\" role=\"button\" aria-pressed=\"true\" rel=\"noopener\"><div class=\"vk_button_link_caption\"><span class=\"vk_button_link_txt\">Mais detalhes sobre tecnologia<\/span><\/div><\/a><\/div>\n\n\n\n<div style=\"height:53px\" aria-hidden=\"true\" class=\"wp-block-spacer\"><\/div>\n\n\n\n<h2 class=\"wp-block-heading has-text-align-center\">SEGURAN\u00c7A e CONFIABILIDADE<\/h2>\n\n\n\n<div class=\"wp-block-columns is-layout-flex wp-container-core-columns-is-layout-9d6595d7 wp-block-columns-is-layout-flex\">\n<div class=\"wp-block-column is-layout-flow wp-block-column-is-layout-flow\">\n<p style=\"font-size:1.2rem\"><strong>\u2460Seguran\u00e7a<\/strong><br>A seguran\u00e7a do \"Moldefeat\" foi confirmada atrav\u00e9s de testes de toxicidade. Tamb\u00e9m verificamos a aus\u00eancia de subst\u00e2ncias t\u00f3xicas atrav\u00e9s de an\u00e1lises no Laborat\u00f3rio de Pesquisa Alimentar do Jap\u00e3o.<br><\/p>\n<\/div>\n\n\n\n<div class=\"wp-block-column is-layout-flow wp-block-column-is-layout-flow\">\n<p style=\"font-size:1.2rem\"><strong>\u2461Confiabilidade<\/strong><br>Moldefeat passou com sucesso em rigorosas avalia\u00e7\u00f5es de qualidade e produtos conduzidas pela Organiza\u00e7\u00e3o das Na\u00e7\u00f5es Unidas para o Desenvolvimento Industrial (UNIDO) e foi registrado no \"STePP\" * da UNIDO em setembro de 2022 como uma prova de seus produtos de excel\u00eancia.<\/p>\n\n\n\n<p style=\"font-size:1.2rem\">*STePP: Significa \"Plataforma de Promo\u00e7\u00e3o de Tecnologia Sustent\u00e1vel\", serve como uma plataforma para promover v\u00e1rias tecnologias japonesas excepcionais para apoiar o desenvolvimento industrial sustent\u00e1vel em pa\u00edses em desenvolvimento e emergentes.<\/p>\n<\/div>\n<\/div>\n\n\n\n<div class=\"wp-block-columns is-layout-flex wp-container-core-columns-is-layout-9d6595d7 wp-block-columns-is-layout-flex\">\n<div class=\"wp-block-column is-layout-flow wp-block-column-is-layout-flow\" style=\"flex-basis:100%\">\n<p style=\"font-size:1.2rem\"><\/p>\n\n\n\n<div class=\"wp-block-columns is-layout-flex wp-container-core-columns-is-layout-9d6595d7 wp-block-columns-is-layout-flex\">\n<div class=\"wp-block-column is-layout-flow wp-block-column-is-layout-flow\">\n<figure class=\"wp-block-image size-full is-resized\"><img decoding=\"async\" src=\"https:\/\/moldefeat.com\/wp-content\/uploads\/\u98df\u54c1\u5bb9\u5668\u8a66\u9a13.png\" alt=\"\" class=\"wp-image-804\"\/><\/figure>\n<\/div>\n\n\n\n<div class=\"wp-block-column is-layout-flow wp-block-column-is-layout-flow\">\n<figure class=\"wp-block-image size-full is-resized is-style-default\"><a href=\"http:\/\/www.unido.or.jp\/en\/technology_db\/10566\/\" target=\"_blank\" rel=\"noreferrer noopener\"><img decoding=\"async\" src=\"https:\/\/moldefeat.com\/wp-content\/uploads\/STePP-e1664778484133.jpg\" alt=\"UNIDO ITPO TOKYO STePP\" class=\"wp-image-449\"\/><\/a><\/figure>\n\n\n\n<p><\/p>\n\n\n\n<div class=\"wp-block-vk-blocks-button vk_button vk_button-color-custom vk_button-align-block\"><a href=\"https:\/\/itpo-tokyo.unido.org\/en\/technology_db\/10566\/\" class=\"vk_button_link btn has-text-color is-style-outline has-vivid-cyan-blue-color btn-lg btn-block\" role=\"button\" aria-pressed=\"true\" target=\"_blank\" rel=\"noopener\"><div class=\"vk_button_link_caption\"><span class=\"vk_button_link_txt\">Site: STePP (p\u00e1gina do produto)<\/span><\/div><\/a><\/div>\n<\/div>\n<\/div>\n<\/div>\n<\/div>\n\n\n\n<p><\/p>\n\n\n\n<h2 class=\"wp-block-heading has-text-align-center\">Remova o formalde\u00eddo de quaisquer produtos ou locais<\/h2>\n\n\n\n<div class=\"wp-block-group is-content-justification-center is-nowrap is-layout-flex wp-container-core-group-is-layout-94bc23d7 wp-block-group-is-layout-flex\">\n<figure class=\"wp-block-image size-full\"><img loading=\"lazy\" decoding=\"async\" width=\"447\" height=\"302\" src=\"https:\/\/moldefeat.com\/pt\/wp-content\/uploads\/Living-room.TOP_.jpg\" alt=\"\" class=\"wp-image-1166\"\/><\/figure>\n\n\n\n<figure class=\"wp-block-image size-full\"><img loading=\"lazy\" decoding=\"async\" width=\"447\" height=\"302\" src=\"https:\/\/moldefeat.com\/pt\/wp-content\/uploads\/\u5408\u677f\u5de5\u5834.jpg\" alt=\"Plywood manufacturer\" class=\"wp-image-1164\"\/><\/figure>\n<\/div>\n\n\n\n<p><\/p>\n\n\n\n<p style=\"font-size:1.2rem\">Voc\u00ea pode aplicar o Moldefeat diretamente em paredes internas, m\u00f3veis ou implement\u00e1-lo nos fabricantes de compensados ou m\u00f3veis de madeira no processamento de produ\u00e7\u00e3o.<\/p>\n\n\n\n<div class=\"wp-block-vk-blocks-button vk_button vk_button-color-custom vk_button-align-wide\"><a href=\"https:\/\/moldefeat.com\/pt\/application\/\" class=\"vk_button_link btn has-text-color is-style-outline has-vivid-cyan-blue-color btn-lg\" role=\"button\" aria-pressed=\"true\" rel=\"noopener\"><div class=\"vk_button_link_caption\"><span class=\"vk_button_link_txt\">V\u00e1 para a p\u00e1gina do aplicativo\u3000\u2192<\/span><\/div><\/a><\/div>\n\n\n\n<div style=\"height:59px\" aria-hidden=\"true\" class=\"wp-block-spacer\"><\/div>\n\n\n\n<h2 class=\"wp-block-heading has-text-align-center\">Somos o parceiro confi\u00e1vel para contramedidas de formalde\u00eddo\uff01<\/h2>\n\n\n\n<p class=\"has-text-align-center\" style=\"font-size:1.2rem\">\"Moldefeat\" nasceu ap\u00f3s um longo per\u00edodo de pesquisa e desenvolvimento.<\/p>\n\n\n\n<p class=\"has-text-align-center\" style=\"font-size:1.2rem\">\"Recupere sua sa\u00fade!!\" - Gostar\u00edamos de proporcionar vida normal e sa\u00fade \u00e0s pessoas de todo o mundo atrav\u00e9s do Moldefeat. N\u00e3o hesite em contactar-nos primeiro!<\/p>\n\n\n\n<div class=\"wp-block-vk-blocks-button vk_button vk_button-color-custom vk_button-align-wide\"><a href=\"https:\/\/moldefeat.com\/pt\/inquiry\/\" class=\"vk_button_link btn has-text-color is-style-outline has-vivid-cyan-blue-color btn-lg\" role=\"button\" aria-pressed=\"true\" rel=\"noopener\"><div class=\"vk_button_link_caption\"><span class=\"vk_button_link_txt\">Contate-nos<\/span><\/div><\/a><\/div>\n\n\n\n<p><\/p>\n\n\n\n<p><a href=\"https:\/\/moldefeat.com\/inquiry\/\"><\/a><\/p>\n\n\n\n<p><\/p>\n","protected":false},"excerpt":{"rendered":"<p>Efeito de remo\u00e7\u00e3o r\u00e1pido e melhor de formalde\u00eddo Existem muitos produtos de remo\u00e7\u00e3o de formalde\u00eddo no mundo. N [&hellip;]<\/p>\n","protected":false},"author":3,"featured_media":0,"parent":0,"menu_order":0,"comment_status":"closed","ping_status":"closed","template":"","meta":{"vkexunit_cta_each_option":"","footnotes":""},"class_list":["post-1053","page","type-page","status-publish","hentry"],"yoast_head":"<!-- This site is optimized with the Yoast SEO plugin v27.3 - https:\/\/yoast.com\/product\/yoast-seo-wordpress\/ -->\n<title>LAR - Agente redutor de emiss\u00e3o de formalde\u00eddo &quot;Moldefeat&quot;<\/title>\n<meta name=\"description\" content=\"Moldefeat \u00e9 o \u00fanico produto que pode remover o formalde\u00eddo de forma muito r\u00e1pida e eficaz.\" \/>\n<meta name=\"robots\" content=\"index, follow, max-snippet:-1, max-image-preview:large, max-video-preview:-1\" \/>\n<link rel=\"canonical\" href=\"https:\/\/moldefeat.com\/pt\/\" \/>\n<meta property=\"og:locale\" content=\"ja_JP\" \/>\n<meta property=\"og:type\" content=\"article\" \/>\n<meta property=\"og:title\" content=\"LAR - Agente redutor de emiss\u00e3o de formalde\u00eddo &quot;Moldefeat&quot;\" \/>\n<meta property=\"og:description\" content=\"Moldefeat \u00e9 o \u00fanico produto que pode remover o formalde\u00eddo de forma muito r\u00e1pida e eficaz.\" \/>\n<meta property=\"og:url\" content=\"https:\/\/moldefeat.com\/pt\/\" \/>\n<meta property=\"og:site_name\" content=\"Agente redutor de emiss\u00e3o de formalde\u00eddo &quot;Moldefeat&quot;\" \/>\n<meta property=\"article:publisher\" content=\"https:\/\/www.facebook.com\/marusyosangyo.inc\" \/>\n<meta property=\"article:modified_time\" content=\"2024-12-10T09:18:17+00:00\" \/>\n<meta property=\"og:image\" content=\"https:\/\/moldefeat.com\/pt\/wp-content\/uploads\/living-room-modern-tv-gfd811cf02_640.jpg\" \/>\n<meta name=\"twitter:card\" content=\"summary_large_image\" \/>\n<meta name=\"twitter:label1\" content=\"\u63a8\u5b9a\u8aad\u307f\u53d6\u308a\u6642\u9593\" \/>\n\t<meta name=\"twitter:data1\" content=\"10\u5206\" \/>\n<script type=\"application\/ld+json\" class=\"yoast-schema-graph\">{\"@context\":\"https:\\\/\\\/schema.org\",\"@graph\":[{\"@type\":\"WebPage\",\"@id\":\"https:\\\/\\\/moldefeat.com\\\/pt\\\/\",\"url\":\"https:\\\/\\\/moldefeat.com\\\/pt\\\/\",\"name\":\"LAR - Agente redutor de emiss\u00e3o de formalde\u00eddo &quot;Moldefeat&quot;\",\"isPartOf\":{\"@id\":\"https:\\\/\\\/moldefeat.com\\\/pt\\\/#website\"},\"primaryImageOfPage\":{\"@id\":\"https:\\\/\\\/moldefeat.com\\\/pt\\\/#primaryimage\"},\"image\":{\"@id\":\"https:\\\/\\\/moldefeat.com\\\/pt\\\/#primaryimage\"},\"thumbnailUrl\":\"https:\\\/\\\/moldefeat.com\\\/pt\\\/wp-content\\\/uploads\\\/living-room-modern-tv-gfd811cf02_640.jpg\",\"datePublished\":\"2023-07-06T01:51:51+00:00\",\"dateModified\":\"2024-12-10T09:18:17+00:00\",\"description\":\"Moldefeat \u00e9 o \u00fanico produto que pode remover o formalde\u00eddo de forma muito r\u00e1pida e eficaz.\",\"breadcrumb\":{\"@id\":\"https:\\\/\\\/moldefeat.com\\\/pt\\\/#breadcrumb\"},\"inLanguage\":\"ja\",\"potentialAction\":[{\"@type\":\"ReadAction\",\"target\":[\"https:\\\/\\\/moldefeat.com\\\/pt\\\/\"]}]},{\"@type\":\"ImageObject\",\"inLanguage\":\"ja\",\"@id\":\"https:\\\/\\\/moldefeat.com\\\/pt\\\/#primaryimage\",\"url\":\"https:\\\/\\\/moldefeat.com\\\/pt\\\/wp-content\\\/uploads\\\/living-room-modern-tv-gfd811cf02_640.jpg\",\"contentUrl\":\"https:\\\/\\\/moldefeat.com\\\/pt\\\/wp-content\\\/uploads\\\/living-room-modern-tv-gfd811cf02_640.jpg\",\"width\":640,\"height\":414,\"caption\":\"No more formaldehyde\"},{\"@type\":\"BreadcrumbList\",\"@id\":\"https:\\\/\\\/moldefeat.com\\\/pt\\\/#breadcrumb\",\"itemListElement\":[{\"@type\":\"ListItem\",\"position\":1,\"name\":\"Home\",\"item\":\"https:\\\/\\\/moldefeat.com\\\/pt\\\/\"},{\"@type\":\"ListItem\",\"position\":2,\"name\":\"LAR\"}]},{\"@type\":\"WebSite\",\"@id\":\"https:\\\/\\\/moldefeat.com\\\/pt\\\/#website\",\"url\":\"https:\\\/\\\/moldefeat.com\\\/pt\\\/\",\"name\":\"Agente redutor de emiss\u00e3o de formalde\u00eddo &quot;Moldefeat&quot;\",\"description\":\"Agente de revestimento removedor de formalde\u00eddo\",\"publisher\":{\"@id\":\"https:\\\/\\\/moldefeat.com\\\/pt\\\/#organization\"},\"potentialAction\":[{\"@type\":\"SearchAction\",\"target\":{\"@type\":\"EntryPoint\",\"urlTemplate\":\"https:\\\/\\\/moldefeat.com\\\/pt\\\/?s={search_term_string}\"},\"query-input\":{\"@type\":\"PropertyValueSpecification\",\"valueRequired\":true,\"valueName\":\"search_term_string\"}}],\"inLanguage\":\"ja\"},{\"@type\":\"Organization\",\"@id\":\"https:\\\/\\\/moldefeat.com\\\/pt\\\/#organization\",\"name\":\"MARUSYOSANGYO CO.,LTD.\",\"url\":\"https:\\\/\\\/moldefeat.com\\\/pt\\\/\",\"logo\":{\"@type\":\"ImageObject\",\"inLanguage\":\"ja\",\"@id\":\"https:\\\/\\\/moldefeat.com\\\/pt\\\/#\\\/schema\\\/logo\\\/image\\\/\",\"url\":\"http:\\\/\\\/odor.marusyosangyo.com\\\/en\\\/wp-content\\\/uploads\\\/logo1.png\",\"contentUrl\":\"http:\\\/\\\/odor.marusyosangyo.com\\\/en\\\/wp-content\\\/uploads\\\/logo1.png\",\"width\":271,\"height\":44,\"caption\":\"MARUSYOSANGYO CO.,LTD.\"},\"image\":{\"@id\":\"https:\\\/\\\/moldefeat.com\\\/pt\\\/#\\\/schema\\\/logo\\\/image\\\/\"},\"sameAs\":[\"https:\\\/\\\/www.facebook.com\\\/marusyosangyo.inc\"]}]}<\/script>\n<!-- \/ Yoast SEO plugin. -->","yoast_head_json":{"title":"LAR - Agente redutor de emiss\u00e3o de formalde\u00eddo &quot;Moldefeat&quot;","description":"Moldefeat \u00e9 o \u00fanico produto que pode remover o formalde\u00eddo de forma muito r\u00e1pida e eficaz.","robots":{"index":"index","follow":"follow","max-snippet":"max-snippet:-1","max-image-preview":"max-image-preview:large","max-video-preview":"max-video-preview:-1"},"canonical":"https:\/\/moldefeat.com\/pt\/","og_locale":"ja_JP","og_type":"article","og_title":"LAR - Agente redutor de emiss\u00e3o de formalde\u00eddo &quot;Moldefeat&quot;","og_description":"Moldefeat \u00e9 o \u00fanico produto que pode remover o formalde\u00eddo de forma muito r\u00e1pida e eficaz.","og_url":"https:\/\/moldefeat.com\/pt\/","og_site_name":"Agente redutor de emiss\u00e3o de formalde\u00eddo &quot;Moldefeat&quot;","article_publisher":"https:\/\/www.facebook.com\/marusyosangyo.inc","article_modified_time":"2024-12-10T09:18:17+00:00","og_image":[{"url":"https:\/\/moldefeat.com\/pt\/wp-content\/uploads\/living-room-modern-tv-gfd811cf02_640.jpg","type":"","width":"","height":""}],"twitter_card":"summary_large_image","twitter_misc":{"\u63a8\u5b9a\u8aad\u307f\u53d6\u308a\u6642\u9593":"10\u5206"},"schema":{"@context":"https:\/\/schema.org","@graph":[{"@type":"WebPage","@id":"https:\/\/moldefeat.com\/pt\/","url":"https:\/\/moldefeat.com\/pt\/","name":"LAR - Agente redutor de emiss\u00e3o de formalde\u00eddo &quot;Moldefeat&quot;","isPartOf":{"@id":"https:\/\/moldefeat.com\/pt\/#website"},"primaryImageOfPage":{"@id":"https:\/\/moldefeat.com\/pt\/#primaryimage"},"image":{"@id":"https:\/\/moldefeat.com\/pt\/#primaryimage"},"thumbnailUrl":"https:\/\/moldefeat.com\/pt\/wp-content\/uploads\/living-room-modern-tv-gfd811cf02_640.jpg","datePublished":"2023-07-06T01:51:51+00:00","dateModified":"2024-12-10T09:18:17+00:00","description":"Moldefeat \u00e9 o \u00fanico produto que pode remover o formalde\u00eddo de forma muito r\u00e1pida e eficaz.","breadcrumb":{"@id":"https:\/\/moldefeat.com\/pt\/#breadcrumb"},"inLanguage":"ja","potentialAction":[{"@type":"ReadAction","target":["https:\/\/moldefeat.com\/pt\/"]}]},{"@type":"ImageObject","inLanguage":"ja","@id":"https:\/\/moldefeat.com\/pt\/#primaryimage","url":"https:\/\/moldefeat.com\/pt\/wp-content\/uploads\/living-room-modern-tv-gfd811cf02_640.jpg","contentUrl":"https:\/\/moldefeat.com\/pt\/wp-content\/uploads\/living-room-modern-tv-gfd811cf02_640.jpg","width":640,"height":414,"caption":"No more formaldehyde"},{"@type":"BreadcrumbList","@id":"https:\/\/moldefeat.com\/pt\/#breadcrumb","itemListElement":[{"@type":"ListItem","position":1,"name":"Home","item":"https:\/\/moldefeat.com\/pt\/"},{"@type":"ListItem","position":2,"name":"LAR"}]},{"@type":"WebSite","@id":"https:\/\/moldefeat.com\/pt\/#website","url":"https:\/\/moldefeat.com\/pt\/","name":"Agente redutor de emiss\u00e3o de formalde\u00eddo &quot;Moldefeat&quot;","description":"Agente de revestimento removedor de formalde\u00eddo","publisher":{"@id":"https:\/\/moldefeat.com\/pt\/#organization"},"potentialAction":[{"@type":"SearchAction","target":{"@type":"EntryPoint","urlTemplate":"https:\/\/moldefeat.com\/pt\/?s={search_term_string}"},"query-input":{"@type":"PropertyValueSpecification","valueRequired":true,"valueName":"search_term_string"}}],"inLanguage":"ja"},{"@type":"Organization","@id":"https:\/\/moldefeat.com\/pt\/#organization","name":"MARUSYOSANGYO CO.,LTD.","url":"https:\/\/moldefeat.com\/pt\/","logo":{"@type":"ImageObject","inLanguage":"ja","@id":"https:\/\/moldefeat.com\/pt\/#\/schema\/logo\/image\/","url":"http:\/\/odor.marusyosangyo.com\/en\/wp-content\/uploads\/logo1.png","contentUrl":"http:\/\/odor.marusyosangyo.com\/en\/wp-content\/uploads\/logo1.png","width":271,"height":44,"caption":"MARUSYOSANGYO CO.,LTD."},"image":{"@id":"https:\/\/moldefeat.com\/pt\/#\/schema\/logo\/image\/"},"sameAs":["https:\/\/www.facebook.com\/marusyosangyo.inc"]}]}},"_links":{"self":[{"href":"https:\/\/moldefeat.com\/pt\/wp-json\/wp\/v2\/pages\/1053","targetHints":{"allow":["GET"]}}],"collection":[{"href":"https:\/\/moldefeat.com\/pt\/wp-json\/wp\/v2\/pages"}],"about":[{"href":"https:\/\/moldefeat.com\/pt\/wp-json\/wp\/v2\/types\/page"}],"author":[{"embeddable":true,"href":"https:\/\/moldefeat.com\/pt\/wp-json\/wp\/v2\/users\/3"}],"replies":[{"embeddable":true,"href":"https:\/\/moldefeat.com\/pt\/wp-json\/wp\/v2\/comments?post=1053"}],"version-history":[{"count":52,"href":"https:\/\/moldefeat.com\/pt\/wp-json\/wp\/v2\/pages\/1053\/revisions"}],"predecessor-version":[{"id":1344,"href":"https:\/\/moldefeat.com\/pt\/wp-json\/wp\/v2\/pages\/1053\/revisions\/1344"}],"wp:attachment":[{"href":"https:\/\/moldefeat.com\/pt\/wp-json\/wp\/v2\/media?parent=1053"}],"curies":[{"name":"wp","href":"https:\/\/api.w.org\/{rel}","templated":true}]}}